{"id":1480,"date":"2025-07-29T06:03:36","date_gmt":"2025-07-29T06:03:36","guid":{"rendered":"https:\/\/hunter-optics.com\/?post_type=product&#038;p=1480"},"modified":"2025-07-29T06:15:45","modified_gmt":"2025-07-29T06:15:45","slug":"karminrot-spur-hardline-pro-6-24x50-ffp-moa-krank","status":"publish","type":"product","link":"https:\/\/hunter-optics.com\/de\/produkt\/karminrot-spur-hardline-pro-6-24x50-ffp-moa-krank\/","title":{"rendered":"Crimson Trace Hardline Pro 6-24\u00d750 FFP MOA ILL"},"content":{"rendered":"<div class=\"c-product__section-body c-toggler__content\">\n<div class=\"product-main-attributes attribute-table\">\n<p>Spezifikationen<\/p>\n<ul class=\"attribute-info\">\n<li class=\"attribute tg-b2\"><span class=\"label tg-b2\">Vergr\u00f6\u00dferung <\/span> <span class=\"value tg-b2\"> 6-24x <\/span><\/li>\n<li class=\"attribute tg-b2\"><span class=\"label tg-b2\">Absehen <\/span> <span class=\"value tg-b2\"> Beleuchtetes MR1-MOA <\/span><\/li>\n<li class=\"attribute tg-b2\"><span class=\"label tg-b2\">Brennebene <\/span> <span class=\"value tg-b2\"> 1. <\/span><\/li>\n<li class=\"attribute tg-b2\"><span class=\"label tg-b2\">Material <\/span> <span class=\"value tg-b2\"> Luftfahrt-Aluminium <\/span><\/li>\n<li class=\"attribute tg-b2\"><span class=\"label tg-b2\">Augenabstand (in) <\/span> <span class=\"value tg-b2\"> 3,6~4 Zoll <\/span><\/li>\n<li class=\"attribute tg-b2\"><span class=\"label tg-b2\">Objektivlinsen-Durchmesser <\/span> <span class=\"value tg-b2\"> 50 <\/span><\/li>\n<li class=\"attribute tg-b2\"><span class=\"label tg-b2\">Rohr-Durchmesser <\/span> <span class=\"value tg-b2\"> 30mm <\/span><\/li>\n<li class=\"attribute tg-b2\"><span class=\"label tg-b2\">Wert anklicken <\/span> <span class=\"value tg-b2\"> 1\/4 MOA <\/span><\/li>\n<li class=\"attribute tg-b2\"><span class=\"label tg-b2\">T\u00fcrmchen <\/span> <span class=\"value tg-b2\"> Freigelegt <\/span><\/li>\n<li class=\"attribute tg-b2\"><span class=\"label tg-b2\">Beleuchtung <\/span> <span class=\"value tg-b2\"> Ja <\/span><\/li>\n<li class=\"attribute tg-b2\"><span class=\"label tg-b2\">Lichtdurchl\u00e4ssigkeit (%) <\/span> <span class=\"value tg-b2\"> 90 <\/span><\/li>\n<li class=\"attribute tg-b2\"><span class=\"label tg-b2\">Umfang L\u00e4nge <\/span> <span class=\"value tg-b2\"> 3,7 Zoll x 3,1 Zoll x 15,6 Zoll <\/span><\/li>\n<li class=\"attribute tg-b2\"><span class=\"label tg-b2\">Produkt Gewicht <\/span> <span class=\"value tg-b2\"> 26,46 oz oz <\/span><\/li>\n<li class=\"attribute tg-b2\"><span class=\"label tg-b2\">Beschichtung der Linse <\/span> <span class=\"value tg-b2\"> gr\u00fcn mehrfach beschichtet <\/span><\/li>\n<li class=\"attribute tg-b2\"><span class=\"label tg-b2\">L\u00e4nge der hinteren Befestigung (in) <\/span> <span class=\"value tg-b2\"> 2.1 <\/span><\/li>\n<li class=\"attribute tg-b2\"><span class=\"label tg-b2\">L\u00e4nge der Frontmontage (in) <\/span> <span class=\"value tg-b2\"> 2.7 <\/span><\/li>\n<li class=\"attribute tg-b2\"><span class=\"label tg-b2\">Windst\u00e4rke Bereich <\/span> <span class=\"value tg-b2\"> 60 MOA <\/span><\/li>\n<li class=\"attribute tg-b2\"><span class=\"label tg-b2\">Erhebungen Bereich <\/span> <span class=\"value tg-b2\"> 60 MOA <\/span><\/li>\n<li class=\"attribute tg-b2\"><span class=\"label tg-b2\">Seitliche Parallaxe <\/span> <span class=\"value tg-b2\"> Einstellbar <\/span><\/li>\n<li class=\"attribute tg-b2\"><span class=\"label tg-b2\">Null-Stop <\/span> <span class=\"value tg-b2\"> Ja <\/span><\/li>\n<li class=\"attribute tg-b2\"><span class=\"label tg-b2\">FOV Maximum <\/span> <span class=\"value tg-b2\"> 17,9 Fu\u00df <\/span><\/li>\n<li class=\"attribute tg-b2\"><span class=\"label tg-b2\">FOV Minimum <\/span> <span class=\"value tg-b2\"> 4,7 Fu\u00df <\/span><\/li>\n<\/ul>\n<div class=\"c-toggler c-product__section c-product__module c-toggler--expanded\">\n<div class=\"c-product__section-title c-toggler__element tg-h4\" tabindex=\"0\" data-gtm=\"{&quot;event&quot;:&quot;FeaturesPDP&quot;,&quot;eventTypes&quot;:&quot;link, click, hover&quot;,&quot;action&quot;:&quot;&quot;,&quot;label&quot;:&quot;https:\/\/www.crimsontrace.com\/on\/demandware.servlet\/Sites-CrimsonTrace_US-Site\/default\/Product-Detail?pid=01-01040&amp;source=&amp;uuid=&amp;Quantity=&amp;productlistid=&amp;cantAdd=false&amp;cantAddMessage=&quot;}\">Eigenschaften<\/div>\n<div class=\"c-product__section-body c-toggler__content\">\n<ul>\n<li class=\"c-product__section-item\">RETIKEL: Beleuchtetes MR1-MOA<\/li>\n<li class=\"c-product__section-item\">GARANTIE: Alle Crimson Trace Zielfernrohre sind durch eine lebenslange Garantie abgedeckt. F\u00fcr Fragen oder Garantie kontaktieren Sie uns unter support@crimsontrace.com<\/li>\n<li class=\"c-product__section-item\">INKLUSIVE: Objektivtuch, Abdeckkappen und Batterie<\/li>\n<li class=\"c-product__section-item\">UMFANG ABMESSUNGEN: 15,6\u2033 x 3,7\u2033 x 3,1\u2033<\/li>\n<li class=\"c-product__section-item\">MATERIAL: Hergestellt aus langlebigem, leichtem Luft- und Raumfahrt-Aluminium und gr\u00fcnem, mehrfach beschichtetem Qualit\u00e4tsglas<\/li>\n<\/ul>\n<\/div>\n<\/div>\n<\/div>\n<\/div>","protected":false},"excerpt":{"rendered":"<div class=\"c-product__description tg-b2\" tabindex=\"0\">Die Crimson Trace Hardline Pro Optiken wurden f\u00fcr erfahrene Taktik- und Zielsch\u00fctzen konzipiert und von Grund auf neu entwickelt. Die Linie verf\u00fcgt \u00fcber 30-mm-Rohre in Luft- und Raumfahrtqualit\u00e4t mit First Focal Plane (FFP) Optionen. Die Produktlinie bietet Optiken f\u00fcr kurze, mittlere und weite Entfernungen mit einer Vielzahl von individuellen Absehen. Sie sind voll multiverg\u00fctet, stickstoffgesp\u00fclt, sto\u00dffest und bereit f\u00fcr alle Elemente, denen sie ausgesetzt sind. Alle Zielfernrohre von Crimson Trace\u00ae sind durch die LIFETIME-Garantie abgedeckt und werden von unserem preisgekr\u00f6nten Kundendienst unterst\u00fctzt.<\/div>","protected":false},"featured_media":1481,"comment_status":"open","ping_status":"closed","template":"","meta":[],"etheme_brands":[{"term_id":45,"name":"Crimson Trace","slug":"crimson-trace","term_group":0,"term_taxonomy_id":45,"taxonomy":"brand","description":"Crimson Trace is a manufacturer dedicated to producing the highest quality laser sights, tactical lights, electronic sights, and riflescopes for your pistols, rifles, and shotguns.","parent":0,"count":6,"filter":"raw"}],"product_brand":[],"product_cat":[49],"product_tag":[],"class_list":{"0":"post-1480","1":"product","2":"type-product","3":"status-publish","4":"has-post-thumbnail","6":"brand-crimson-trace","7":"product_cat-rifle-scopes","9":"first","10":"instock","11":"sale","12":"taxable","13":"shipping-taxable","14":"purchasable","15":"product-type-simple"},"yoast_head":"<!-- This site is optimized with the Yoast SEO Premium plugin v25.7.1 (Yoast SEO v27.4) - https:\/\/yoast.com\/product\/yoast-seo-premium-wordpress\/ -->\n<title>Crimson Trace Hardline Pro 6-24x50 FFP MOA ILL - Hunter Optics<\/title>\n<meta name=\"description\" content=\"The Crimson Trace Hardline Pro optics are designed with the experienced tactical and target shooter in mind and have been purposefully built from the ground up.\" \/>\n<meta name=\"robots\" content=\"index, follow, max-snippet:-1, max-image-preview:large, max-video-preview:-1\" \/>\n<link rel=\"canonical\" href=\"https:\/\/hunter-optics.com\/de\/produkt\/karminrot-spur-hardline-pro-6-24x50-ffp-moa-krank\/\" \/>\n<meta property=\"og:locale\" content=\"de_DE\" \/>\n<meta property=\"og:type\" content=\"article\" \/>\n<meta property=\"og:title\" content=\"Crimson Trace Hardline Pro 6-24x50 FFP MOA ILL\" \/>\n<meta property=\"og:description\" content=\"The Crimson Trace Hardline Pro optics are designed with the experienced tactical and target shooter in mind and have been purposefully built from the ground up.\" \/>\n<meta property=\"og:url\" content=\"https:\/\/hunter-optics.com\/de\/produkt\/karminrot-spur-hardline-pro-6-24x50-ffp-moa-krank\/\" \/>\n<meta property=\"og:site_name\" content=\"Hunter Optics\" \/>\n<meta property=\"article:modified_time\" content=\"2025-07-29T06:15:45+00:00\" \/>\n<meta property=\"og:image\" content=\"https:\/\/hunter-optics.com\/wp-content\/uploads\/2025\/07\/Crimson-Trace-Hardline-Pro-6-24x50-FFP-MOA-ILL.jpg\" \/>\n\t<meta property=\"og:image:width\" content=\"876\" \/>\n\t<meta property=\"og:image:height\" content=\"876\" \/>\n\t<meta property=\"og:image:type\" content=\"image\/jpeg\" \/>\n<meta name=\"twitter:card\" content=\"summary_large_image\" \/>\n<meta name=\"twitter:label1\" content=\"Preis\" \/>\n\t<meta name=\"twitter:data1\" content=\"&#036;829.99\" \/>\n\t<meta name=\"twitter:label2\" content=\"Verf\u00fcgbarkeit\" \/>\n\t<meta name=\"twitter:data2\" content=\"Auf Lager\" \/>\n<script type=\"application\/ld+json\" class=\"yoast-schema-graph\">{\"@context\":\"https:\\\/\\\/schema.org\",\"@graph\":[{\"@type\":\"WebPage\",\"@id\":\"https:\\\/\\\/hunter-optics.com\\\/product\\\/crimson-trace-hardline-pro-6-24x50-ffp-moa-ill\\\/\",\"url\":\"https:\\\/\\\/hunter-optics.com\\\/product\\\/crimson-trace-hardline-pro-6-24x50-ffp-moa-ill\\\/\",\"name\":\"Crimson Trace Hardline Pro 6-24x50 FFP MOA ILL - Hunter Optics\",\"isPartOf\":{\"@id\":\"https:\\\/\\\/hunter-optics.com\\\/#website\"},\"primaryImageOfPage\":{\"@id\":\"https:\\\/\\\/hunter-optics.com\\\/product\\\/crimson-trace-hardline-pro-6-24x50-ffp-moa-ill\\\/#primaryimage\"},\"image\":{\"@id\":\"https:\\\/\\\/hunter-optics.com\\\/product\\\/crimson-trace-hardline-pro-6-24x50-ffp-moa-ill\\\/#primaryimage\"},\"thumbnailUrl\":\"https:\\\/\\\/hunter-optics.com\\\/wp-content\\\/uploads\\\/2025\\\/07\\\/Crimson-Trace-Hardline-Pro-6-24x50-FFP-MOA-ILL.jpg\",\"datePublished\":\"2025-07-29T06:03:36+00:00\",\"dateModified\":\"2025-07-29T06:15:45+00:00\",\"description\":\"The Crimson Trace Hardline Pro optics are designed with the experienced tactical and target shooter in mind and have been purposefully built from the ground up.\",\"breadcrumb\":{\"@id\":\"https:\\\/\\\/hunter-optics.com\\\/product\\\/crimson-trace-hardline-pro-6-24x50-ffp-moa-ill\\\/#breadcrumb\"},\"inLanguage\":\"de\",\"potentialAction\":[{\"@type\":\"ReadAction\",\"target\":[\"https:\\\/\\\/hunter-optics.com\\\/product\\\/crimson-trace-hardline-pro-6-24x50-ffp-moa-ill\\\/\"]}]},{\"@type\":\"ImageObject\",\"inLanguage\":\"de\",\"@id\":\"https:\\\/\\\/hunter-optics.com\\\/product\\\/crimson-trace-hardline-pro-6-24x50-ffp-moa-ill\\\/#primaryimage\",\"url\":\"https:\\\/\\\/hunter-optics.com\\\/wp-content\\\/uploads\\\/2025\\\/07\\\/Crimson-Trace-Hardline-Pro-6-24x50-FFP-MOA-ILL.jpg\",\"contentUrl\":\"https:\\\/\\\/hunter-optics.com\\\/wp-content\\\/uploads\\\/2025\\\/07\\\/Crimson-Trace-Hardline-Pro-6-24x50-FFP-MOA-ILL.jpg\",\"width\":876,\"height\":876},{\"@type\":\"BreadcrumbList\",\"@id\":\"https:\\\/\\\/hunter-optics.com\\\/product\\\/crimson-trace-hardline-pro-6-24x50-ffp-moa-ill\\\/#breadcrumb\",\"itemListElement\":[{\"@type\":\"ListItem\",\"position\":1,\"name\":\"Home\",\"item\":\"https:\\\/\\\/hunter-optics.com\\\/\"},{\"@type\":\"ListItem\",\"position\":2,\"name\":\"Products\",\"item\":\"https:\\\/\\\/hunter-optics.com\\\/shop\\\/\"},{\"@type\":\"ListItem\",\"position\":3,\"name\":\"Crimson Trace Hardline Pro 6-24&#215;50 FFP MOA ILL\"}]},{\"@type\":\"WebSite\",\"@id\":\"https:\\\/\\\/hunter-optics.com\\\/#website\",\"url\":\"https:\\\/\\\/hunter-optics.com\\\/\",\"name\":\"Hunter Optics\",\"description\":\"Hunter Optics \u2014 Your Eye on the Target.\",\"publisher\":{\"@id\":\"https:\\\/\\\/hunter-optics.com\\\/#organization\"},\"potentialAction\":[{\"@type\":\"SearchAction\",\"target\":{\"@type\":\"EntryPoint\",\"urlTemplate\":\"https:\\\/\\\/hunter-optics.com\\\/?s={search_term_string}\"},\"query-input\":{\"@type\":\"PropertyValueSpecification\",\"valueRequired\":true,\"valueName\":\"search_term_string\"}}],\"inLanguage\":\"de\"},{\"@type\":\"Organization\",\"@id\":\"https:\\\/\\\/hunter-optics.com\\\/#organization\",\"name\":\"Hunter Optics\",\"url\":\"https:\\\/\\\/hunter-optics.com\\\/\",\"logo\":{\"@type\":\"ImageObject\",\"inLanguage\":\"de\",\"@id\":\"https:\\\/\\\/hunter-optics.com\\\/#\\\/schema\\\/logo\\\/image\\\/\",\"url\":\"https:\\\/\\\/hunter-optics.com\\\/wp-content\\\/uploads\\\/2025\\\/06\\\/hunter-optics-logo-1.png\",\"contentUrl\":\"https:\\\/\\\/hunter-optics.com\\\/wp-content\\\/uploads\\\/2025\\\/06\\\/hunter-optics-logo-1.png\",\"width\":937,\"height\":373,\"caption\":\"Hunter Optics\"},\"image\":{\"@id\":\"https:\\\/\\\/hunter-optics.com\\\/#\\\/schema\\\/logo\\\/image\\\/\"}}]}<\/script>\n<meta property=\"product:brand\" content=\"Crimson Trace\" \/>\n<meta property=\"product:price:amount\" content=\"829.99\" \/>\n<meta property=\"product:price:currency\" content=\"USD\" \/>\n<meta property=\"og:availability\" content=\"instock\" \/>\n<meta property=\"product:availability\" content=\"instock\" \/>\n<meta property=\"product:condition\" content=\"new\" \/>\n<!-- \/ Yoast SEO Premium plugin. -->","yoast_head_json":{"title":"Crimson Trace Hardline Pro 6-24x50 FFP MOA ILL - J\u00e4ger-Optik","description":"Die Crimson Trace Hardline Pro Optik wurde mit Blick auf erfahrene Taktik- und Zielsch\u00fctzen entwickelt und von Grund auf neu konzipiert.","robots":{"index":"index","follow":"follow","max-snippet":"max-snippet:-1","max-image-preview":"max-image-preview:large","max-video-preview":"max-video-preview:-1"},"canonical":"https:\/\/hunter-optics.com\/de\/produkt\/karminrot-spur-hardline-pro-6-24x50-ffp-moa-krank\/","og_locale":"de_DE","og_type":"article","og_title":"Crimson Trace Hardline Pro 6-24x50 FFP MOA ILL","og_description":"The Crimson Trace Hardline Pro optics are designed with the experienced tactical and target shooter in mind and have been purposefully built from the ground up.","og_url":"https:\/\/hunter-optics.com\/de\/produkt\/karminrot-spur-hardline-pro-6-24x50-ffp-moa-krank\/","og_site_name":"Hunter Optics","article_modified_time":"2025-07-29T06:15:45+00:00","og_image":[{"width":876,"height":876,"url":"https:\/\/hunter-optics.com\/wp-content\/uploads\/2025\/07\/Crimson-Trace-Hardline-Pro-6-24x50-FFP-MOA-ILL.jpg","type":"image\/jpeg"}],"twitter_card":"summary_large_image","twitter_misc":{"Preis":"&#36;829.99","Verf\u00fcgbarkeit":"Auf Lager"},"schema":{"@context":"https:\/\/schema.org","@graph":[{"@type":"WebPage","@id":"https:\/\/hunter-optics.com\/product\/crimson-trace-hardline-pro-6-24x50-ffp-moa-ill\/","url":"https:\/\/hunter-optics.com\/product\/crimson-trace-hardline-pro-6-24x50-ffp-moa-ill\/","name":"Crimson Trace Hardline Pro 6-24x50 FFP MOA ILL - J\u00e4ger-Optik","isPartOf":{"@id":"https:\/\/hunter-optics.com\/#website"},"primaryImageOfPage":{"@id":"https:\/\/hunter-optics.com\/product\/crimson-trace-hardline-pro-6-24x50-ffp-moa-ill\/#primaryimage"},"image":{"@id":"https:\/\/hunter-optics.com\/product\/crimson-trace-hardline-pro-6-24x50-ffp-moa-ill\/#primaryimage"},"thumbnailUrl":"https:\/\/hunter-optics.com\/wp-content\/uploads\/2025\/07\/Crimson-Trace-Hardline-Pro-6-24x50-FFP-MOA-ILL.jpg","datePublished":"2025-07-29T06:03:36+00:00","dateModified":"2025-07-29T06:15:45+00:00","description":"Die Crimson Trace Hardline Pro Optik wurde mit Blick auf erfahrene Taktik- und Zielsch\u00fctzen entwickelt und von Grund auf neu konzipiert.","breadcrumb":{"@id":"https:\/\/hunter-optics.com\/product\/crimson-trace-hardline-pro-6-24x50-ffp-moa-ill\/#breadcrumb"},"inLanguage":"de","potentialAction":[{"@type":"ReadAction","target":["https:\/\/hunter-optics.com\/product\/crimson-trace-hardline-pro-6-24x50-ffp-moa-ill\/"]}]},{"@type":"ImageObject","inLanguage":"de","@id":"https:\/\/hunter-optics.com\/product\/crimson-trace-hardline-pro-6-24x50-ffp-moa-ill\/#primaryimage","url":"https:\/\/hunter-optics.com\/wp-content\/uploads\/2025\/07\/Crimson-Trace-Hardline-Pro-6-24x50-FFP-MOA-ILL.jpg","contentUrl":"https:\/\/hunter-optics.com\/wp-content\/uploads\/2025\/07\/Crimson-Trace-Hardline-Pro-6-24x50-FFP-MOA-ILL.jpg","width":876,"height":876},{"@type":"BreadcrumbList","@id":"https:\/\/hunter-optics.com\/product\/crimson-trace-hardline-pro-6-24x50-ffp-moa-ill\/#breadcrumb","itemListElement":[{"@type":"ListItem","position":1,"name":"Home","item":"https:\/\/hunter-optics.com\/"},{"@type":"ListItem","position":2,"name":"Products","item":"https:\/\/hunter-optics.com\/shop\/"},{"@type":"ListItem","position":3,"name":"Crimson Trace Hardline Pro 6-24&#215;50 FFP MOA ILL"}]},{"@type":"WebSite","@id":"https:\/\/hunter-optics.com\/#website","url":"https:\/\/hunter-optics.com\/","name":"J\u00e4ger-Optik","description":"Hunter Optics - Ihr Auge auf dem Ziel.","publisher":{"@id":"https:\/\/hunter-optics.com\/#organization"},"potentialAction":[{"@type":"SearchAction","target":{"@type":"EntryPoint","urlTemplate":"https:\/\/hunter-optics.com\/?s={search_term_string}"},"query-input":{"@type":"PropertyValueSpecification","valueRequired":true,"valueName":"search_term_string"}}],"inLanguage":"de"},{"@type":"Organization","@id":"https:\/\/hunter-optics.com\/#organization","name":"J\u00e4ger-Optik","url":"https:\/\/hunter-optics.com\/","logo":{"@type":"ImageObject","inLanguage":"de","@id":"https:\/\/hunter-optics.com\/#\/schema\/logo\/image\/","url":"https:\/\/hunter-optics.com\/wp-content\/uploads\/2025\/06\/hunter-optics-logo-1.png","contentUrl":"https:\/\/hunter-optics.com\/wp-content\/uploads\/2025\/06\/hunter-optics-logo-1.png","width":937,"height":373,"caption":"Hunter Optics"},"image":{"@id":"https:\/\/hunter-optics.com\/#\/schema\/logo\/image\/"}}]},"product_brand":"Crimson Trace","product_price_amount":"829.99","product_price_currency":"USD","og_availability":"instock","product_availability":"instock","product_condition":"new"},"_links":{"self":[{"href":"https:\/\/hunter-optics.com\/de\/wp-json\/wp\/v2\/product\/1480","targetHints":{"allow":["GET"]}}],"collection":[{"href":"https:\/\/hunter-optics.com\/de\/wp-json\/wp\/v2\/product"}],"about":[{"href":"https:\/\/hunter-optics.com\/de\/wp-json\/wp\/v2\/types\/product"}],"replies":[{"embeddable":true,"href":"https:\/\/hunter-optics.com\/de\/wp-json\/wp\/v2\/comments?post=1480"}],"version-history":[{"count":1,"href":"https:\/\/hunter-optics.com\/de\/wp-json\/wp\/v2\/product\/1480\/revisions"}],"predecessor-version":[{"id":1488,"href":"https:\/\/hunter-optics.com\/de\/wp-json\/wp\/v2\/product\/1480\/revisions\/1488"}],"wp:featuredmedia":[{"embeddable":true,"href":"https:\/\/hunter-optics.com\/de\/wp-json\/wp\/v2\/media\/1481"}],"wp:attachment":[{"href":"https:\/\/hunter-optics.com\/de\/wp-json\/wp\/v2\/media?parent=1480"}],"wp:term":[{"taxonomy":"brand","embeddable":true,"href":"https:\/\/hunter-optics.com\/de\/wp-json\/wp\/v2\/etheme_brands?post=1480"},{"taxonomy":"product_brand","embeddable":true,"href":"https:\/\/hunter-optics.com\/de\/wp-json\/wp\/v2\/product_brand?post=1480"},{"taxonomy":"product_cat","embeddable":true,"href":"https:\/\/hunter-optics.com\/de\/wp-json\/wp\/v2\/product_cat?post=1480"},{"taxonomy":"product_tag","embeddable":true,"href":"https:\/\/hunter-optics.com\/de\/wp-json\/wp\/v2\/product_tag?post=1480"}],"curies":[{"name":"wp","href":"https:\/\/api.w.org\/{rel}","templated":true}]}}