{"id":1442,"date":"2025-07-24T10:04:54","date_gmt":"2025-07-24T10:04:54","guid":{"rendered":"https:\/\/hunter-optics.com\/?post_type=product&#038;p=1442"},"modified":"2025-07-29T05:48:11","modified_gmt":"2025-07-29T05:48:11","slug":"karminrot-spur-hardline-pro-4-16x50-ffp-moa-ill","status":"publish","type":"product","link":"https:\/\/hunter-optics.com\/de\/produkt\/karminrot-spur-hardline-pro-4-16x50-ffp-moa-ill\/","title":{"rendered":"Crimson Trace Hardline Pro 4-16\u00d750 FFP MOA ILL"},"content":{"rendered":"<div class=\"c-product__section-body c-toggler__content\">\n<div class=\"product-main-attributes attribute-table\">\n<p>Spezifikationen<\/p>\n<ul class=\"attribute-info\">\n<li class=\"attribute tg-b2\"><span class=\"label tg-b2\">Vergr\u00f6\u00dferung:<\/span><span class=\"value tg-b2\">4-16x <\/span><\/li>\n<li class=\"attribute tg-b2\"><span class=\"label tg-b2\">Absehen:<\/span> <span class=\"value tg-b2\">Beleuchtetes MR1-MOA <\/span><\/li>\n<li class=\"attribute tg-b2\"><span class=\"label tg-b2\">Brennebene:<\/span><span class=\"value tg-b2\">1. <\/span><\/li>\n<li class=\"attribute tg-b2\"><span class=\"label tg-b2\">Material:<\/span><span class=\"value tg-b2\">Luftfahrt-Aluminium <\/span><\/li>\n<li class=\"attribute tg-b2\"><span class=\"label tg-b2\">Augenabstand (in):<\/span><span class=\"value tg-b2\">3,6~4 Zoll <\/span><\/li>\n<li class=\"attribute tg-b2\"><span class=\"label tg-b2\">Durchmesser der Objektivlinse:<\/span> <span class=\"value tg-b2\">50 <\/span><\/li>\n<li class=\"attribute tg-b2\"><span class=\"label tg-b2\">Rohr-Durchmesser:<\/span><span class=\"value tg-b2\">30mm <\/span><\/li>\n<li class=\"attribute tg-b2\"><span class=\"label tg-b2\">Klicken Sie auf Wert:<\/span><span class=\"value tg-b2\">1\/4 MOA <\/span><\/li>\n<li class=\"attribute tg-b2\"><span class=\"label tg-b2\">Gesch\u00fctzt\u00fcrme:<\/span><span class=\"value tg-b2\">Freigelegt <\/span><\/li>\n<li class=\"attribute tg-b2\"><span class=\"label tg-b2\">Beleuchtung:<\/span><span class=\"value tg-b2\">Ja <\/span><\/li>\n<li class=\"attribute tg-b2\"><span class=\"label tg-b2\">Lichtdurchl\u00e4ssigkeit (%):<\/span><span class=\"value tg-b2\">90 <\/span><\/li>\n<li class=\"attribute tg-b2\"><span class=\"label tg-b2\">Umfang L\u00e4nge:<\/span><span class=\"value tg-b2\">3,7 Zoll x 3,1 Zoll x 14,8 Zoll <\/span><\/li>\n<li class=\"attribute tg-b2\"><span class=\"label tg-b2\">Produktgewicht:<\/span><span class=\"value tg-b2\">25,4 Unzen Unze <\/span><\/li>\n<li class=\"attribute tg-b2\"><span class=\"label tg-b2\">Objektiv-Beschichtung:<\/span><span class=\"value tg-b2\">gr\u00fcn mehrfach beschichtet <\/span><\/li>\n<li class=\"attribute tg-b2\"><span class=\"label tg-b2\">L\u00e4nge der hinteren Befestigung (in):<\/span><span class=\"value tg-b2\">2.1 <\/span><\/li>\n<li class=\"attribute tg-b2\"><span class=\"label tg-b2\">L\u00e4nge der Frontmontage (in):<\/span><span class=\"value tg-b2\">3.1 <\/span><\/li>\n<li class=\"attribute tg-b2\"><span class=\"label tg-b2\">Windst\u00e4rkebereich:<\/span><span class=\"value tg-b2\">90 MOA <\/span><\/li>\n<li class=\"attribute tg-b2\"><span class=\"label tg-b2\">Erhebungsbereich:<\/span><span class=\"value tg-b2\">90 MOA <\/span><\/li>\n<li class=\"attribute tg-b2\"><span class=\"label tg-b2\">Seitliche Parallaxe:<\/span><span class=\"value tg-b2\">Einstellbar <\/span><\/li>\n<li class=\"attribute tg-b2\"><span class=\"label tg-b2\">Zero Stop:<\/span><span class=\"value tg-b2\">Ja <\/span><\/li>\n<li class=\"attribute tg-b2\"><span class=\"label tg-b2\">FOV Maximum:<\/span><span class=\"value tg-b2\">28,5 Fu\u00df <\/span><\/li>\n<li class=\"attribute tg-b2\"><span class=\"label tg-b2\">FOV Minimum:<\/span><span class=\"value tg-b2\">7,2 Fu\u00df <\/span><\/li>\n<\/ul>\n<div class=\"c-toggler c-product__section c-product__module c-toggler--expanded\">\n<div class=\"c-product__section-title c-toggler__element tg-h4\" tabindex=\"0\" data-gtm=\"{&quot;event&quot;:&quot;FeaturesPDP&quot;,&quot;eventTypes&quot;:&quot;link, click, hover&quot;,&quot;action&quot;:&quot;&quot;,&quot;label&quot;:&quot;https:\/\/www.crimsontrace.com\/on\/demandware.servlet\/Sites-CrimsonTrace_US-Site\/default\/Product-Detail?pid=01-01020&amp;source=&amp;uuid=&amp;Quantity=&amp;productlistid=&amp;cantAdd=false&amp;cantAddMessage=&quot;}\">Eigenschaften<\/div>\n<div class=\"c-product__section-body c-toggler__content\">\n<ul>\n<li class=\"c-product__section-item\">RETIKEL: Beleuchtetes MR1-MOA<\/li>\n<li class=\"c-product__section-item\">GARANTIE: Alle Crimson Trace Zielfernrohre sind durch eine lebenslange Garantie abgedeckt. F\u00fcr Fragen oder Garantie kontaktieren Sie uns unter support@crimsontrace.com<\/li>\n<li class=\"c-product__section-item\">INKLUSIVE: Objektivtuch, Abdeckkappen und Batterie<\/li>\n<li class=\"c-product__section-item\">UMFANG ABMESSUNGEN: 14,8\u2033 x 3,7\u2033 x 3,1\u2033<\/li>\n<li class=\"c-product__section-item\">MATERIAL: Hergestellt aus langlebigem, leichtem Luft- und Raumfahrt-Aluminium und gr\u00fcnem, mehrfach beschichtetem Qualit\u00e4tsglas<\/li>\n<\/ul>\n<div class=\"quality-heading\">Der Karminrote Standard<\/div>\n<div class=\"quality-copy\">Jeder unserer Zielfernrohre durchl\u00e4uft ein strenges Pr\u00fcfverfahren, denn <span class=\"callout\">Versagen ist keine Option<\/span>.<\/div>\n<div class=\"quality-subheading\">H\u00f6chste Leistung in jeder Umgebung<\/div>\n<div class=\"quality-copy\">Unsere Zielfernrohre sind robust genug, um auch den extremsten Wetterbedingungen standzuhalten, und werden sorgf\u00e4ltig getestet:<\/div>\n<table class=\"quality-section-table four-columns\">\n<tbody>\n<tr class=\"icons\">\n<td><img decoding=\"async\" title=\"\" src=\"https:\/\/www.crimsontrace.com\/on\/demandware.static\/-\/Sites-CrimsonTrace_US-Library\/default\/dw2f9ab254\/images\/modules_system\/products\/brushline-hardline\/quality\/env-temp-high.png\" alt=\"\" \/><\/td>\n<td><img decoding=\"async\" title=\"\" src=\"https:\/\/www.crimsontrace.com\/on\/demandware.static\/-\/Sites-CrimsonTrace_US-Library\/default\/dw27212cbc\/images\/modules_system\/products\/brushline-hardline\/quality\/env-temp-low.png\" alt=\"\" \/><\/td>\n<td><img decoding=\"async\" title=\"\" src=\"https:\/\/www.crimsontrace.com\/on\/demandware.static\/-\/Sites-CrimsonTrace_US-Library\/default\/dwe4168fa3\/images\/modules_system\/products\/brushline-hardline\/quality\/env-temp-cycling.png\" alt=\"\" \/><\/td>\n<td><img decoding=\"async\" title=\"\" src=\"https:\/\/www.crimsontrace.com\/on\/demandware.static\/-\/Sites-CrimsonTrace_US-Library\/default\/dwd13f9095\/images\/modules_system\/products\/brushline-hardline\/quality\/env-vibration.png\" alt=\"\" \/><\/td>\n<\/tr>\n<tr class=\"copy\">\n<td>Extrem hohe Temperaturen<\/td>\n<td>Extrem niedrige Temperaturen<\/td>\n<td>Thermisches Zyklieren<\/td>\n<td>Vibration<\/td>\n<\/tr>\n<\/tbody>\n<\/table>\n<div class=\"quality-subheading\">Durchg\u00e4ngige, lebenslange Zuverl\u00e4ssigkeit<\/div>\n<div class=\"quality-copy\">Egal, ob Sie ein Gelegenheitsj\u00e4ger oder LE sind, unsere Zielfernrohre sind f\u00fcr einen lebenslangen Einsatz getestet:<\/div>\n<table class=\"quality-section-table five-columns\">\n<tbody>\n<tr class=\"icons\">\n<td><img decoding=\"async\" title=\"\" src=\"https:\/\/www.crimsontrace.com\/on\/demandware.static\/-\/Sites-CrimsonTrace_US-Library\/default\/dw47a5c857\/images\/modules_system\/products\/brushline-hardline\/quality\/use-drop.png\" alt=\"\" \/><\/td>\n<td><img decoding=\"async\" title=\"\" src=\"https:\/\/www.crimsontrace.com\/on\/demandware.static\/-\/Sites-CrimsonTrace_US-Library\/default\/dw27271fcf\/images\/modules_system\/products\/brushline-hardline\/quality\/use-transportation.png\" alt=\"\" \/><\/td>\n<td><img decoding=\"async\" title=\"\" src=\"https:\/\/www.crimsontrace.com\/on\/demandware.static\/-\/Sites-CrimsonTrace_US-Library\/default\/dwd13f9095\/images\/modules_system\/products\/brushline-hardline\/quality\/env-vibration.png\" alt=\"\" \/><\/td>\n<td><img decoding=\"async\" title=\"\" src=\"https:\/\/www.crimsontrace.com\/on\/demandware.static\/-\/Sites-CrimsonTrace_US-Library\/default\/dw7e94c9c8\/images\/modules_system\/products\/brushline-hardline\/quality\/use-fluids.png\" alt=\"\" \/><\/td>\n<td><img decoding=\"async\" title=\"\" src=\"https:\/\/www.crimsontrace.com\/on\/demandware.static\/-\/Sites-CrimsonTrace_US-Library\/default\/dwa43429ec\/images\/modules_system\/products\/brushline-hardline\/quality\/use-corrosion.png\" alt=\"\" \/><\/td>\n<\/tr>\n<tr class=\"copy\">\n<td>Fallpr\u00fcfung<\/td>\n<td>Transport<\/td>\n<td>Vibration<\/td>\n<td>Fl\u00fcssigkeiten<\/td>\n<td>Korrosion<\/td>\n<\/tr>\n<\/tbody>\n<\/table>\n<div class=\"quality-subheading\">Zielfernrohr-Haltebatterie<\/div>\n<div class=\"quality-copy\">Getestet f\u00fcr jedes Kaliber und eine lebenslange Anzahl von Runden, unsere strengen Nullretentionstests umfassen:<\/div>\n<table class=\"quality-section-table three-columns\">\n<tbody>\n<tr class=\"icons\">\n<td><img decoding=\"async\" title=\"\" src=\"https:\/\/www.crimsontrace.com\/on\/demandware.static\/-\/Sites-CrimsonTrace_US-Library\/default\/dwc2e5450a\/images\/modules_system\/products\/brushline-hardline\/quality\/bore-zero-retention.png\" alt=\"\" \/><\/td>\n<td><img decoding=\"async\" title=\"\" src=\"https:\/\/www.crimsontrace.com\/on\/demandware.static\/-\/Sites-CrimsonTrace_US-Library\/default\/dw17ba5505\/images\/modules_system\/products\/brushline-hardline\/quality\/bore-recoil-extreme.png\" alt=\"\" \/><\/td>\n<td><img decoding=\"async\" title=\"\" src=\"https:\/\/www.crimsontrace.com\/on\/demandware.static\/-\/Sites-CrimsonTrace_US-Library\/default\/dw3c6e2689\/images\/modules_system\/products\/brushline-hardline\/quality\/bore-recoil-lifetime.png\" alt=\"\" \/><\/td>\n<\/tr>\n<tr class=\"copy\">\n<td>Null Selbstbehalt<\/td>\n<td>Hochkalibrige R\u00fccksto\u00dfd\u00e4mpfer<\/td>\n<td>Lebenslange R\u00fcckspulung<\/td>\n<\/tr>\n<\/tbody>\n<\/table>\n<div class=\"quality-subheading\">Immersionspr\u00fcfung<\/div>\n<div class=\"quality-copy\">Ob bei Regen oder Sonnenschein, die Integrit\u00e4t unserer Dichtungen wird nie beeintr\u00e4chtigt, wenn sie auf Herz und Nieren gepr\u00fcft werden:<\/div>\n<table class=\"quality-section-table two-columns\">\n<tbody>\n<tr class=\"icons\">\n<td><img decoding=\"async\" title=\"\" src=\"https:\/\/www.crimsontrace.com\/on\/demandware.static\/-\/Sites-CrimsonTrace_US-Library\/default\/dw2308824c\/images\/modules_system\/products\/brushline-hardline\/quality\/immersion-submersion.png\" alt=\"\" \/><\/td>\n<td><img decoding=\"async\" title=\"\" src=\"https:\/\/www.crimsontrace.com\/on\/demandware.static\/-\/Sites-CrimsonTrace_US-Library\/default\/dw96cb7566\/images\/modules_system\/products\/brushline-hardline\/quality\/immersion-verification.png\" alt=\"\" \/><\/td>\n<\/tr>\n<tr class=\"copy\">\n<td>Vollst\u00e4ndiges Untertauchen<\/td>\n<td>Verifizierung durch Eintauchen<\/td>\n<\/tr>\n<\/tbody>\n<\/table>\n<\/div>\n<\/div>\n<\/div>\n<\/div>","protected":false},"excerpt":{"rendered":"<div class=\"c-product__description tg-b2\" tabindex=\"0\">Die Crimson Trace Hardline Pro Optiken wurden f\u00fcr erfahrene Taktik- und Zielsch\u00fctzen konzipiert und von Grund auf neu entwickelt. Die Linie verf\u00fcgt \u00fcber 30-mm-Rohre in Luft- und Raumfahrtqualit\u00e4t mit First Focal Plane (FFP) Optionen. Die Produktlinie bietet Optiken f\u00fcr kurze, mittlere und weite Entfernungen mit einer Vielzahl von individuellen Absehen. Sie sind voll multiverg\u00fctet, stickstoffgesp\u00fclt, sto\u00dffest und bereit f\u00fcr alle Elemente, denen sie ausgesetzt sind. Alle Zielfernrohre von Crimson Trace\u00ae sind durch die LIFETIME-Garantie abgedeckt und werden von unserem preisgekr\u00f6nten Kundendienst unterst\u00fctzt.<\/div>","protected":false},"featured_media":1471,"comment_status":"open","ping_status":"closed","template":"","meta":[],"etheme_brands":[{"term_id":45,"name":"Crimson Trace","slug":"crimson-trace","term_group":0,"term_taxonomy_id":45,"taxonomy":"brand","description":"Crimson Trace is a manufacturer dedicated to producing the highest quality laser sights, tactical lights, electronic sights, and riflescopes for your pistols, rifles, and shotguns.","parent":0,"count":6,"filter":"raw"}],"product_brand":[],"product_cat":[49],"product_tag":[],"class_list":{"0":"post-1442","1":"product","2":"type-product","3":"status-publish","4":"has-post-thumbnail","6":"brand-crimson-trace","7":"product_cat-rifle-scopes","9":"first","10":"instock","11":"sale","12":"taxable","13":"shipping-taxable","14":"purchasable","15":"product-type-simple"},"yoast_head":"<!-- This site is optimized with the Yoast SEO Premium plugin v25.7.1 (Yoast SEO v27.4) - https:\/\/yoast.com\/product\/yoast-seo-premium-wordpress\/ -->\n<title>Crimson Trace Hardline Pro 4-16x50 FFP MOA ILL - Hunter Optics<\/title>\n<meta name=\"description\" content=\"The Crimson Trace Hardline Pro optics are designed with the experienced tactical and target shooter in mind and have been purposefully built from the ground up.\" \/>\n<meta name=\"robots\" content=\"index, follow, max-snippet:-1, max-image-preview:large, max-video-preview:-1\" \/>\n<link rel=\"canonical\" href=\"https:\/\/hunter-optics.com\/de\/produkt\/karminrot-spur-hardline-pro-4-16x50-ffp-moa-ill\/\" \/>\n<meta property=\"og:locale\" content=\"de_DE\" \/>\n<meta property=\"og:type\" content=\"article\" \/>\n<meta property=\"og:title\" content=\"Crimson Trace Hardline Pro 4-16x50 FFP MOA ILL\" \/>\n<meta property=\"og:description\" content=\"The Crimson Trace Hardline Pro optics are designed with the experienced tactical and target shooter in mind and have been purposefully built from the ground up.\" \/>\n<meta property=\"og:url\" content=\"https:\/\/hunter-optics.com\/de\/produkt\/karminrot-spur-hardline-pro-4-16x50-ffp-moa-ill\/\" \/>\n<meta property=\"og:site_name\" content=\"Hunter Optics\" \/>\n<meta property=\"article:modified_time\" content=\"2025-07-29T05:48:11+00:00\" \/>\n<meta property=\"og:image\" content=\"https:\/\/hunter-optics.com\/wp-content\/uploads\/2025\/07\/Hardline-Pro-4-16x50-FFP-MOA-ILL.jpg\" \/>\n\t<meta property=\"og:image:width\" content=\"876\" \/>\n\t<meta property=\"og:image:height\" content=\"876\" \/>\n\t<meta property=\"og:image:type\" content=\"image\/jpeg\" \/>\n<meta name=\"twitter:card\" content=\"summary_large_image\" \/>\n<meta name=\"twitter:label1\" content=\"Preis\" \/>\n\t<meta name=\"twitter:data1\" content=\"&#036;1,000.99\" \/>\n\t<meta name=\"twitter:label2\" content=\"Verf\u00fcgbarkeit\" \/>\n\t<meta name=\"twitter:data2\" content=\"Auf Lager\" \/>\n<script type=\"application\/ld+json\" class=\"yoast-schema-graph\">{\"@context\":\"https:\\\/\\\/schema.org\",\"@graph\":[{\"@type\":\"WebPage\",\"@id\":\"https:\\\/\\\/hunter-optics.com\\\/product\\\/crimson-trace-hardline-pro-4-16x50-ffp-moa-ill\\\/\",\"url\":\"https:\\\/\\\/hunter-optics.com\\\/product\\\/crimson-trace-hardline-pro-4-16x50-ffp-moa-ill\\\/\",\"name\":\"Crimson Trace Hardline Pro 4-16x50 FFP MOA ILL - Hunter Optics\",\"isPartOf\":{\"@id\":\"https:\\\/\\\/hunter-optics.com\\\/#website\"},\"primaryImageOfPage\":{\"@id\":\"https:\\\/\\\/hunter-optics.com\\\/product\\\/crimson-trace-hardline-pro-4-16x50-ffp-moa-ill\\\/#primaryimage\"},\"image\":{\"@id\":\"https:\\\/\\\/hunter-optics.com\\\/product\\\/crimson-trace-hardline-pro-4-16x50-ffp-moa-ill\\\/#primaryimage\"},\"thumbnailUrl\":\"https:\\\/\\\/hunter-optics.com\\\/wp-content\\\/uploads\\\/2025\\\/07\\\/Hardline-Pro-4-16x50-FFP-MOA-ILL.jpg\",\"datePublished\":\"2025-07-24T10:04:54+00:00\",\"dateModified\":\"2025-07-29T05:48:11+00:00\",\"description\":\"The Crimson Trace Hardline Pro optics are designed with the experienced tactical and target shooter in mind and have been purposefully built from the ground up.\",\"breadcrumb\":{\"@id\":\"https:\\\/\\\/hunter-optics.com\\\/product\\\/crimson-trace-hardline-pro-4-16x50-ffp-moa-ill\\\/#breadcrumb\"},\"inLanguage\":\"de\",\"potentialAction\":[{\"@type\":\"ReadAction\",\"target\":[\"https:\\\/\\\/hunter-optics.com\\\/product\\\/crimson-trace-hardline-pro-4-16x50-ffp-moa-ill\\\/\"]}]},{\"@type\":\"ImageObject\",\"inLanguage\":\"de\",\"@id\":\"https:\\\/\\\/hunter-optics.com\\\/product\\\/crimson-trace-hardline-pro-4-16x50-ffp-moa-ill\\\/#primaryimage\",\"url\":\"https:\\\/\\\/hunter-optics.com\\\/wp-content\\\/uploads\\\/2025\\\/07\\\/Hardline-Pro-4-16x50-FFP-MOA-ILL.jpg\",\"contentUrl\":\"https:\\\/\\\/hunter-optics.com\\\/wp-content\\\/uploads\\\/2025\\\/07\\\/Hardline-Pro-4-16x50-FFP-MOA-ILL.jpg\",\"width\":876,\"height\":876},{\"@type\":\"BreadcrumbList\",\"@id\":\"https:\\\/\\\/hunter-optics.com\\\/product\\\/crimson-trace-hardline-pro-4-16x50-ffp-moa-ill\\\/#breadcrumb\",\"itemListElement\":[{\"@type\":\"ListItem\",\"position\":1,\"name\":\"Home\",\"item\":\"https:\\\/\\\/hunter-optics.com\\\/\"},{\"@type\":\"ListItem\",\"position\":2,\"name\":\"Products\",\"item\":\"https:\\\/\\\/hunter-optics.com\\\/shop\\\/\"},{\"@type\":\"ListItem\",\"position\":3,\"name\":\"Crimson Trace Hardline Pro 4-16&#215;50 FFP MOA ILL\"}]},{\"@type\":\"WebSite\",\"@id\":\"https:\\\/\\\/hunter-optics.com\\\/#website\",\"url\":\"https:\\\/\\\/hunter-optics.com\\\/\",\"name\":\"Hunter Optics\",\"description\":\"Hunter Optics \u2014 Your Eye on the Target.\",\"publisher\":{\"@id\":\"https:\\\/\\\/hunter-optics.com\\\/#organization\"},\"potentialAction\":[{\"@type\":\"SearchAction\",\"target\":{\"@type\":\"EntryPoint\",\"urlTemplate\":\"https:\\\/\\\/hunter-optics.com\\\/?s={search_term_string}\"},\"query-input\":{\"@type\":\"PropertyValueSpecification\",\"valueRequired\":true,\"valueName\":\"search_term_string\"}}],\"inLanguage\":\"de\"},{\"@type\":\"Organization\",\"@id\":\"https:\\\/\\\/hunter-optics.com\\\/#organization\",\"name\":\"Hunter Optics\",\"url\":\"https:\\\/\\\/hunter-optics.com\\\/\",\"logo\":{\"@type\":\"ImageObject\",\"inLanguage\":\"de\",\"@id\":\"https:\\\/\\\/hunter-optics.com\\\/#\\\/schema\\\/logo\\\/image\\\/\",\"url\":\"https:\\\/\\\/hunter-optics.com\\\/wp-content\\\/uploads\\\/2025\\\/06\\\/hunter-optics-logo-1.png\",\"contentUrl\":\"https:\\\/\\\/hunter-optics.com\\\/wp-content\\\/uploads\\\/2025\\\/06\\\/hunter-optics-logo-1.png\",\"width\":937,\"height\":373,\"caption\":\"Hunter Optics\"},\"image\":{\"@id\":\"https:\\\/\\\/hunter-optics.com\\\/#\\\/schema\\\/logo\\\/image\\\/\"}}]}<\/script>\n<meta property=\"product:brand\" content=\"Crimson Trace\" \/>\n<meta property=\"product:price:amount\" content=\"1000.99\" \/>\n<meta property=\"product:price:currency\" content=\"USD\" \/>\n<meta property=\"og:availability\" content=\"instock\" \/>\n<meta property=\"product:availability\" content=\"instock\" \/>\n<meta property=\"product:condition\" content=\"new\" \/>\n<!-- \/ Yoast SEO Premium plugin. -->","yoast_head_json":{"title":"Crimson Trace Hardline Pro 4-16x50 FFP MOA ILL - J\u00e4ger-Optik","description":"Die Crimson Trace Hardline Pro Optik wurde mit Blick auf erfahrene Taktik- und Zielsch\u00fctzen entwickelt und von Grund auf neu konzipiert.","robots":{"index":"index","follow":"follow","max-snippet":"max-snippet:-1","max-image-preview":"max-image-preview:large","max-video-preview":"max-video-preview:-1"},"canonical":"https:\/\/hunter-optics.com\/de\/produkt\/karminrot-spur-hardline-pro-4-16x50-ffp-moa-ill\/","og_locale":"de_DE","og_type":"article","og_title":"Crimson Trace Hardline Pro 4-16x50 FFP MOA ILL","og_description":"The Crimson Trace Hardline Pro optics are designed with the experienced tactical and target shooter in mind and have been purposefully built from the ground up.","og_url":"https:\/\/hunter-optics.com\/de\/produkt\/karminrot-spur-hardline-pro-4-16x50-ffp-moa-ill\/","og_site_name":"Hunter Optics","article_modified_time":"2025-07-29T05:48:11+00:00","og_image":[{"width":876,"height":876,"url":"https:\/\/hunter-optics.com\/wp-content\/uploads\/2025\/07\/Hardline-Pro-4-16x50-FFP-MOA-ILL.jpg","type":"image\/jpeg"}],"twitter_card":"summary_large_image","twitter_misc":{"Preis":"&#36;1,000.99","Verf\u00fcgbarkeit":"Auf Lager"},"schema":{"@context":"https:\/\/schema.org","@graph":[{"@type":"WebPage","@id":"https:\/\/hunter-optics.com\/product\/crimson-trace-hardline-pro-4-16x50-ffp-moa-ill\/","url":"https:\/\/hunter-optics.com\/product\/crimson-trace-hardline-pro-4-16x50-ffp-moa-ill\/","name":"Crimson Trace Hardline Pro 4-16x50 FFP MOA ILL - J\u00e4ger-Optik","isPartOf":{"@id":"https:\/\/hunter-optics.com\/#website"},"primaryImageOfPage":{"@id":"https:\/\/hunter-optics.com\/product\/crimson-trace-hardline-pro-4-16x50-ffp-moa-ill\/#primaryimage"},"image":{"@id":"https:\/\/hunter-optics.com\/product\/crimson-trace-hardline-pro-4-16x50-ffp-moa-ill\/#primaryimage"},"thumbnailUrl":"https:\/\/hunter-optics.com\/wp-content\/uploads\/2025\/07\/Hardline-Pro-4-16x50-FFP-MOA-ILL.jpg","datePublished":"2025-07-24T10:04:54+00:00","dateModified":"2025-07-29T05:48:11+00:00","description":"Die Crimson Trace Hardline Pro Optik wurde mit Blick auf erfahrene Taktik- und Zielsch\u00fctzen entwickelt und von Grund auf neu konzipiert.","breadcrumb":{"@id":"https:\/\/hunter-optics.com\/product\/crimson-trace-hardline-pro-4-16x50-ffp-moa-ill\/#breadcrumb"},"inLanguage":"de","potentialAction":[{"@type":"ReadAction","target":["https:\/\/hunter-optics.com\/product\/crimson-trace-hardline-pro-4-16x50-ffp-moa-ill\/"]}]},{"@type":"ImageObject","inLanguage":"de","@id":"https:\/\/hunter-optics.com\/product\/crimson-trace-hardline-pro-4-16x50-ffp-moa-ill\/#primaryimage","url":"https:\/\/hunter-optics.com\/wp-content\/uploads\/2025\/07\/Hardline-Pro-4-16x50-FFP-MOA-ILL.jpg","contentUrl":"https:\/\/hunter-optics.com\/wp-content\/uploads\/2025\/07\/Hardline-Pro-4-16x50-FFP-MOA-ILL.jpg","width":876,"height":876},{"@type":"BreadcrumbList","@id":"https:\/\/hunter-optics.com\/product\/crimson-trace-hardline-pro-4-16x50-ffp-moa-ill\/#breadcrumb","itemListElement":[{"@type":"ListItem","position":1,"name":"Home","item":"https:\/\/hunter-optics.com\/"},{"@type":"ListItem","position":2,"name":"Products","item":"https:\/\/hunter-optics.com\/shop\/"},{"@type":"ListItem","position":3,"name":"Crimson Trace Hardline Pro 4-16&#215;50 FFP MOA ILL"}]},{"@type":"WebSite","@id":"https:\/\/hunter-optics.com\/#website","url":"https:\/\/hunter-optics.com\/","name":"J\u00e4ger-Optik","description":"Hunter Optics - Ihr Auge auf dem Ziel.","publisher":{"@id":"https:\/\/hunter-optics.com\/#organization"},"potentialAction":[{"@type":"SearchAction","target":{"@type":"EntryPoint","urlTemplate":"https:\/\/hunter-optics.com\/?s={search_term_string}"},"query-input":{"@type":"PropertyValueSpecification","valueRequired":true,"valueName":"search_term_string"}}],"inLanguage":"de"},{"@type":"Organization","@id":"https:\/\/hunter-optics.com\/#organization","name":"J\u00e4ger-Optik","url":"https:\/\/hunter-optics.com\/","logo":{"@type":"ImageObject","inLanguage":"de","@id":"https:\/\/hunter-optics.com\/#\/schema\/logo\/image\/","url":"https:\/\/hunter-optics.com\/wp-content\/uploads\/2025\/06\/hunter-optics-logo-1.png","contentUrl":"https:\/\/hunter-optics.com\/wp-content\/uploads\/2025\/06\/hunter-optics-logo-1.png","width":937,"height":373,"caption":"Hunter Optics"},"image":{"@id":"https:\/\/hunter-optics.com\/#\/schema\/logo\/image\/"}}]},"product_brand":"Crimson Trace","product_price_amount":"1000.99","product_price_currency":"USD","og_availability":"instock","product_availability":"instock","product_condition":"new"},"_links":{"self":[{"href":"https:\/\/hunter-optics.com\/de\/wp-json\/wp\/v2\/product\/1442","targetHints":{"allow":["GET"]}}],"collection":[{"href":"https:\/\/hunter-optics.com\/de\/wp-json\/wp\/v2\/product"}],"about":[{"href":"https:\/\/hunter-optics.com\/de\/wp-json\/wp\/v2\/types\/product"}],"replies":[{"embeddable":true,"href":"https:\/\/hunter-optics.com\/de\/wp-json\/wp\/v2\/comments?post=1442"}],"version-history":[{"count":5,"href":"https:\/\/hunter-optics.com\/de\/wp-json\/wp\/v2\/product\/1442\/revisions"}],"predecessor-version":[{"id":1477,"href":"https:\/\/hunter-optics.com\/de\/wp-json\/wp\/v2\/product\/1442\/revisions\/1477"}],"wp:featuredmedia":[{"embeddable":true,"href":"https:\/\/hunter-optics.com\/de\/wp-json\/wp\/v2\/media\/1471"}],"wp:attachment":[{"href":"https:\/\/hunter-optics.com\/de\/wp-json\/wp\/v2\/media?parent=1442"}],"wp:term":[{"taxonomy":"brand","embeddable":true,"href":"https:\/\/hunter-optics.com\/de\/wp-json\/wp\/v2\/etheme_brands?post=1442"},{"taxonomy":"product_brand","embeddable":true,"href":"https:\/\/hunter-optics.com\/de\/wp-json\/wp\/v2\/product_brand?post=1442"},{"taxonomy":"product_cat","embeddable":true,"href":"https:\/\/hunter-optics.com\/de\/wp-json\/wp\/v2\/product_cat?post=1442"},{"taxonomy":"product_tag","embeddable":true,"href":"https:\/\/hunter-optics.com\/de\/wp-json\/wp\/v2\/product_tag?post=1442"}],"curies":[{"name":"wp","href":"https:\/\/api.w.org\/{rel}","templated":true}]}}