{"id":1422,"date":"2025-07-24T09:34:26","date_gmt":"2025-07-24T09:34:26","guid":{"rendered":"https:\/\/hunter-optics.com\/?post_type=product&#038;p=1422"},"modified":"2025-07-24T09:34:27","modified_gmt":"2025-07-24T09:34:27","slug":"riton-5-conquer-5-25x56","status":"publish","type":"product","link":"https:\/\/hunter-optics.com\/de\/produkt\/riton-5-conquer-5-25x56\/","title":{"rendered":"Riton 5 Conquer 5-25\u00d756"},"content":{"rendered":"<div id=\"brxe-hqsamv\" class=\"brxe-text-basic tir-video__subtitle\">Riton 5 Conquer 5-25\u00d756<\/div>\n<div id=\"brxe-uenhta\" class=\"brxe-text prod-video__txt\">\n<p><strong>KLARHEIT IST WICHTIG<\/strong><\/p>\n<p>Das Ziel zu sehen und es gut zu sehen sind zwei verschiedene Dinge. Mit der 5er-Serie k\u00f6nnen Sie beides ohne Probleme erreichen. Das HD-Glas wurde mit der Absicht hergestellt, eine klare Sicht auf Ihr Ziel zu gew\u00e4hrleisten, damit Sie immer wieder Treffer auf die Entfernung erzielen k\u00f6nnen.<\/p>\n<div id=\"brxe-pogdbu\" class=\"brxe-container prod-colmns\">\n<div id=\"brxe-ywglqp\" class=\"brxe-text prod-column__txt\">\n<p><strong>MAXIMIERUNG DER PR\u00c4ZISION<\/strong><\/p>\n<p>Beim Pr\u00e4zisionsschie\u00dfen ist eine gro\u00dfz\u00fcgige Verstellm\u00f6glichkeit von entscheidender Bedeutung, und genau das bietet die 5 Conquer-Serie von Riton. Das 34-Millimeter-Rohr l\u00e4sst nicht nur viel Licht f\u00fcr ein klares Bild durch, sondern bietet auch die n\u00f6tige Verstellbarkeit, um Ihre Sch\u00fcsse auf extreme Distanzen zu bringen.<\/p>\n<p><strong>ABSEHEN DER ZWEITEN NATUR<\/strong><\/p>\n<p>Beide Vergr\u00f6\u00dferungsoptionen der 5 Conquer-Linie bieten MIL- oder MOA-Modelle mit speziell entwickelten Absehen. Die Absehen MOR (MOA) und PSR (MRAD) wurden in Zusammenarbeit mit Leistungssportlern und erfahrenen Langdistanzsch\u00fctzen entwickelt und bieten die Funktionalit\u00e4t, die ernsthafte Sch\u00fctzen ben\u00f6tigen, ohne st\u00f6rende Ger\u00e4usche, die sie nicht wollen. Au\u00dferdem sind die 5 Conquer Absehen glasge\u00e4tzt und beleuchtet, um die Sichtbarkeit zu maximieren.<\/p>\n<p><strong>GENULLT<\/strong><\/p>\n<p><strong>5 Eroberung 5-25\u00d756<\/strong> Zielfernrohre sind mit Riton R5 Zero Stop Revolvern ausgestattet. Diese aus rostfreiem Stahl gefertigten Revolver gew\u00e4hrleisten, dass jede Einstellung konsistent bleibt, und geben Ihnen die Gewissheit, dass sie selbst bei Tausenden von Einstellungen ein Leben lang halten. Die R5 Zero Stop Turrets verf\u00fcgen \u00fcber einen hufeisenf\u00f6rmigen Anschlag, der schnell und einfach ein- und ausgeschaltet werden kann und die Einstellung der Entfernung einfacher denn je macht.<\/p>\n<div id=\"brxe-pzrzqi\" class=\"brxe-block prod-ret-info\">\n<h3 id=\"brxe-ztlivr\" class=\"brxe-heading prod-tabs__title\">Absehen Informationen:<\/h3>\n<p id=\"brxe-grjall\" class=\"brxe-text-basic prod-reticle-name\">RETICLE: BAS \/ PSR<\/p>\n<div id=\"brxe-rkyybx\" class=\"brxe-text-basic prod-ret__txt\">\n<p>Die <strong>PSR-Absehen<\/strong> wurde f\u00fcr ambitionierte Langstreckensch\u00fctzen entwickelt und zeichnet sich durch scharfe Markierungen f\u00fcr Windrichtung und H\u00f6he aus. Die pr\u00e4zisen Rautenmarkierungen und Haltepunkte erm\u00f6glichen schnelle Anpassungen und sorgen f\u00fcr au\u00dfergew\u00f6hnliche Genauigkeit und Vertrauen auf jede Entfernung.<\/p>\n<p>Die <strong>BAS-Absehen<\/strong> ist f\u00fcr MOA-Sch\u00fctzen auf gro\u00dfe Entfernungen gedacht und verf\u00fcgt \u00fcber einen kondensierten Weihnachtsbaum f\u00fcr die Windrichtung, der die Einstellung des Ziels vereinfacht. Diese Konstruktion erm\u00f6glicht es dem Sch\u00fctzen, den Wind schnell und genau zu kompensieren, was die Pr\u00e4zision und das Vertrauen auf gro\u00dfe Entfernungen erh\u00f6ht.<\/p>\n<div id=\"brxe-abuzoo\" class=\"brxe-block x-tabs_panel x-tabs_panel-current\" tabindex=\"0\" role=\"tabpanel\" aria-labelledby=\"brxe-amrphz\">\n<div id=\"brxe-ohplhw\" class=\"brxe-block x-tabs_panel-content\">\n<h3 id=\"brxe-qcmket\" class=\"brxe-heading prod-tabs__title\">Wesentliche Merkmale:<\/h3>\n<div id=\"brxe-pnyzeh\" class=\"brxe-block prod-tab-feature\">\n<div class=\"brxe-xfsvub brxe-block prod-tab-key-loop\"><img loading=\"lazy\" decoding=\"async\" class=\"brxe-rtihxw brxe-image prod-feature__icon css-filter size-full\" src=\"https:\/\/ritonoptics.com\/wp-content\/uploads\/dry-argon-purged-and-sealed-1.png\" alt=\"\" width=\"72\" height=\"74\" \/><\/p>\n<div class=\"brxe-anynyj brxe-div\">\n<p class=\"brxe-abizyp brxe-text-basic prod-feature__title\">Trocken mit Argon gesp\u00fclt und versiegelt<\/p>\n<p class=\"brxe-lprtvs brxe-text-basic prod-feature__txt\">Die Optik wird mit Argongas gesp\u00fclt und versiegelt, um eine hervorragende Leistung unter allen Wetterbedingungen f\u00fcr die gesamte Lebensdauer der...<\/p>\n<\/div>\n<\/div>\n<div class=\"brxe-xfsvub brxe-block prod-tab-key-loop\"><img loading=\"lazy\" decoding=\"async\" class=\"brxe-rtihxw brxe-image prod-feature__icon css-filter size-full\" src=\"https:\/\/ritonoptics.com\/wp-content\/uploads\/precision-quality-1.png\" alt=\"\" width=\"72\" height=\"74\" \/><\/p>\n<div class=\"brxe-anynyj brxe-div\">\n<p class=\"brxe-abizyp brxe-text-basic prod-feature__title\">Pr\u00e4zisions-Qualit\u00e4tssicherung<\/p>\n<p class=\"brxe-lprtvs brxe-text-basic prod-feature__txt\">Jedes Riton-Produkt durchl\u00e4uft einen strengen Qualit\u00e4tskontrollprozess durch zertifizierte Techniker in Tucson, AZ. Jedes Produkt, das Sie erhalten, wurde einer...<\/p>\n<\/div>\n<\/div>\n<div class=\"brxe-xfsvub brxe-block prod-tab-key-loop\"><img loading=\"lazy\" decoding=\"async\" class=\"brxe-rtihxw brxe-image prod-feature__icon css-filter size-full\" src=\"https:\/\/ritonoptics.com\/wp-content\/uploads\/advanced-turret-1.png\" alt=\"\" width=\"72\" height=\"74\" \/><\/p>\n<div class=\"brxe-anynyj brxe-div\">\n<p class=\"brxe-abizyp brxe-text-basic prod-feature__title\">Riton Advanced Turret System<\/p>\n<p class=\"brxe-lprtvs brxe-text-basic prod-feature__txt\">Das Riton Advanced Turret System beinhaltet die Riton Zero Stop Revolver in einer von mehreren Formen, die eine wiederholbare Verfolgung und Genauigkeit gew\u00e4hrleisten.<\/p>\n<\/div>\n<\/div>\n<div class=\"brxe-xfsvub brxe-block prod-tab-key-loop\"><img loading=\"lazy\" decoding=\"async\" class=\"brxe-rtihxw brxe-image prod-feature__icon css-filter size-full\" src=\"https:\/\/ritonoptics.com\/wp-content\/uploads\/ed-glass-1.png\" alt=\"\" width=\"72\" height=\"74\" \/><\/p>\n<div class=\"brxe-anynyj brxe-div\">\n<p class=\"brxe-abizyp brxe-text-basic prod-feature__title\">Riton HD\/ED-Glas<\/p>\n<p class=\"brxe-lprtvs brxe-text-basic prod-feature__txt\">Das Riton High Density (HD)\/Extra Dispersion (ED)-Glas bietet eine Lichtdurchl\u00e4ssigkeit von 99,5% mit besonders geringer Dispersion f\u00fcr ein erweitertes Farbspektrum...<\/p>\n<\/div>\n<\/div>\n<div class=\"brxe-xfsvub brxe-block prod-tab-key-loop\"><img loading=\"lazy\" decoding=\"async\" class=\"brxe-rtihxw brxe-image prod-feature__icon css-filter size-full\" src=\"https:\/\/ritonoptics.com\/wp-content\/uploads\/performance-coating-1.png\" alt=\"\" width=\"72\" height=\"74\" \/><\/p>\n<div class=\"brxe-anynyj brxe-div\">\n<p class=\"brxe-abizyp brxe-text-basic prod-feature__title\">Riton Performance-Beschichtung<\/p>\n<p class=\"brxe-lprtvs brxe-text-basic prod-feature__txt\">Alle Riton-Optiken sind mit propriet\u00e4ren, mehrfach beschichteten Linsen ausgestattet, die eine Verbesserung der Lichtverh\u00e4ltnisse, eine Breitband-, Anti-Kratz- und Anti-Reflex-Beschichtung f\u00fcr...<\/p>\n<\/div>\n<\/div>\n<div class=\"brxe-xfsvub brxe-block prod-tab-key-loop\"><img loading=\"lazy\" decoding=\"async\" class=\"brxe-rtihxw brxe-image prod-feature__icon css-filter size-full\" src=\"https:\/\/ritonoptics.com\/wp-content\/uploads\/rugged-construction-1.png\" alt=\"\" width=\"72\" height=\"74\" \/><\/p>\n<div class=\"brxe-anynyj brxe-div\">\n<p class=\"brxe-abizyp brxe-text-basic prod-feature__title\">Riton Robuste Konstruktion<\/p>\n<p class=\"brxe-lprtvs brxe-text-basic prod-feature__txt\">Die robuste Konstruktion von Riton umfasst die Verwendung von 6061-T6-Aluminium in Flugzeugqualit\u00e4t, CNC-gefr\u00e4ste Rohre aus einem St\u00fcck und Typ III Hartanodisierung....<\/p>\n<\/div>\n<\/div>\n<div class=\"brxe-xfsvub brxe-block prod-tab-key-loop\"><img loading=\"lazy\" decoding=\"async\" class=\"brxe-rtihxw brxe-image prod-feature__icon css-filter size-full\" src=\"https:\/\/ritonoptics.com\/wp-content\/uploads\/airgun-approved-1.png\" alt=\"\" width=\"72\" height=\"74\" \/><\/p>\n<div class=\"brxe-anynyj brxe-div\">\n<p class=\"brxe-abizyp brxe-text-basic prod-feature__title\">Luftgewehr zugelassen<\/p>\n<p class=\"brxe-lprtvs brxe-text-basic prod-feature__txt\">Riton-Zielfernrohre sind hoch bewertet und f\u00fcr die Verwendung mit Luftdruckwaffen geeignet. Sie bieten Langlebigkeit und hervorragende optische Klarheit. Entwickelt, um dem einzigartigen R\u00fccksto\u00df zu widerstehen...<\/p>\n<div id=\"brxe-gtdyre\" class=\"brxe-block x-tabs_panel x-tabs_panel-current\" tabindex=\"0\" role=\"tabpanel\" aria-labelledby=\"brxe-yxbhdb\">\n<div id=\"brxe-eknisj\" class=\"brxe-block x-tabs_panel-content\">\n<h3 id=\"brxe-qzyxzy\" class=\"brxe-heading prod-tabs__title\">Vollst\u00e4ndige Specs:<\/h3>\n<div class=\"brxe-zlpnap brxe-block prod-tab-spec-loop\">\n<p class=\"brxe-ibnnrs brxe-text-basic tab-spec__value\">Vergr\u00f6\u00dferung:5-25<\/p>\n<\/div>\n<div class=\"brxe-zlpnap brxe-block prod-tab-spec-loop\">\n<p class=\"brxe-ibnnrs brxe-text-basic tab-spec__value\">Parallaxenanpassung:20 - Unendlich<\/p>\n<\/div>\n<div class=\"brxe-zlpnap brxe-block prod-tab-spec-loop\">\n<p class=\"brxe-ibnnrs brxe-text-basic tab-spec__value\">Rohrdurchmesser:34mm<\/p>\n<\/div>\n<div class=\"brxe-zlpnap brxe-block prod-tab-spec-loop\">\n<p class=\"brxe-ibnnrs brxe-text-basic tab-spec__value\">Objektivdurchmesser:56mm<\/p>\n<\/div>\n<div class=\"brxe-zlpnap brxe-block prod-tab-spec-loop\">\n<p class=\"brxe-ibnnrs brxe-text-basic tab-spec__value\">Brennebene:Erste Brennebene<\/p>\n<\/div>\n<div class=\"brxe-zlpnap brxe-block prod-tab-spec-loop\">\n<p class=\"brxe-ibnnrs brxe-text-basic tab-spec__value\">Objektivbeschichtung: Voll multiverg\u00fctet, Breitbandbeschichtung, wasserdichte Beschichtung, Low Light Enhancement<\/p>\n<\/div>\n<div class=\"brxe-zlpnap brxe-block prod-tab-spec-loop\">\n<p class=\"brxe-ibnnrs brxe-text-basic tab-spec__value\">Absehen:BAS (MOA) \/ PSR (MRAD), beleuchtet<\/p>\n<\/div>\n<div class=\"brxe-zlpnap brxe-block prod-tab-spec-loop\">\n<p class=\"brxe-ibnnrs brxe-text-basic tab-spec__value\">Sichtfeld auf 100 Yards:22.5ft - 4.5ft<\/p>\n<\/div>\n<div class=\"brxe-zlpnap brxe-block prod-tab-spec-loop\">\n<p class=\"brxe-ibnnrs brxe-text-basic tab-spec__value\">Werkstoff:6061-T6<\/p>\n<\/div>\n<div class=\"brxe-zlpnap brxe-block prod-tab-spec-loop\">\n<p class=\"brxe-ibnnrs brxe-text-basic tab-spec__value\">Augenabstand:3.5in\/90mm<\/p>\n<\/div>\n<div class=\"brxe-zlpnap brxe-block prod-tab-spec-loop\">\n<p class=\"brxe-ibnnrs brxe-text-basic tab-spec__value\">Austrittspupille: Niedrig 10,2 mm - Hoch 2,2 mm<\/p>\n<\/div>\n<div class=\"brxe-zlpnap brxe-block prod-tab-spec-loop\">\n<p class=\"brxe-ibnnrs brxe-text-basic tab-spec__value\">Klickwert auf 100 Yards: 1\/4 MOA oder 1\/10 MRAD<\/p>\n<\/div>\n<div class=\"brxe-zlpnap brxe-block prod-tab-spec-loop\">\n<p class=\"brxe-ibnnrs brxe-text-basic tab-spec__value\">Verstellbereich: 90 MOA oder 26 MRAD<\/p>\n<\/div>\n<div class=\"brxe-zlpnap brxe-block prod-tab-spec-loop\">\n<p class=\"brxe-ibnnrs brxe-text-basic tab-spec__value\">Montage L\u00e4nge:7.37in\/187mm<\/p>\n<\/div>\n<div class=\"brxe-zlpnap brxe-block prod-tab-spec-loop\">\n<p class=\"brxe-ibnnrs brxe-text-basic tab-spec__value\">L\u00e4nge:15.35in\/390mm<\/p>\n<\/div>\n<div class=\"brxe-zlpnap brxe-block prod-tab-spec-loop\">\n<p class=\"brxe-ibnnrs brxe-text-basic tab-spec__value\">Gewicht:2.3lbs\/36.8oz<\/p>\n<\/div>\n<div class=\"brxe-zlpnap brxe-block prod-tab-spec-loop\">\n<p class=\"brxe-ibnnrs brxe-text-basic tab-spec__value\">Batterie:CR2032<\/p>\n<\/div>\n<div class=\"brxe-zlpnap brxe-block prod-tab-spec-loop\">\n<p class=\"brxe-ibnnrs brxe-text-basic tab-spec__value\">Mitgeliefertes Zubeh\u00f6r: Flip Up Lens Covers, Objektivtuch, Inbusschl\u00fcssel<\/p>\n<\/div>\n<\/div>\n<\/div>\n<\/div>\n<\/div>\n<\/div>\n<\/div>\n<\/div>\n<\/div>\n<\/div>\n<\/div>\n<\/div>\n<\/div>","protected":false},"excerpt":{"rendered":"<p>Die <strong>5 Eroberung 5-25\u00d756<\/strong> von Riton Optics bietet Ihnen das optische Handwerkszeug, um auf gro\u00dfe Entfernungen zu schie\u00dfen, als w\u00e4re es ein Schie\u00dfen im Hinterhof. Mit intuitiven Absehen, HD\/ED-Glas, einem breiten Verstellbereich und dem zum Patent angemeldeten Dual Throw Lever System, alles in einem 34-Millimeter-Geh\u00e4use, wird diese Optik Sie glauben lassen, dass die Herausforderungen des Schie\u00dfens auf gro\u00dfe Entfernungen nie existiert haben.<\/p>","protected":false},"featured_media":1423,"comment_status":"open","ping_status":"closed","template":"","meta":[],"etheme_brands":[{"term_id":44,"name":"Riton","slug":"riton","term_group":0,"term_taxonomy_id":44,"taxonomy":"brand","description":"","parent":0,"count":18,"filter":"raw"}],"product_brand":[],"product_cat":[49],"product_tag":[],"class_list":{"0":"post-1422","1":"product","2":"type-product","3":"status-publish","4":"has-post-thumbnail","6":"brand-riton","7":"product_cat-rifle-scopes","9":"first","10":"outofstock","11":"sale","12":"taxable","13":"shipping-taxable","14":"purchasable","15":"product-type-variable"},"yoast_head":"<!-- This site is optimized with the Yoast SEO Premium plugin v25.7.1 (Yoast SEO v27.4) - https:\/\/yoast.com\/product\/yoast-seo-premium-wordpress\/ -->\n<title>Riton 5 Conquer 5-25\u00d756 - Hunter Optics<\/title>\n<meta name=\"description\" content=\"The 5 Conquer 5-25\u00d756 from Riton Optics provides you with the optical tools to shoot long distances as if it were like plinking in the backyard.\" \/>\n<meta name=\"robots\" content=\"index, follow, max-snippet:-1, max-image-preview:large, max-video-preview:-1\" \/>\n<link rel=\"canonical\" href=\"https:\/\/hunter-optics.com\/de\/produkt\/riton-5-conquer-5-25x56\/\" \/>\n<meta property=\"og:locale\" content=\"de_DE\" \/>\n<meta property=\"og:type\" content=\"article\" \/>\n<meta property=\"og:title\" content=\"Riton 5 Conquer 5-25\u00d756\" \/>\n<meta property=\"og:description\" content=\"The 5 Conquer 5-25\u00d756 from Riton Optics provides you with the optical tools to shoot long distances as if it were like plinking in the backyard.\" \/>\n<meta property=\"og:url\" content=\"https:\/\/hunter-optics.com\/de\/produkt\/riton-5-conquer-5-25x56\/\" \/>\n<meta property=\"og:site_name\" content=\"Hunter Optics\" \/>\n<meta property=\"article:modified_time\" content=\"2025-07-24T09:34:27+00:00\" \/>\n<meta property=\"og:image\" content=\"https:\/\/hunter-optics.com\/wp-content\/uploads\/2025\/07\/5-Conquer-5-25x56-MOA-Angled.webp\" \/>\n\t<meta property=\"og:image:width\" content=\"876\" \/>\n\t<meta property=\"og:image:height\" content=\"876\" \/>\n\t<meta property=\"og:image:type\" content=\"image\/webp\" \/>\n<meta name=\"twitter:card\" content=\"summary_large_image\" \/>\n<meta name=\"twitter:label1\" content=\"Verf\u00fcgbarkeit\" \/>\n\t<meta name=\"twitter:data1\" content=\"ausverkauft\" \/>\n<script type=\"application\/ld+json\" class=\"yoast-schema-graph\">{\"@context\":\"https:\\\/\\\/schema.org\",\"@graph\":[{\"@type\":\"WebPage\",\"@id\":\"https:\\\/\\\/hunter-optics.com\\\/product\\\/riton-5-conquer-5-25x56\\\/\",\"url\":\"https:\\\/\\\/hunter-optics.com\\\/product\\\/riton-5-conquer-5-25x56\\\/\",\"name\":\"Riton 5 Conquer 5-25\u00d756 - Hunter Optics\",\"isPartOf\":{\"@id\":\"https:\\\/\\\/hunter-optics.com\\\/#website\"},\"primaryImageOfPage\":{\"@id\":\"https:\\\/\\\/hunter-optics.com\\\/product\\\/riton-5-conquer-5-25x56\\\/#primaryimage\"},\"image\":{\"@id\":\"https:\\\/\\\/hunter-optics.com\\\/product\\\/riton-5-conquer-5-25x56\\\/#primaryimage\"},\"thumbnailUrl\":\"https:\\\/\\\/hunter-optics.com\\\/wp-content\\\/uploads\\\/2025\\\/07\\\/5-Conquer-5-25x56-MOA-Angled.webp\",\"datePublished\":\"2025-07-24T09:34:26+00:00\",\"dateModified\":\"2025-07-24T09:34:27+00:00\",\"description\":\"The 5 Conquer 5-25\u00d756 from Riton Optics provides you with the optical tools to shoot long distances as if it were like plinking in the backyard.\",\"breadcrumb\":{\"@id\":\"https:\\\/\\\/hunter-optics.com\\\/product\\\/riton-5-conquer-5-25x56\\\/#breadcrumb\"},\"inLanguage\":\"de\",\"potentialAction\":[{\"@type\":\"ReadAction\",\"target\":[\"https:\\\/\\\/hunter-optics.com\\\/product\\\/riton-5-conquer-5-25x56\\\/\"]}]},{\"@type\":\"ImageObject\",\"inLanguage\":\"de\",\"@id\":\"https:\\\/\\\/hunter-optics.com\\\/product\\\/riton-5-conquer-5-25x56\\\/#primaryimage\",\"url\":\"https:\\\/\\\/hunter-optics.com\\\/wp-content\\\/uploads\\\/2025\\\/07\\\/5-Conquer-5-25x56-MOA-Angled.webp\",\"contentUrl\":\"https:\\\/\\\/hunter-optics.com\\\/wp-content\\\/uploads\\\/2025\\\/07\\\/5-Conquer-5-25x56-MOA-Angled.webp\",\"width\":876,\"height\":876},{\"@type\":\"BreadcrumbList\",\"@id\":\"https:\\\/\\\/hunter-optics.com\\\/product\\\/riton-5-conquer-5-25x56\\\/#breadcrumb\",\"itemListElement\":[{\"@type\":\"ListItem\",\"position\":1,\"name\":\"Home\",\"item\":\"https:\\\/\\\/hunter-optics.com\\\/\"},{\"@type\":\"ListItem\",\"position\":2,\"name\":\"Products\",\"item\":\"https:\\\/\\\/hunter-optics.com\\\/shop\\\/\"},{\"@type\":\"ListItem\",\"position\":3,\"name\":\"Riton 5 Conquer 5-25\u00d756\"}]},{\"@type\":\"WebSite\",\"@id\":\"https:\\\/\\\/hunter-optics.com\\\/#website\",\"url\":\"https:\\\/\\\/hunter-optics.com\\\/\",\"name\":\"Hunter Optics\",\"description\":\"Hunter Optics \u2014 Your Eye on the Target.\",\"publisher\":{\"@id\":\"https:\\\/\\\/hunter-optics.com\\\/#organization\"},\"potentialAction\":[{\"@type\":\"SearchAction\",\"target\":{\"@type\":\"EntryPoint\",\"urlTemplate\":\"https:\\\/\\\/hunter-optics.com\\\/?s={search_term_string}\"},\"query-input\":{\"@type\":\"PropertyValueSpecification\",\"valueRequired\":true,\"valueName\":\"search_term_string\"}}],\"inLanguage\":\"de\"},{\"@type\":\"Organization\",\"@id\":\"https:\\\/\\\/hunter-optics.com\\\/#organization\",\"name\":\"Hunter Optics\",\"url\":\"https:\\\/\\\/hunter-optics.com\\\/\",\"logo\":{\"@type\":\"ImageObject\",\"inLanguage\":\"de\",\"@id\":\"https:\\\/\\\/hunter-optics.com\\\/#\\\/schema\\\/logo\\\/image\\\/\",\"url\":\"https:\\\/\\\/hunter-optics.com\\\/wp-content\\\/uploads\\\/2025\\\/06\\\/hunter-optics-logo-1.png\",\"contentUrl\":\"https:\\\/\\\/hunter-optics.com\\\/wp-content\\\/uploads\\\/2025\\\/06\\\/hunter-optics-logo-1.png\",\"width\":937,\"height\":373,\"caption\":\"Hunter Optics\"},\"image\":{\"@id\":\"https:\\\/\\\/hunter-optics.com\\\/#\\\/schema\\\/logo\\\/image\\\/\"}}]}<\/script>\n<meta property=\"product:brand\" content=\"Riton\" \/>\n<meta property=\"og:availability\" content=\"out of stock\" \/>\n<meta property=\"product:availability\" content=\"out of stock\" \/>\n<meta property=\"product:condition\" content=\"new\" \/>\n<!-- \/ Yoast SEO Premium plugin. -->","yoast_head_json":{"title":"Riton 5 Conquer 5-25\u00d756 - J\u00e4geroptik","description":"Das 5 Conquer 5-25\u00d756 von Riton Optics bietet Ihnen das optische Handwerkszeug, um auf weite Entfernungen zu schie\u00dfen, als w\u00e4re es ein Plinking im Hinterhof.","robots":{"index":"index","follow":"follow","max-snippet":"max-snippet:-1","max-image-preview":"max-image-preview:large","max-video-preview":"max-video-preview:-1"},"canonical":"https:\/\/hunter-optics.com\/de\/produkt\/riton-5-conquer-5-25x56\/","og_locale":"de_DE","og_type":"article","og_title":"Riton 5 Conquer 5-25\u00d756","og_description":"The 5 Conquer 5-25\u00d756 from Riton Optics provides you with the optical tools to shoot long distances as if it were like plinking in the backyard.","og_url":"https:\/\/hunter-optics.com\/de\/produkt\/riton-5-conquer-5-25x56\/","og_site_name":"Hunter Optics","article_modified_time":"2025-07-24T09:34:27+00:00","og_image":[{"width":876,"height":876,"url":"https:\/\/hunter-optics.com\/wp-content\/uploads\/2025\/07\/5-Conquer-5-25x56-MOA-Angled.webp","type":"image\/webp"}],"twitter_card":"summary_large_image","twitter_misc":{"Verf\u00fcgbarkeit":"ausverkauft"},"schema":{"@context":"https:\/\/schema.org","@graph":[{"@type":"WebPage","@id":"https:\/\/hunter-optics.com\/product\/riton-5-conquer-5-25x56\/","url":"https:\/\/hunter-optics.com\/product\/riton-5-conquer-5-25x56\/","name":"Riton 5 Conquer 5-25\u00d756 - J\u00e4geroptik","isPartOf":{"@id":"https:\/\/hunter-optics.com\/#website"},"primaryImageOfPage":{"@id":"https:\/\/hunter-optics.com\/product\/riton-5-conquer-5-25x56\/#primaryimage"},"image":{"@id":"https:\/\/hunter-optics.com\/product\/riton-5-conquer-5-25x56\/#primaryimage"},"thumbnailUrl":"https:\/\/hunter-optics.com\/wp-content\/uploads\/2025\/07\/5-Conquer-5-25x56-MOA-Angled.webp","datePublished":"2025-07-24T09:34:26+00:00","dateModified":"2025-07-24T09:34:27+00:00","description":"Das 5 Conquer 5-25\u00d756 von Riton Optics bietet Ihnen das optische Handwerkszeug, um auf weite Entfernungen zu schie\u00dfen, als w\u00e4re es ein Plinking im Hinterhof.","breadcrumb":{"@id":"https:\/\/hunter-optics.com\/product\/riton-5-conquer-5-25x56\/#breadcrumb"},"inLanguage":"de","potentialAction":[{"@type":"ReadAction","target":["https:\/\/hunter-optics.com\/product\/riton-5-conquer-5-25x56\/"]}]},{"@type":"ImageObject","inLanguage":"de","@id":"https:\/\/hunter-optics.com\/product\/riton-5-conquer-5-25x56\/#primaryimage","url":"https:\/\/hunter-optics.com\/wp-content\/uploads\/2025\/07\/5-Conquer-5-25x56-MOA-Angled.webp","contentUrl":"https:\/\/hunter-optics.com\/wp-content\/uploads\/2025\/07\/5-Conquer-5-25x56-MOA-Angled.webp","width":876,"height":876},{"@type":"BreadcrumbList","@id":"https:\/\/hunter-optics.com\/product\/riton-5-conquer-5-25x56\/#breadcrumb","itemListElement":[{"@type":"ListItem","position":1,"name":"Home","item":"https:\/\/hunter-optics.com\/"},{"@type":"ListItem","position":2,"name":"Products","item":"https:\/\/hunter-optics.com\/shop\/"},{"@type":"ListItem","position":3,"name":"Riton 5 Conquer 5-25\u00d756"}]},{"@type":"WebSite","@id":"https:\/\/hunter-optics.com\/#website","url":"https:\/\/hunter-optics.com\/","name":"J\u00e4ger-Optik","description":"Hunter Optics - Ihr Auge auf dem Ziel.","publisher":{"@id":"https:\/\/hunter-optics.com\/#organization"},"potentialAction":[{"@type":"SearchAction","target":{"@type":"EntryPoint","urlTemplate":"https:\/\/hunter-optics.com\/?s={search_term_string}"},"query-input":{"@type":"PropertyValueSpecification","valueRequired":true,"valueName":"search_term_string"}}],"inLanguage":"de"},{"@type":"Organization","@id":"https:\/\/hunter-optics.com\/#organization","name":"J\u00e4ger-Optik","url":"https:\/\/hunter-optics.com\/","logo":{"@type":"ImageObject","inLanguage":"de","@id":"https:\/\/hunter-optics.com\/#\/schema\/logo\/image\/","url":"https:\/\/hunter-optics.com\/wp-content\/uploads\/2025\/06\/hunter-optics-logo-1.png","contentUrl":"https:\/\/hunter-optics.com\/wp-content\/uploads\/2025\/06\/hunter-optics-logo-1.png","width":937,"height":373,"caption":"Hunter Optics"},"image":{"@id":"https:\/\/hunter-optics.com\/#\/schema\/logo\/image\/"}}]},"product_brand":"Riton","og_availability":"out of stock","product_availability":"out of stock","product_condition":"new"},"_links":{"self":[{"href":"https:\/\/hunter-optics.com\/de\/wp-json\/wp\/v2\/product\/1422","targetHints":{"allow":["GET"]}}],"collection":[{"href":"https:\/\/hunter-optics.com\/de\/wp-json\/wp\/v2\/product"}],"about":[{"href":"https:\/\/hunter-optics.com\/de\/wp-json\/wp\/v2\/types\/product"}],"replies":[{"embeddable":true,"href":"https:\/\/hunter-optics.com\/de\/wp-json\/wp\/v2\/comments?post=1422"}],"version-history":[{"count":1,"href":"https:\/\/hunter-optics.com\/de\/wp-json\/wp\/v2\/product\/1422\/revisions"}],"predecessor-version":[{"id":1433,"href":"https:\/\/hunter-optics.com\/de\/wp-json\/wp\/v2\/product\/1422\/revisions\/1433"}],"wp:featuredmedia":[{"embeddable":true,"href":"https:\/\/hunter-optics.com\/de\/wp-json\/wp\/v2\/media\/1423"}],"wp:attachment":[{"href":"https:\/\/hunter-optics.com\/de\/wp-json\/wp\/v2\/media?parent=1422"}],"wp:term":[{"taxonomy":"brand","embeddable":true,"href":"https:\/\/hunter-optics.com\/de\/wp-json\/wp\/v2\/etheme_brands?post=1422"},{"taxonomy":"product_brand","embeddable":true,"href":"https:\/\/hunter-optics.com\/de\/wp-json\/wp\/v2\/product_brand?post=1422"},{"taxonomy":"product_cat","embeddable":true,"href":"https:\/\/hunter-optics.com\/de\/wp-json\/wp\/v2\/product_cat?post=1422"},{"taxonomy":"product_tag","embeddable":true,"href":"https:\/\/hunter-optics.com\/de\/wp-json\/wp\/v2\/product_tag?post=1422"}],"curies":[{"name":"wp","href":"https:\/\/api.w.org\/{rel}","templated":true}]}}