{"id":1412,"date":"2025-07-24T09:24:17","date_gmt":"2025-07-24T09:24:17","guid":{"rendered":"https:\/\/hunter-optics.com\/?post_type=product&#038;p=1412"},"modified":"2025-07-24T10:02:44","modified_gmt":"2025-07-24T10:02:44","slug":"riton-7-conquer-4-32x56","status":"publish","type":"product","link":"https:\/\/hunter-optics.com\/de\/produkt\/riton-7-conquer-4-32x56\/","title":{"rendered":"Riton 7 CONQUER 4-32\u00d756"},"content":{"rendered":"<div id=\"brxe-hqsamv\" class=\"brxe-text-basic tir-video__subtitle\">Riton 7 CONQUER 4-32\u00d756<\/div>\n<div id=\"brxe-uenhta\" class=\"brxe-text prod-video__txt\">\n<p><strong>KLEIN SEHEN<\/strong><\/p>\n<p>Die Serie 7 bietet japanische Gl\u00e4ser und optische Systeme, die unseren Sch\u00fctzen eine erstklassige Leistung, Klarheit und Sicht bieten. Japanische optische Komponenten werden seit langem f\u00fcr ihre Qualit\u00e4t verehrt und sind bei Sch\u00fctzen, die auf Entfernungen schie\u00dfen, die typischerweise f\u00fcr Leichtathletikveranstaltungen reserviert sind, sehr beliebt. Die optischen Systeme der Serie 7 bieten genau das, was diese Sch\u00fcsse erfordern.<\/p>\n<div id=\"brxe-pogdbu\" class=\"brxe-container prod-colmns\">\n<div id=\"brxe-ywglqp\" class=\"brxe-text prod-column__txt\">\n<p><strong>GESCHAFFEN F\u00dcR LAST<\/strong><\/p>\n<p>Die Riton 7 Serie wurde gebaut, um den Elementen, St\u00f6\u00dfen und allem, was dazwischen liegt, zu trotzen und dabei die Pr\u00e4zision zu erhalten. Gefertigt aus 6061-T6 Aluminium in Flugzeugqualit\u00e4t ist die <strong>7 Erobern 4-32\u00d756<\/strong> wurde unter dem Gesichtspunkt der Langlebigkeit entwickelt, um allen Bedingungen standzuhalten, denen Sie ausgesetzt sind. Wie alle Riton-Zielfernrohre ist die 7er-Serie bis zu 1.200 Gs sto\u00dfgetestet, f\u00fcr Luftgewehre zugelassen und wird durch die begrenzte lebenslange Garantie von Riton unterst\u00fctzt. Ganz gleich, f\u00fcr welche Anwendung Sie die Riton 7er Serie einsetzen, sie ist so gebaut, dass sie ohne Kompromisse bei der Leistung auskommt.<\/p>\n<p><strong>ZUR\u00dcCK ZU NULL<\/strong><\/p>\n<p>Die <strong>7 Erobern 4-32\u00d756<\/strong> verf\u00fcgt \u00fcber Riton R7 Zero Stop Turrets, die aus rostfreiem Stahl gefertigt sind. Sie halten Ihre Einstellungen konsistent und geben Ihnen die Gewissheit, dass sie ein Leben lang halten, selbst nach Tausenden von Einstellungen. Die R7-Nullanschlagrevolver sind einfach einzustellen, so dass Sie den Nullanschlag nach dem Einschie\u00dfen mit geringem Kraftaufwand aktivieren k\u00f6nnen. Das bedeutet, dass Sie sich in Ihrem Einstellbereich bewegen k\u00f6nnen, um l\u00e4ngere Sch\u00fcsse zu machen, was ebenfalls einfach ist.<\/p>\n<p><strong>ANPASSUNG AN IHRE UMGEBUNG<\/strong><\/p>\n<p>Die Beleuchtung kann ein entscheidendes Merkmal sein, das Ihnen hilft, sich an Ihre Umgebung anzupassen. Die Riton 7 Serie ist auf alle m\u00f6glichen Umgebungssituationen vorbereitet. Sie verf\u00fcgt \u00fcber 6 Beleuchtungsstufen mit einem Aus-Schalter zwischen den einzelnen Stufen, mit dem Sie die perfekte Position f\u00fcr Ihre Bed\u00fcrfnisse einstellen und die Stufen w\u00e4hrend der Fahrt \u00e4ndern k\u00f6nnen.<\/p>\n<p><strong>SCHNELLE VERGR\u00d6SSERUNGS\u00c4NDERUNGEN IN JEDEM ZUSTAND<\/strong><\/p>\n<p>Die Serie 7 verf\u00fcgt \u00fcber das zum Patent angemeldete Dual Throw Lever System von Riton, das sich perfekt f\u00fcr Anwendungen eignet, bei denen Sie schnell zwischen den Vergr\u00f6\u00dferungsstufen wechseln m\u00fcssen, um das Ziel zu treffen. Mit mehreren Positionen f\u00fcr den Wurfhebel und mehreren H\u00f6hen zur Auswahl k\u00f6nnen Sie Ihr Setup so anpassen, wie Sie schie\u00dfen m\u00f6chten. Ganz gleich, ob Sie Gewicht sparen und ein niedriges Profil beibehalten wollen oder ob Sie Ihre Vergr\u00f6\u00dferung mit Handschuhen oder unter rutschigen oder nassen Bedingungen bedienen m\u00fcssen, das Dual Throw Lever System bietet die Art von Modularit\u00e4t und Anpassung, die Sie ben\u00f6tigen.<\/p>\n<div id=\"brxe-pzrzqi\" class=\"brxe-block prod-ret-info\">\n<h3 id=\"brxe-ztlivr\" class=\"brxe-heading prod-tabs__title\">Absehen Informationen:<\/h3>\n<p id=\"brxe-grjall\" class=\"brxe-text-basic prod-reticle-name\">RETICLE: PSR(MRAD) \/ MOR(MOA)<\/p>\n<div id=\"brxe-rkyybx\" class=\"brxe-text-basic prod-ret__txt\">\n<p>Die <strong>PSR-Absehen<\/strong> wurde f\u00fcr ambitionierte Langstreckensch\u00fctzen entwickelt und zeichnet sich durch scharfe Markierungen f\u00fcr Windrichtung und H\u00f6he aus. Die pr\u00e4zisen Rautenmarkierungen und Haltepunkte erm\u00f6glichen schnelle Anpassungen und sorgen f\u00fcr au\u00dfergew\u00f6hnliche Genauigkeit und Vertrauen auf jede Entfernung.<\/p>\n<p>Die <strong>MOR-Fadenkreuz<\/strong> zeichnet sich durch seine F\u00e4higkeit zum Schie\u00dfen auf gro\u00dfe Entfernungen aus. Das Punkt- und Fadenkreuzdesign sorgt f\u00fcr pr\u00e4zises Zielen, w\u00e4hrend die Windangleichung eine genaue Anpassung an den Wind erm\u00f6glicht und Ihnen Vertrauen in jeden Schuss gibt.<\/p>\n<div id=\"brxe-abuzoo\" class=\"brxe-block x-tabs_panel x-tabs_panel-current\" tabindex=\"0\" role=\"tabpanel\" aria-labelledby=\"brxe-amrphz\">\n<div id=\"brxe-ohplhw\" class=\"brxe-block x-tabs_panel-content\">\n<h3 id=\"brxe-qcmket\" class=\"brxe-heading prod-tabs__title\">Wesentliche Merkmale:<\/h3>\n<div id=\"brxe-pnyzeh\" class=\"brxe-block prod-tab-feature\">\n<div class=\"brxe-xfsvub brxe-block prod-tab-key-loop\"><img loading=\"lazy\" decoding=\"async\" class=\"brxe-rtihxw brxe-image prod-feature__icon css-filter size-full\" src=\"https:\/\/ritonoptics.com\/wp-content\/uploads\/dry-argon-purged-and-sealed-1.png\" alt=\"\" width=\"72\" height=\"74\" \/><\/p>\n<div class=\"brxe-anynyj brxe-div\">\n<p class=\"brxe-abizyp brxe-text-basic prod-feature__title\">Trocken mit Argon gesp\u00fclt und versiegelt<\/p>\n<p class=\"brxe-lprtvs brxe-text-basic prod-feature__txt\">Die Optik wird mit Argongas gesp\u00fclt und versiegelt, um eine hervorragende Leistung unter allen Wetterbedingungen f\u00fcr die gesamte Lebensdauer der...<\/p>\n<\/div>\n<\/div>\n<div class=\"brxe-xfsvub brxe-block prod-tab-key-loop\"><img loading=\"lazy\" decoding=\"async\" class=\"brxe-rtihxw brxe-image prod-feature__icon css-filter size-full\" src=\"https:\/\/ritonoptics.com\/wp-content\/uploads\/precision-quality-1.png\" alt=\"\" width=\"72\" height=\"74\" \/><\/p>\n<div class=\"brxe-anynyj brxe-div\">\n<p class=\"brxe-abizyp brxe-text-basic prod-feature__title\">Pr\u00e4zisions-Qualit\u00e4tssicherung<\/p>\n<p class=\"brxe-lprtvs brxe-text-basic prod-feature__txt\">Jedes Riton-Produkt durchl\u00e4uft einen strengen Qualit\u00e4tskontrollprozess durch zertifizierte Techniker in Tucson, AZ. Jedes Produkt, das Sie erhalten, wurde einer...<\/p>\n<\/div>\n<\/div>\n<div class=\"brxe-xfsvub brxe-block prod-tab-key-loop\"><img loading=\"lazy\" decoding=\"async\" class=\"brxe-rtihxw brxe-image prod-feature__icon css-filter size-full\" src=\"https:\/\/ritonoptics.com\/wp-content\/uploads\/advanced-turret-1.png\" alt=\"\" width=\"72\" height=\"74\" \/><\/p>\n<div class=\"brxe-anynyj brxe-div\">\n<p class=\"brxe-abizyp brxe-text-basic prod-feature__title\">Riton Advanced Turret System<\/p>\n<p class=\"brxe-lprtvs brxe-text-basic prod-feature__txt\">Das Riton Advanced Turret System beinhaltet die Riton Zero Stop Revolver in einer von mehreren Formen, die eine wiederholbare Verfolgung und Genauigkeit gew\u00e4hrleisten.<\/p>\n<\/div>\n<\/div>\n<div class=\"brxe-xfsvub brxe-block prod-tab-key-loop\"><img loading=\"lazy\" decoding=\"async\" class=\"brxe-rtihxw brxe-image prod-feature__icon css-filter size-full\" src=\"https:\/\/ritonoptics.com\/wp-content\/uploads\/ed-glass-1.png\" alt=\"\" width=\"72\" height=\"74\" \/><\/p>\n<div class=\"brxe-anynyj brxe-div\">\n<p class=\"brxe-abizyp brxe-text-basic prod-feature__title\">Riton HD\/ED-Glas<\/p>\n<p class=\"brxe-lprtvs brxe-text-basic prod-feature__txt\">Das Riton High Density (HD)\/Extra Dispersion (ED)-Glas bietet eine Lichtdurchl\u00e4ssigkeit von 99,5% mit besonders geringer Dispersion f\u00fcr ein erweitertes Farbspektrum...<\/p>\n<\/div>\n<\/div>\n<div class=\"brxe-xfsvub brxe-block prod-tab-key-loop\"><img loading=\"lazy\" decoding=\"async\" class=\"brxe-rtihxw brxe-image prod-feature__icon css-filter size-full\" src=\"https:\/\/ritonoptics.com\/wp-content\/uploads\/performance-coating-1.png\" alt=\"\" width=\"72\" height=\"74\" \/><\/p>\n<div class=\"brxe-anynyj brxe-div\">\n<p class=\"brxe-abizyp brxe-text-basic prod-feature__title\">Riton Performance-Beschichtung<\/p>\n<p class=\"brxe-lprtvs brxe-text-basic prod-feature__txt\">Alle Riton-Optiken sind mit propriet\u00e4ren, mehrfach beschichteten Linsen ausgestattet, die eine Verbesserung der Lichtverh\u00e4ltnisse, eine Breitband-, Anti-Kratz- und Anti-Reflex-Beschichtung f\u00fcr...<\/p>\n<\/div>\n<\/div>\n<div class=\"brxe-xfsvub brxe-block prod-tab-key-loop\"><img loading=\"lazy\" decoding=\"async\" class=\"brxe-rtihxw brxe-image prod-feature__icon css-filter size-full\" src=\"https:\/\/ritonoptics.com\/wp-content\/uploads\/rugged-construction-1.png\" alt=\"\" width=\"72\" height=\"74\" \/><\/p>\n<div class=\"brxe-anynyj brxe-div\">\n<p class=\"brxe-abizyp brxe-text-basic prod-feature__title\">Riton Robuste Konstruktion<\/p>\n<p class=\"brxe-lprtvs brxe-text-basic prod-feature__txt\">Die robuste Konstruktion von Riton umfasst die Verwendung von 6061-T6-Aluminium in Flugzeugqualit\u00e4t, CNC-gefr\u00e4ste Rohre aus einem St\u00fcck und Typ III Hartanodisierung....<\/p>\n<\/div>\n<\/div>\n<div class=\"brxe-xfsvub brxe-block prod-tab-key-loop\"><img loading=\"lazy\" decoding=\"async\" class=\"brxe-rtihxw brxe-image prod-feature__icon css-filter size-full\" src=\"https:\/\/ritonoptics.com\/wp-content\/uploads\/airgun-approved-1.png\" alt=\"\" width=\"72\" height=\"74\" \/><\/p>\n<div class=\"brxe-anynyj brxe-div\">\n<p class=\"brxe-abizyp brxe-text-basic prod-feature__title\">Luftgewehr zugelassen<\/p>\n<p class=\"brxe-lprtvs brxe-text-basic prod-feature__txt\">Riton-Zielfernrohre sind hoch bewertet und f\u00fcr die Verwendung mit Luftdruckwaffen geeignet. Sie bieten Langlebigkeit und hervorragende optische Klarheit. Entwickelt, um dem einzigartigen R\u00fccksto\u00df zu widerstehen...<\/p>\n<div id=\"brxe-gtdyre\" class=\"brxe-block x-tabs_panel x-tabs_panel-current\" tabindex=\"0\" role=\"tabpanel\" aria-labelledby=\"brxe-yxbhdb\">\n<div id=\"brxe-eknisj\" class=\"brxe-block x-tabs_panel-content\">\n<h3 id=\"brxe-qzyxzy\" class=\"brxe-heading prod-tabs__title\">Vollst\u00e4ndige Specs:<\/h3>\n<div class=\"brxe-zlpnap brxe-block prod-tab-spec-loop\">\n<p class=\"brxe-ibnnrs brxe-text-basic tab-spec__value\">Vergr\u00f6\u00dferung:4-32<\/p>\n<\/div>\n<div class=\"brxe-zlpnap brxe-block prod-tab-spec-loop\">\n<p class=\"brxe-ibnnrs brxe-text-basic tab-spec__value\">Parallaxenanpassung:20 - unendlich<\/p>\n<\/div>\n<div class=\"brxe-zlpnap brxe-block prod-tab-spec-loop\">\n<p class=\"brxe-ibnnrs brxe-text-basic tab-spec__value\">Rohrdurchmesser:34mm<\/p>\n<\/div>\n<div class=\"brxe-zlpnap brxe-block prod-tab-spec-loop\">\n<p class=\"brxe-ibnnrs brxe-text-basic tab-spec__value\">Objektivdurchmesser:56mm<\/p>\n<\/div>\n<div class=\"brxe-zlpnap brxe-block prod-tab-spec-loop\">\n<p class=\"brxe-ibnnrs brxe-text-basic tab-spec__value\">Brennebene:Erste Brennebene<\/p>\n<\/div>\n<div class=\"brxe-zlpnap brxe-block prod-tab-spec-loop\">\n<p class=\"brxe-ibnnrs brxe-text-basic tab-spec__value\">Objektivbeschichtung: Voll multiverg\u00fctet, Breitbandbeschichtung, wasserdichte Beschichtung, Low Light Enhancement<\/p>\n<\/div>\n<div class=\"brxe-zlpnap brxe-block prod-tab-spec-loop\">\n<p class=\"brxe-ibnnrs brxe-text-basic tab-spec__value\">Absehen:PSR(MRAD), beleuchtet \/ MOR(MOA), beleuchtet<\/p>\n<\/div>\n<div class=\"brxe-zlpnap brxe-block prod-tab-spec-loop\">\n<p class=\"brxe-ibnnrs brxe-text-basic tab-spec__value\">Sichtfeld bei 100 Yards: 27ft - 3.4ft<\/p>\n<\/div>\n<div class=\"brxe-zlpnap brxe-block prod-tab-spec-loop\">\n<p class=\"brxe-ibnnrs brxe-text-basic tab-spec__value\">Werkstoff:6061-T6<\/p>\n<\/div>\n<div class=\"brxe-zlpnap brxe-block prod-tab-spec-loop\">\n<p class=\"brxe-ibnnrs brxe-text-basic tab-spec__value\">Augenabstand:3.5in\/90mm<\/p>\n<\/div>\n<div class=\"brxe-zlpnap brxe-block prod-tab-spec-loop\">\n<p class=\"brxe-ibnnrs brxe-text-basic tab-spec__value\">Austrittspupille: Niedrig 7 mm - Hoch 1,6 mm<\/p>\n<\/div>\n<div class=\"brxe-zlpnap brxe-block prod-tab-spec-loop\">\n<p class=\"brxe-ibnnrs brxe-text-basic tab-spec__value\">Klickwert auf 100 Yards: 1\/10 MRAD, 1\/4 MOA<\/p>\n<\/div>\n<div class=\"brxe-zlpnap brxe-block prod-tab-spec-loop\">\n<p class=\"brxe-ibnnrs brxe-text-basic tab-spec__value\">Verstellbereich:32 MRAD, 110 MOA<\/p>\n<\/div>\n<div class=\"brxe-zlpnap brxe-block prod-tab-spec-loop\">\n<p class=\"brxe-ibnnrs brxe-text-basic tab-spec__value\">Montage L\u00e4nge:7.37in\/187mm<\/p>\n<\/div>\n<div class=\"brxe-zlpnap brxe-block prod-tab-spec-loop\">\n<p class=\"brxe-ibnnrs brxe-text-basic tab-spec__value\">L\u00e4nge:14.96in\/380mm<\/p>\n<\/div>\n<div class=\"brxe-zlpnap brxe-block prod-tab-spec-loop\">\n<p class=\"brxe-ibnnrs brxe-text-basic tab-spec__value\">Gewicht:2.4lbs\/38.4oz<\/p>\n<\/div>\n<div class=\"brxe-zlpnap brxe-block prod-tab-spec-loop\">\n<p class=\"brxe-ibnnrs brxe-text-basic tab-spec__value\">Mitgeliefertes Zubeh\u00f6r: Flip Up Lens Covers, Objektivtuch, Inbusschl\u00fcssel<\/p>\n<\/div>\n<\/div>\n<\/div>\n<\/div>\n<\/div>\n<\/div>\n<\/div>\n<\/div>\n<\/div>\n<\/div>\n<\/div>\n<\/div>\n<\/div>","protected":false},"excerpt":{"rendered":"<p>Die Riton-Optik <strong>7 Erobern 4-32\u00d756<\/strong> liefert ein unglaublich leistungsf\u00e4higes Fernzielfernrohr mit mehreren Vergr\u00f6\u00dferungsbereichen und intuitiven Absehen, das von Sch\u00fctzen f\u00fcr Sch\u00fctzen entwickelt wurde. Die 7 Conquer Zielfernrohrfamilie von Riton macht japanisches Glas und optische Systeme f\u00fcr Sch\u00fctzen zu einem Preis verf\u00fcgbar, den nur wenige f\u00fcr m\u00f6glich halten. Die 7 Conquer Zielfernrohrlinie von Riton vereint kreative Absehen und null r\u00fcckstellbare Revolver mit weltbekannten japanischen optischen Systemen und ist die L\u00f6sung f\u00fcr Ihr Langwaffengewehr.<\/p>","protected":false},"featured_media":1413,"comment_status":"open","ping_status":"closed","template":"","meta":[],"etheme_brands":[{"term_id":44,"name":"Riton","slug":"riton","term_group":0,"term_taxonomy_id":44,"taxonomy":"brand","description":"","parent":0,"count":18,"filter":"raw"}],"product_brand":[],"product_cat":[49],"product_tag":[],"class_list":{"0":"post-1412","1":"product","2":"type-product","3":"status-publish","4":"has-post-thumbnail","6":"brand-riton","7":"product_cat-rifle-scopes","9":"first","10":"instock","11":"sale","12":"taxable","13":"shipping-taxable","14":"purchasable","15":"product-type-variable"},"yoast_head":"<!-- This site is optimized with the Yoast SEO Premium plugin v25.7.1 (Yoast SEO v27.4) - https:\/\/yoast.com\/product\/yoast-seo-premium-wordpress\/ -->\n<title>Riton 7 CONQUER 4-32\u00d756 - Hunter Optics<\/title>\n<meta name=\"description\" content=\"The Riton Optics 7 Conquer 4-32\u00d756 delivers an incredibly capable long-range scope, offering multiple magnification ranges and intuitive reticles made by shooters for shooters.\" \/>\n<meta name=\"robots\" content=\"index, follow, max-snippet:-1, max-image-preview:large, max-video-preview:-1\" \/>\n<link rel=\"canonical\" href=\"https:\/\/hunter-optics.com\/de\/produkt\/riton-7-conquer-4-32x56\/\" \/>\n<meta property=\"og:locale\" content=\"de_DE\" \/>\n<meta property=\"og:type\" content=\"article\" \/>\n<meta property=\"og:title\" content=\"Riton 7 CONQUER 4-32\u00d756\" \/>\n<meta property=\"og:description\" content=\"The Riton Optics 7 Conquer 4-32\u00d756 delivers an incredibly capable long-range scope, offering multiple magnification ranges and intuitive reticles made by shooters for shooters.\" \/>\n<meta property=\"og:url\" content=\"https:\/\/hunter-optics.com\/de\/produkt\/riton-7-conquer-4-32x56\/\" \/>\n<meta property=\"og:site_name\" content=\"Hunter Optics\" \/>\n<meta property=\"article:modified_time\" content=\"2025-07-24T10:02:44+00:00\" \/>\n<meta property=\"og:image\" content=\"https:\/\/hunter-optics.com\/wp-content\/uploads\/2025\/07\/7-Conquer-4-32x56-MRAD-Angled.webp\" \/>\n\t<meta property=\"og:image:width\" content=\"876\" \/>\n\t<meta property=\"og:image:height\" content=\"876\" \/>\n\t<meta property=\"og:image:type\" content=\"image\/webp\" \/>\n<meta name=\"twitter:card\" content=\"summary_large_image\" \/>\n<meta name=\"twitter:label1\" content=\"Verf\u00fcgbarkeit\" \/>\n\t<meta name=\"twitter:data1\" content=\"Auf Lager\" \/>\n<script type=\"application\/ld+json\" class=\"yoast-schema-graph\">{\"@context\":\"https:\\\/\\\/schema.org\",\"@graph\":[{\"@type\":\"WebPage\",\"@id\":\"https:\\\/\\\/hunter-optics.com\\\/product\\\/riton-7-conquer-4-32x56\\\/\",\"url\":\"https:\\\/\\\/hunter-optics.com\\\/product\\\/riton-7-conquer-4-32x56\\\/\",\"name\":\"Riton 7 CONQUER 4-32\u00d756 - Hunter Optics\",\"isPartOf\":{\"@id\":\"https:\\\/\\\/hunter-optics.com\\\/#website\"},\"primaryImageOfPage\":{\"@id\":\"https:\\\/\\\/hunter-optics.com\\\/product\\\/riton-7-conquer-4-32x56\\\/#primaryimage\"},\"image\":{\"@id\":\"https:\\\/\\\/hunter-optics.com\\\/product\\\/riton-7-conquer-4-32x56\\\/#primaryimage\"},\"thumbnailUrl\":\"https:\\\/\\\/hunter-optics.com\\\/wp-content\\\/uploads\\\/2025\\\/07\\\/7-Conquer-4-32x56-MRAD-Angled.webp\",\"datePublished\":\"2025-07-24T09:24:17+00:00\",\"dateModified\":\"2025-07-24T10:02:44+00:00\",\"description\":\"The Riton Optics 7 Conquer 4-32\u00d756 delivers an incredibly capable long-range scope, offering multiple magnification ranges and intuitive reticles made by shooters for shooters.\",\"breadcrumb\":{\"@id\":\"https:\\\/\\\/hunter-optics.com\\\/product\\\/riton-7-conquer-4-32x56\\\/#breadcrumb\"},\"inLanguage\":\"de\",\"potentialAction\":[{\"@type\":\"ReadAction\",\"target\":[\"https:\\\/\\\/hunter-optics.com\\\/product\\\/riton-7-conquer-4-32x56\\\/\"]}]},{\"@type\":\"ImageObject\",\"inLanguage\":\"de\",\"@id\":\"https:\\\/\\\/hunter-optics.com\\\/product\\\/riton-7-conquer-4-32x56\\\/#primaryimage\",\"url\":\"https:\\\/\\\/hunter-optics.com\\\/wp-content\\\/uploads\\\/2025\\\/07\\\/7-Conquer-4-32x56-MRAD-Angled.webp\",\"contentUrl\":\"https:\\\/\\\/hunter-optics.com\\\/wp-content\\\/uploads\\\/2025\\\/07\\\/7-Conquer-4-32x56-MRAD-Angled.webp\",\"width\":876,\"height\":876},{\"@type\":\"BreadcrumbList\",\"@id\":\"https:\\\/\\\/hunter-optics.com\\\/product\\\/riton-7-conquer-4-32x56\\\/#breadcrumb\",\"itemListElement\":[{\"@type\":\"ListItem\",\"position\":1,\"name\":\"Home\",\"item\":\"https:\\\/\\\/hunter-optics.com\\\/\"},{\"@type\":\"ListItem\",\"position\":2,\"name\":\"Products\",\"item\":\"https:\\\/\\\/hunter-optics.com\\\/shop\\\/\"},{\"@type\":\"ListItem\",\"position\":3,\"name\":\"Riton 7 CONQUER 4-32\u00d756\"}]},{\"@type\":\"WebSite\",\"@id\":\"https:\\\/\\\/hunter-optics.com\\\/#website\",\"url\":\"https:\\\/\\\/hunter-optics.com\\\/\",\"name\":\"Hunter Optics\",\"description\":\"Hunter Optics \u2014 Your Eye on the Target.\",\"publisher\":{\"@id\":\"https:\\\/\\\/hunter-optics.com\\\/#organization\"},\"potentialAction\":[{\"@type\":\"SearchAction\",\"target\":{\"@type\":\"EntryPoint\",\"urlTemplate\":\"https:\\\/\\\/hunter-optics.com\\\/?s={search_term_string}\"},\"query-input\":{\"@type\":\"PropertyValueSpecification\",\"valueRequired\":true,\"valueName\":\"search_term_string\"}}],\"inLanguage\":\"de\"},{\"@type\":\"Organization\",\"@id\":\"https:\\\/\\\/hunter-optics.com\\\/#organization\",\"name\":\"Hunter Optics\",\"url\":\"https:\\\/\\\/hunter-optics.com\\\/\",\"logo\":{\"@type\":\"ImageObject\",\"inLanguage\":\"de\",\"@id\":\"https:\\\/\\\/hunter-optics.com\\\/#\\\/schema\\\/logo\\\/image\\\/\",\"url\":\"https:\\\/\\\/hunter-optics.com\\\/wp-content\\\/uploads\\\/2025\\\/06\\\/hunter-optics-logo-1.png\",\"contentUrl\":\"https:\\\/\\\/hunter-optics.com\\\/wp-content\\\/uploads\\\/2025\\\/06\\\/hunter-optics-logo-1.png\",\"width\":937,\"height\":373,\"caption\":\"Hunter Optics\"},\"image\":{\"@id\":\"https:\\\/\\\/hunter-optics.com\\\/#\\\/schema\\\/logo\\\/image\\\/\"}}]}<\/script>\n<meta property=\"product:brand\" content=\"Riton\" \/>\n<meta property=\"og:availability\" content=\"instock\" \/>\n<meta property=\"product:availability\" content=\"instock\" \/>\n<meta property=\"product:condition\" content=\"new\" \/>\n<!-- \/ Yoast SEO Premium plugin. -->","yoast_head_json":{"title":"Riton 7 CONQUER 4-32\u00d756 - J\u00e4geroptik","description":"Das Riton Optics 7 Conquer 4-32\u00d756 ist ein unglaublich leistungsf\u00e4higes Fernzielfernrohr mit mehreren Vergr\u00f6\u00dferungsbereichen und intuitiven Absehen, das von Sch\u00fctzen f\u00fcr Sch\u00fctzen entwickelt wurde.","robots":{"index":"index","follow":"follow","max-snippet":"max-snippet:-1","max-image-preview":"max-image-preview:large","max-video-preview":"max-video-preview:-1"},"canonical":"https:\/\/hunter-optics.com\/de\/produkt\/riton-7-conquer-4-32x56\/","og_locale":"de_DE","og_type":"article","og_title":"Riton 7 CONQUER 4-32\u00d756","og_description":"The Riton Optics 7 Conquer 4-32\u00d756 delivers an incredibly capable long-range scope, offering multiple magnification ranges and intuitive reticles made by shooters for shooters.","og_url":"https:\/\/hunter-optics.com\/de\/produkt\/riton-7-conquer-4-32x56\/","og_site_name":"Hunter Optics","article_modified_time":"2025-07-24T10:02:44+00:00","og_image":[{"width":876,"height":876,"url":"https:\/\/hunter-optics.com\/wp-content\/uploads\/2025\/07\/7-Conquer-4-32x56-MRAD-Angled.webp","type":"image\/webp"}],"twitter_card":"summary_large_image","twitter_misc":{"Verf\u00fcgbarkeit":"Auf Lager"},"schema":{"@context":"https:\/\/schema.org","@graph":[{"@type":"WebPage","@id":"https:\/\/hunter-optics.com\/product\/riton-7-conquer-4-32x56\/","url":"https:\/\/hunter-optics.com\/product\/riton-7-conquer-4-32x56\/","name":"Riton 7 CONQUER 4-32\u00d756 - J\u00e4geroptik","isPartOf":{"@id":"https:\/\/hunter-optics.com\/#website"},"primaryImageOfPage":{"@id":"https:\/\/hunter-optics.com\/product\/riton-7-conquer-4-32x56\/#primaryimage"},"image":{"@id":"https:\/\/hunter-optics.com\/product\/riton-7-conquer-4-32x56\/#primaryimage"},"thumbnailUrl":"https:\/\/hunter-optics.com\/wp-content\/uploads\/2025\/07\/7-Conquer-4-32x56-MRAD-Angled.webp","datePublished":"2025-07-24T09:24:17+00:00","dateModified":"2025-07-24T10:02:44+00:00","description":"Das Riton Optics 7 Conquer 4-32\u00d756 ist ein unglaublich leistungsf\u00e4higes Fernzielfernrohr mit mehreren Vergr\u00f6\u00dferungsbereichen und intuitiven Absehen, das von Sch\u00fctzen f\u00fcr Sch\u00fctzen entwickelt wurde.","breadcrumb":{"@id":"https:\/\/hunter-optics.com\/product\/riton-7-conquer-4-32x56\/#breadcrumb"},"inLanguage":"de","potentialAction":[{"@type":"ReadAction","target":["https:\/\/hunter-optics.com\/product\/riton-7-conquer-4-32x56\/"]}]},{"@type":"ImageObject","inLanguage":"de","@id":"https:\/\/hunter-optics.com\/product\/riton-7-conquer-4-32x56\/#primaryimage","url":"https:\/\/hunter-optics.com\/wp-content\/uploads\/2025\/07\/7-Conquer-4-32x56-MRAD-Angled.webp","contentUrl":"https:\/\/hunter-optics.com\/wp-content\/uploads\/2025\/07\/7-Conquer-4-32x56-MRAD-Angled.webp","width":876,"height":876},{"@type":"BreadcrumbList","@id":"https:\/\/hunter-optics.com\/product\/riton-7-conquer-4-32x56\/#breadcrumb","itemListElement":[{"@type":"ListItem","position":1,"name":"Home","item":"https:\/\/hunter-optics.com\/"},{"@type":"ListItem","position":2,"name":"Products","item":"https:\/\/hunter-optics.com\/shop\/"},{"@type":"ListItem","position":3,"name":"Riton 7 CONQUER 4-32\u00d756"}]},{"@type":"WebSite","@id":"https:\/\/hunter-optics.com\/#website","url":"https:\/\/hunter-optics.com\/","name":"J\u00e4ger-Optik","description":"Hunter Optics - Ihr Auge auf dem Ziel.","publisher":{"@id":"https:\/\/hunter-optics.com\/#organization"},"potentialAction":[{"@type":"SearchAction","target":{"@type":"EntryPoint","urlTemplate":"https:\/\/hunter-optics.com\/?s={search_term_string}"},"query-input":{"@type":"PropertyValueSpecification","valueRequired":true,"valueName":"search_term_string"}}],"inLanguage":"de"},{"@type":"Organization","@id":"https:\/\/hunter-optics.com\/#organization","name":"J\u00e4ger-Optik","url":"https:\/\/hunter-optics.com\/","logo":{"@type":"ImageObject","inLanguage":"de","@id":"https:\/\/hunter-optics.com\/#\/schema\/logo\/image\/","url":"https:\/\/hunter-optics.com\/wp-content\/uploads\/2025\/06\/hunter-optics-logo-1.png","contentUrl":"https:\/\/hunter-optics.com\/wp-content\/uploads\/2025\/06\/hunter-optics-logo-1.png","width":937,"height":373,"caption":"Hunter Optics"},"image":{"@id":"https:\/\/hunter-optics.com\/#\/schema\/logo\/image\/"}}]},"product_brand":"Riton","og_availability":"instock","product_availability":"instock","product_condition":"new"},"_links":{"self":[{"href":"https:\/\/hunter-optics.com\/de\/wp-json\/wp\/v2\/product\/1412","targetHints":{"allow":["GET"]}}],"collection":[{"href":"https:\/\/hunter-optics.com\/de\/wp-json\/wp\/v2\/product"}],"about":[{"href":"https:\/\/hunter-optics.com\/de\/wp-json\/wp\/v2\/types\/product"}],"replies":[{"embeddable":true,"href":"https:\/\/hunter-optics.com\/de\/wp-json\/wp\/v2\/comments?post=1412"}],"version-history":[{"count":1,"href":"https:\/\/hunter-optics.com\/de\/wp-json\/wp\/v2\/product\/1412\/revisions"}],"predecessor-version":[{"id":1421,"href":"https:\/\/hunter-optics.com\/de\/wp-json\/wp\/v2\/product\/1412\/revisions\/1421"}],"wp:featuredmedia":[{"embeddable":true,"href":"https:\/\/hunter-optics.com\/de\/wp-json\/wp\/v2\/media\/1413"}],"wp:attachment":[{"href":"https:\/\/hunter-optics.com\/de\/wp-json\/wp\/v2\/media?parent=1412"}],"wp:term":[{"taxonomy":"brand","embeddable":true,"href":"https:\/\/hunter-optics.com\/de\/wp-json\/wp\/v2\/etheme_brands?post=1412"},{"taxonomy":"product_brand","embeddable":true,"href":"https:\/\/hunter-optics.com\/de\/wp-json\/wp\/v2\/product_brand?post=1412"},{"taxonomy":"product_cat","embeddable":true,"href":"https:\/\/hunter-optics.com\/de\/wp-json\/wp\/v2\/product_cat?post=1412"},{"taxonomy":"product_tag","embeddable":true,"href":"https:\/\/hunter-optics.com\/de\/wp-json\/wp\/v2\/product_tag?post=1412"}],"curies":[{"name":"wp","href":"https:\/\/api.w.org\/{rel}","templated":true}]}}