{"id":1405,"date":"2025-07-24T09:05:43","date_gmt":"2025-07-24T09:05:43","guid":{"rendered":"https:\/\/hunter-optics.com\/?post_type=product&#038;p=1405"},"modified":"2025-07-24T09:06:35","modified_gmt":"2025-07-24T09:06:35","slug":"riton-5-taktix-1-10x24","status":"publish","type":"product","link":"https:\/\/hunter-optics.com\/de\/produkt\/riton-5-taktix-1-10x24\/","title":{"rendered":"Riton 5 TACTIX 1-10\u00d724"},"content":{"rendered":"<div id=\"brxe-hqsamv\" class=\"brxe-text-basic tir-video__subtitle\">Riton 5 TACTIX 1-10\u00d724<\/div>\n<div id=\"brxe-uenhta\" class=\"brxe-text prod-video__txt\">\n<p><strong>LEISTUNG AUS DER N\u00c4HE ODER AUS DER FERNE<\/strong><\/p>\n<p>Diese LPVO (low power variable optic) ist nicht auf Nahziele beschr\u00e4nkt, sondern deckt alle Entfernungen von wenigen Metern bis zu 1000 Metern ab. Das 5 Tactix verh\u00e4lt sich wie ein roter Punkt bei niedrigeren Vergr\u00f6\u00dferungen f\u00fcr den Nahbereich, w\u00e4hrend es bei h\u00f6heren Vergr\u00f6\u00dferungen auch als Fernzielger\u00e4t funktioniert.<\/p>\n<div id=\"brxe-pogdbu\" class=\"brxe-container prod-colmns\">\n<div id=\"brxe-ywglqp\" class=\"brxe-text prod-column__txt\">\n<p><strong>EIN LPVO MIT PRS-LEISTUNG<\/strong><\/p>\n<p>Das 5 Tactix 1-10 von Riton ist mit einem Absehen in der ersten Brennebene im Stil eines Weihnachtsbaums ausgestattet, das bei h\u00f6heren Vergr\u00f6\u00dferungen detaillierter erscheint und es Ihnen erm\u00f6glicht, die notwendigen Anpassungen in Abh\u00e4ngigkeit von der Entfernung Ihres Ziels vorzunehmen. Mit dieser Optik k\u00f6nnen Sie sich auf Ihre Sch\u00fcsse verlassen, egal auf welche Entfernung.<\/p>\n<p><strong>SCHNELLER VERGR\u00d6SSERUNGSWECHSEL IN JEDER SITUATION<\/strong><\/p>\n<p>Das 5 Tactix 1-10\u00d724 verf\u00fcgt \u00fcber das zum Patent angemeldete Dual Throw Lever System von Riton, das sich perfekt f\u00fcr Anwendungen eignet, bei denen Sie die Vergr\u00f6\u00dferungsstufen schnell wechseln m\u00fcssen, um das Ziel zu erreichen. Mit mehreren Positionen f\u00fcr den Wurfhebel und mehreren H\u00f6hen zur Auswahl k\u00f6nnen Sie Ihr Setup so anpassen, wie Sie gerne schie\u00dfen. Ganz gleich, ob Sie Gewicht sparen und ein niedriges Profil beibehalten wollen oder ob Sie Ihre Vergr\u00f6\u00dferung mit Handschuhen oder unter rutschigen oder nassen Bedingungen bedienen m\u00fcssen, das Dual Throw Lever System bietet die Art von Modularit\u00e4t und Anpassung, die Sie ben\u00f6tigen.<\/p>\n<p><strong>ANPASSUNG DER LICHTVERH\u00c4LTNISSE<\/strong><\/p>\n<p>Die Beleuchtung kann ein entscheidendes Merkmal sein, das Ihnen helfen kann, sich an Ihre Umgebung anzupassen. Die 5 Tactix 1-10 ist auf alle m\u00f6glichen Umgebungssituationen vorbereitet. Sie verf\u00fcgt \u00fcber 6 Beleuchtungsstufen mit einem Aus-Schalter zwischen den einzelnen Stufen, mit dem Sie die perfekte Position f\u00fcr Ihre Bed\u00fcrfnisse einstellen und die Stufen spontan \u00e4ndern k\u00f6nnen.<\/p>\n<p><strong>GESCHAFFEN F\u00dcR LAST<\/strong><\/p>\n<p>Die Riton 5 Tactix 1-10, gebaut, um die Elemente, Schock, und alles dazwischen unter Beibehaltung der Pr\u00e4zision zu behandeln. Das 1-10 ist aus 6061-T6-Aluminium in Flugzeugqualit\u00e4t gefertigt und wurde mit Blick auf Langlebigkeit entwickelt, um allen Bedingungen standzuhalten, denen Sie begegnen k\u00f6nnten. Wie alle Riton-Zielfernrohre ist das 1-10 bis zu 1.200 Gs sto\u00dfgepr\u00fcft, f\u00fcr Luftgewehre zugelassen und wird durch die eingeschr\u00e4nkte, lebenslange Garantie von Riton unterst\u00fctzt. Unabh\u00e4ngig von Ihrer Anwendung ist das Riton 5 Tactix 1-10 so gebaut, dass es ohne Kompromisse bei der Leistung auskommt.<\/p>\n<div id=\"brxe-pzrzqi\" class=\"brxe-block prod-ret-info\">\n<h3 id=\"brxe-ztlivr\" class=\"brxe-heading prod-tabs__title\">Absehen Informationen:<\/h3>\n<p id=\"brxe-grjall\" class=\"brxe-text-basic prod-reticle-name\">RETICLE: 3OT<\/p>\n<div id=\"brxe-rkyybx\" class=\"brxe-text-basic prod-ret__txt\">\n<p>Die <strong>3OT<\/strong> ist das ultimative, vielseitige Absehen. Bei niedriger Leistung funktioniert es wie ein roter Punkt und erm\u00f6glicht eine schnelle Zielerfassung im Nahbereich. Bei hoher Leistung verwandelt es sich in ein Pr\u00e4zisionsmonster, das Ihnen detaillierte H\u00f6hen- und Seitenangaben f\u00fcr jeden Schuss auf Distanz liefert.<\/p>\n<div id=\"brxe-abuzoo\" class=\"brxe-block x-tabs_panel x-tabs_panel-current\" tabindex=\"0\" role=\"tabpanel\" aria-labelledby=\"brxe-amrphz\">\n<div id=\"brxe-ohplhw\" class=\"brxe-block x-tabs_panel-content\">\n<h3 id=\"brxe-qcmket\" class=\"brxe-heading prod-tabs__title\">Wesentliche Merkmale:<\/h3>\n<div id=\"brxe-pnyzeh\" class=\"brxe-block prod-tab-feature\">\n<div class=\"brxe-xfsvub brxe-block prod-tab-key-loop\">\n<p><img loading=\"lazy\" decoding=\"async\" class=\"brxe-rtihxw brxe-image prod-feature__icon css-filter size-full\" src=\"https:\/\/ritonoptics.com\/wp-content\/uploads\/dry-nitrogen-purged-and-sealed-1.png\" alt=\"\" width=\"72\" height=\"74\" \/><\/p>\n<div class=\"brxe-anynyj brxe-div\">\n<p class=\"brxe-abizyp brxe-text-basic prod-feature__title\">Mit trockenem Stickstoff gesp\u00fclt und versiegelt<\/p>\n<p class=\"brxe-lprtvs brxe-text-basic prod-feature__txt\">Unter Verwendung von Stickstoffgas wird die Optik gesp\u00fclt und versiegelt, um eine optimale Leistung unter allen Wetterbedingungen f\u00fcr die gesamte Lebensdauer der...<\/p>\n<\/div>\n<\/div>\n<div class=\"brxe-xfsvub brxe-block prod-tab-key-loop\">\n<p><img loading=\"lazy\" decoding=\"async\" class=\"brxe-rtihxw brxe-image prod-feature__icon css-filter size-full\" src=\"https:\/\/ritonoptics.com\/wp-content\/uploads\/precision-quality-1.png\" alt=\"\" width=\"72\" height=\"74\" \/><\/p>\n<div class=\"brxe-anynyj brxe-div\">\n<p class=\"brxe-abizyp brxe-text-basic prod-feature__title\">Pr\u00e4zisions-Qualit\u00e4tssicherung<\/p>\n<p class=\"brxe-lprtvs brxe-text-basic prod-feature__txt\">Jedes Riton-Produkt durchl\u00e4uft einen strengen Qualit\u00e4tskontrollprozess durch zertifizierte Techniker in Tucson, AZ. Jedes Produkt, das Sie erhalten, wurde einer...<\/p>\n<\/div>\n<\/div>\n<div class=\"brxe-xfsvub brxe-block prod-tab-key-loop\">\n<p><img loading=\"lazy\" decoding=\"async\" class=\"brxe-rtihxw brxe-image prod-feature__icon css-filter size-full\" src=\"https:\/\/ritonoptics.com\/wp-content\/uploads\/hd-glass-1.png\" alt=\"\" width=\"72\" height=\"74\" \/><\/p>\n<div class=\"brxe-anynyj brxe-div\">\n<p class=\"brxe-abizyp brxe-text-basic prod-feature__title\">Riton HD Glas<\/p>\n<p class=\"brxe-lprtvs brxe-text-basic prod-feature__txt\">Das Riton High Density (HD)-Glas bietet 99,5% Lichtdurchl\u00e4ssigkeit f\u00fcr verbesserte Klarheit und ein optimales Sichtbild.<\/p>\n<\/div>\n<\/div>\n<div class=\"brxe-xfsvub brxe-block prod-tab-key-loop\">\n<p><img loading=\"lazy\" decoding=\"async\" class=\"brxe-rtihxw brxe-image prod-feature__icon css-filter size-full\" src=\"https:\/\/ritonoptics.com\/wp-content\/uploads\/performance-coating-1.png\" alt=\"\" width=\"72\" height=\"74\" \/><\/p>\n<div class=\"brxe-anynyj brxe-div\">\n<p class=\"brxe-abizyp brxe-text-basic prod-feature__title\">Riton Performance-Beschichtung<\/p>\n<p class=\"brxe-lprtvs brxe-text-basic prod-feature__txt\">Alle Riton-Optiken sind mit propriet\u00e4ren, mehrfach beschichteten Linsen ausgestattet, die eine Verbesserung der Lichtverh\u00e4ltnisse, eine Breitband-, Anti-Kratz- und Anti-Reflex-Beschichtung f\u00fcr...<\/p>\n<\/div>\n<\/div>\n<div class=\"brxe-xfsvub brxe-block prod-tab-key-loop\">\n<p><img loading=\"lazy\" decoding=\"async\" class=\"brxe-rtihxw brxe-image prod-feature__icon css-filter size-full\" src=\"https:\/\/ritonoptics.com\/wp-content\/uploads\/rugged-construction-1.png\" alt=\"\" width=\"72\" height=\"74\" \/><\/p>\n<div class=\"brxe-anynyj brxe-div\">\n<p class=\"brxe-abizyp brxe-text-basic prod-feature__title\">Riton Robuste Konstruktion<\/p>\n<p class=\"brxe-lprtvs brxe-text-basic prod-feature__txt\">Die robuste Konstruktion von Riton umfasst die Verwendung von 6061-T6-Aluminium in Flugzeugqualit\u00e4t, CNC-gefr\u00e4ste Rohre aus einem St\u00fcck und Typ III Hartanodisierung....<\/p>\n<\/div>\n<\/div>\n<div class=\"brxe-xfsvub brxe-block prod-tab-key-loop\">\n<p><img loading=\"lazy\" decoding=\"async\" class=\"brxe-rtihxw brxe-image prod-feature__icon css-filter size-full\" src=\"https:\/\/ritonoptics.com\/wp-content\/uploads\/airgun-approved-1.png\" alt=\"\" width=\"72\" height=\"74\" \/><\/p>\n<div class=\"brxe-anynyj brxe-div\">\n<p class=\"brxe-abizyp brxe-text-basic prod-feature__title\">Luftgewehr zugelassen<\/p>\n<p class=\"brxe-lprtvs brxe-text-basic prod-feature__txt\">Riton-Zielfernrohre sind hoch bewertet und f\u00fcr die Verwendung mit Luftdruckwaffen geeignet. Sie bieten Langlebigkeit und hervorragende optische Klarheit. Entwickelt, um dem einzigartigen R\u00fccksto\u00df zu widerstehen...<\/p>\n<div id=\"brxe-gtdyre\" class=\"brxe-block x-tabs_panel x-tabs_panel-current\" tabindex=\"0\" role=\"tabpanel\" aria-labelledby=\"brxe-yxbhdb\">\n<div id=\"brxe-eknisj\" class=\"brxe-block x-tabs_panel-content\">\n<h3 id=\"brxe-qzyxzy\" class=\"brxe-heading prod-tabs__title\">Vollst\u00e4ndige Specs:<\/h3>\n<div class=\"brxe-zlpnap brxe-block prod-tab-spec-loop\">\n<p class=\"brxe-ibnnrs brxe-text-basic tab-spec__value\">Vergr\u00f6\u00dferung:1-10<\/p>\n<\/div>\n<div class=\"brxe-zlpnap brxe-block prod-tab-spec-loop\">\n<p class=\"brxe-ibnnrs brxe-text-basic tab-spec__value\">Parallaxeneinstellung: Fest auf 100 Yards<\/p>\n<\/div>\n<div class=\"brxe-zlpnap brxe-block prod-tab-spec-loop\">\n<p class=\"brxe-ibnnrs brxe-text-basic tab-spec__value\">Rohrdurchmesser:30mm<\/p>\n<\/div>\n<div class=\"brxe-zlpnap brxe-block prod-tab-spec-loop\">\n<p class=\"brxe-ibnnrs brxe-text-basic tab-spec__value\">Objektivdurchmesser:24mm<\/p>\n<\/div>\n<div class=\"brxe-zlpnap brxe-block prod-tab-spec-loop\">\n<p class=\"brxe-ibnnrs brxe-text-basic tab-spec__value\">Brennebene:Erste Brennebene<\/p>\n<\/div>\n<div class=\"brxe-zlpnap brxe-block prod-tab-spec-loop\">\n<p class=\"brxe-ibnnrs brxe-text-basic tab-spec__value\">Objektivbeschichtung: Voll multiverg\u00fctet, Breitbandbeschichtung, wasserdichte Beschichtung, Low Light Enhancement<\/p>\n<\/div>\n<div class=\"brxe-zlpnap brxe-block prod-tab-spec-loop\">\n<p class=\"brxe-ibnnrs brxe-text-basic tab-spec__value\">Absehen:3OT, beleuchtet<\/p>\n<\/div>\n<div class=\"brxe-zlpnap brxe-block prod-tab-spec-loop\">\n<p class=\"brxe-ibnnrs brxe-text-basic tab-spec__value\">Sichtfeld bei 100 Yards: 105.8ft - 10.5ft<\/p>\n<\/div>\n<div class=\"brxe-zlpnap brxe-block prod-tab-spec-loop\">\n<p class=\"brxe-ibnnrs brxe-text-basic tab-spec__value\">Werkstoff:6061-T6<\/p>\n<\/div>\n<div class=\"brxe-zlpnap brxe-block prod-tab-spec-loop\">\n<p class=\"brxe-ibnnrs brxe-text-basic tab-spec__value\">Augenabstand:3.5in\/90mm<\/p>\n<\/div>\n<div class=\"brxe-zlpnap brxe-block prod-tab-spec-loop\">\n<p class=\"brxe-ibnnrs brxe-text-basic tab-spec__value\">Austrittspupille: Niedrig 7,2 mm - Hoch 2,4 mm<\/p>\n<\/div>\n<div class=\"brxe-zlpnap brxe-block prod-tab-spec-loop\">\n<p class=\"brxe-ibnnrs brxe-text-basic tab-spec__value\">Klickwert auf 100 Yards: 1\/10 MRAD<\/p>\n<\/div>\n<div class=\"brxe-zlpnap brxe-block prod-tab-spec-loop\">\n<p class=\"brxe-ibnnrs brxe-text-basic tab-spec__value\">Einstellbereich:40 MRAD<\/p>\n<\/div>\n<div class=\"brxe-zlpnap brxe-block prod-tab-spec-loop\">\n<p class=\"brxe-ibnnrs brxe-text-basic tab-spec__value\">Montage L\u00e4nge:4.8in\/121mm<\/p>\n<\/div>\n<div class=\"brxe-zlpnap brxe-block prod-tab-spec-loop\">\n<p class=\"brxe-ibnnrs brxe-text-basic tab-spec__value\">L\u00e4nge:11.81in\/300mm<\/p>\n<\/div>\n<div class=\"brxe-zlpnap brxe-block prod-tab-spec-loop\">\n<p class=\"brxe-ibnnrs brxe-text-basic tab-spec__value\">Gewicht:1.8lbs\/28.8oz<\/p>\n<\/div>\n<div class=\"brxe-zlpnap brxe-block prod-tab-spec-loop\">\n<p class=\"brxe-ibnnrs brxe-text-basic tab-spec__value\">Batterie:CR2032<\/p>\n<\/div>\n<div class=\"brxe-zlpnap brxe-block prod-tab-spec-loop\">\n<p class=\"brxe-ibnnrs brxe-text-basic tab-spec__value\">Mitgeliefertes Zubeh\u00f6r: Flip Up Lens Covers, Objektivtuch, Inbusschl\u00fcssel<\/p>\n<\/div>\n<\/div>\n<\/div>\n<\/div>\n<\/div>\n<\/div>\n<\/div>\n<\/div>\n<\/div>\n<\/div>\n<\/div>\n<\/div>\n<\/div>","protected":false},"excerpt":{"rendered":"<p>Das Riton 5 Tactix 1-10\u00d724 zeichnet sich in jeder Hinsicht aus, von der Rotpunktfunktion bei der niedrigsten, echten 1-Power-Vergr\u00f6\u00dferung bis hin zu einem pr\u00e4zisen Arbeitstier bei der h\u00f6chsten Vergr\u00f6\u00dferung. Dies ist Ihre L\u00f6sung f\u00fcr eine engagierte Kampfgewehr, moderne Jagd Karabiner, und alles dazwischen.<\/p>","protected":false},"featured_media":1406,"comment_status":"open","ping_status":"closed","template":"","meta":[],"etheme_brands":[{"term_id":44,"name":"Riton","slug":"riton","term_group":0,"term_taxonomy_id":44,"taxonomy":"brand","description":"","parent":0,"count":18,"filter":"raw"}],"product_brand":[],"product_cat":[49],"product_tag":[],"class_list":{"0":"post-1405","1":"product","2":"type-product","3":"status-publish","4":"has-post-thumbnail","6":"brand-riton","7":"product_cat-rifle-scopes","9":"first","10":"instock","11":"sale","12":"taxable","13":"shipping-taxable","14":"purchasable","15":"product-type-simple"},"yoast_head":"<!-- This site is optimized with the Yoast SEO Premium plugin v25.7.1 (Yoast SEO v27.4) - https:\/\/yoast.com\/product\/yoast-seo-premium-wordpress\/ -->\n<title>Riton 5 TACTIX 1-10\u00d724 - Hunter Optics<\/title>\n<meta name=\"description\" content=\"The Riton 5 Tactix 1-10\u00d724 excels in every aspect, from red dot capabilities on the lowest, true 1-power, magnification, to a precision work horse on the highest magnification.\" \/>\n<meta name=\"robots\" content=\"index, follow, max-snippet:-1, max-image-preview:large, max-video-preview:-1\" \/>\n<link rel=\"canonical\" href=\"https:\/\/hunter-optics.com\/de\/produkt\/riton-5-taktix-1-10x24\/\" \/>\n<meta property=\"og:locale\" content=\"de_DE\" \/>\n<meta property=\"og:type\" content=\"article\" \/>\n<meta property=\"og:title\" content=\"Riton 5 TACTIX 1-10\u00d724\" \/>\n<meta property=\"og:description\" content=\"The Riton 5 Tactix 1-10\u00d724 excels in every aspect, from red dot capabilities on the lowest, true 1-power, magnification, to a precision work horse on the highest magnification.\" \/>\n<meta property=\"og:url\" content=\"https:\/\/hunter-optics.com\/de\/produkt\/riton-5-taktix-1-10x24\/\" \/>\n<meta property=\"og:site_name\" content=\"Hunter Optics\" \/>\n<meta property=\"article:modified_time\" content=\"2025-07-24T09:06:35+00:00\" \/>\n<meta property=\"og:image\" content=\"https:\/\/hunter-optics.com\/wp-content\/uploads\/2025\/07\/01-5-Tactix-1-10x24-MRAD-Angled.webp\" \/>\n\t<meta property=\"og:image:width\" content=\"876\" \/>\n\t<meta property=\"og:image:height\" content=\"876\" \/>\n\t<meta property=\"og:image:type\" content=\"image\/webp\" \/>\n<meta name=\"twitter:card\" content=\"summary_large_image\" \/>\n<meta name=\"twitter:label1\" content=\"Preis\" \/>\n\t<meta name=\"twitter:data1\" content=\"&#036;859.99\" \/>\n\t<meta name=\"twitter:label2\" content=\"Verf\u00fcgbarkeit\" \/>\n\t<meta name=\"twitter:data2\" content=\"Auf Lager\" \/>\n<script type=\"application\/ld+json\" class=\"yoast-schema-graph\">{\"@context\":\"https:\\\/\\\/schema.org\",\"@graph\":[{\"@type\":\"WebPage\",\"@id\":\"https:\\\/\\\/hunter-optics.com\\\/product\\\/riton-5-tactix-1-10x24\\\/\",\"url\":\"https:\\\/\\\/hunter-optics.com\\\/product\\\/riton-5-tactix-1-10x24\\\/\",\"name\":\"Riton 5 TACTIX 1-10\u00d724 - Hunter Optics\",\"isPartOf\":{\"@id\":\"https:\\\/\\\/hunter-optics.com\\\/#website\"},\"primaryImageOfPage\":{\"@id\":\"https:\\\/\\\/hunter-optics.com\\\/product\\\/riton-5-tactix-1-10x24\\\/#primaryimage\"},\"image\":{\"@id\":\"https:\\\/\\\/hunter-optics.com\\\/product\\\/riton-5-tactix-1-10x24\\\/#primaryimage\"},\"thumbnailUrl\":\"https:\\\/\\\/hunter-optics.com\\\/wp-content\\\/uploads\\\/2025\\\/07\\\/01-5-Tactix-1-10x24-MRAD-Angled.webp\",\"datePublished\":\"2025-07-24T09:05:43+00:00\",\"dateModified\":\"2025-07-24T09:06:35+00:00\",\"description\":\"The Riton 5 Tactix 1-10\u00d724 excels in every aspect, from red dot capabilities on the lowest, true 1-power, magnification, to a precision work horse on the highest magnification.\",\"breadcrumb\":{\"@id\":\"https:\\\/\\\/hunter-optics.com\\\/product\\\/riton-5-tactix-1-10x24\\\/#breadcrumb\"},\"inLanguage\":\"de\",\"potentialAction\":[{\"@type\":\"ReadAction\",\"target\":[\"https:\\\/\\\/hunter-optics.com\\\/product\\\/riton-5-tactix-1-10x24\\\/\"]}]},{\"@type\":\"ImageObject\",\"inLanguage\":\"de\",\"@id\":\"https:\\\/\\\/hunter-optics.com\\\/product\\\/riton-5-tactix-1-10x24\\\/#primaryimage\",\"url\":\"https:\\\/\\\/hunter-optics.com\\\/wp-content\\\/uploads\\\/2025\\\/07\\\/01-5-Tactix-1-10x24-MRAD-Angled.webp\",\"contentUrl\":\"https:\\\/\\\/hunter-optics.com\\\/wp-content\\\/uploads\\\/2025\\\/07\\\/01-5-Tactix-1-10x24-MRAD-Angled.webp\",\"width\":876,\"height\":876},{\"@type\":\"BreadcrumbList\",\"@id\":\"https:\\\/\\\/hunter-optics.com\\\/product\\\/riton-5-tactix-1-10x24\\\/#breadcrumb\",\"itemListElement\":[{\"@type\":\"ListItem\",\"position\":1,\"name\":\"Home\",\"item\":\"https:\\\/\\\/hunter-optics.com\\\/\"},{\"@type\":\"ListItem\",\"position\":2,\"name\":\"Products\",\"item\":\"https:\\\/\\\/hunter-optics.com\\\/shop\\\/\"},{\"@type\":\"ListItem\",\"position\":3,\"name\":\"Riton 5 TACTIX 1-10\u00d724\"}]},{\"@type\":\"WebSite\",\"@id\":\"https:\\\/\\\/hunter-optics.com\\\/#website\",\"url\":\"https:\\\/\\\/hunter-optics.com\\\/\",\"name\":\"Hunter Optics\",\"description\":\"Hunter Optics \u2014 Your Eye on the Target.\",\"publisher\":{\"@id\":\"https:\\\/\\\/hunter-optics.com\\\/#organization\"},\"potentialAction\":[{\"@type\":\"SearchAction\",\"target\":{\"@type\":\"EntryPoint\",\"urlTemplate\":\"https:\\\/\\\/hunter-optics.com\\\/?s={search_term_string}\"},\"query-input\":{\"@type\":\"PropertyValueSpecification\",\"valueRequired\":true,\"valueName\":\"search_term_string\"}}],\"inLanguage\":\"de\"},{\"@type\":\"Organization\",\"@id\":\"https:\\\/\\\/hunter-optics.com\\\/#organization\",\"name\":\"Hunter Optics\",\"url\":\"https:\\\/\\\/hunter-optics.com\\\/\",\"logo\":{\"@type\":\"ImageObject\",\"inLanguage\":\"de\",\"@id\":\"https:\\\/\\\/hunter-optics.com\\\/#\\\/schema\\\/logo\\\/image\\\/\",\"url\":\"https:\\\/\\\/hunter-optics.com\\\/wp-content\\\/uploads\\\/2025\\\/06\\\/hunter-optics-logo-1.png\",\"contentUrl\":\"https:\\\/\\\/hunter-optics.com\\\/wp-content\\\/uploads\\\/2025\\\/06\\\/hunter-optics-logo-1.png\",\"width\":937,\"height\":373,\"caption\":\"Hunter Optics\"},\"image\":{\"@id\":\"https:\\\/\\\/hunter-optics.com\\\/#\\\/schema\\\/logo\\\/image\\\/\"}}]}<\/script>\n<meta property=\"product:brand\" content=\"Riton\" \/>\n<meta property=\"product:price:amount\" content=\"859.99\" \/>\n<meta property=\"product:price:currency\" content=\"USD\" \/>\n<meta property=\"og:availability\" content=\"instock\" \/>\n<meta property=\"product:availability\" content=\"instock\" \/>\n<meta property=\"product:condition\" content=\"new\" \/>\n<!-- \/ Yoast SEO Premium plugin. -->","yoast_head_json":{"title":"Riton 5 TACTIX 1-10\u00d724 - J\u00e4geroptik","description":"Das Riton 5 Tactix 1-10\u00d724 zeichnet sich in jeder Hinsicht aus, von der Rotpunktfunktion bei der niedrigsten, echten 1-Power-Vergr\u00f6\u00dferung bis hin zu einem pr\u00e4zisen Arbeitstier bei der h\u00f6chsten Vergr\u00f6\u00dferung.","robots":{"index":"index","follow":"follow","max-snippet":"max-snippet:-1","max-image-preview":"max-image-preview:large","max-video-preview":"max-video-preview:-1"},"canonical":"https:\/\/hunter-optics.com\/de\/produkt\/riton-5-taktix-1-10x24\/","og_locale":"de_DE","og_type":"article","og_title":"Riton 5 TACTIX 1-10\u00d724","og_description":"The Riton 5 Tactix 1-10\u00d724 excels in every aspect, from red dot capabilities on the lowest, true 1-power, magnification, to a precision work horse on the highest magnification.","og_url":"https:\/\/hunter-optics.com\/de\/produkt\/riton-5-taktix-1-10x24\/","og_site_name":"Hunter Optics","article_modified_time":"2025-07-24T09:06:35+00:00","og_image":[{"width":876,"height":876,"url":"https:\/\/hunter-optics.com\/wp-content\/uploads\/2025\/07\/01-5-Tactix-1-10x24-MRAD-Angled.webp","type":"image\/webp"}],"twitter_card":"summary_large_image","twitter_misc":{"Preis":"&#36;859.99","Verf\u00fcgbarkeit":"Auf Lager"},"schema":{"@context":"https:\/\/schema.org","@graph":[{"@type":"WebPage","@id":"https:\/\/hunter-optics.com\/product\/riton-5-tactix-1-10x24\/","url":"https:\/\/hunter-optics.com\/product\/riton-5-tactix-1-10x24\/","name":"Riton 5 TACTIX 1-10\u00d724 - J\u00e4geroptik","isPartOf":{"@id":"https:\/\/hunter-optics.com\/#website"},"primaryImageOfPage":{"@id":"https:\/\/hunter-optics.com\/product\/riton-5-tactix-1-10x24\/#primaryimage"},"image":{"@id":"https:\/\/hunter-optics.com\/product\/riton-5-tactix-1-10x24\/#primaryimage"},"thumbnailUrl":"https:\/\/hunter-optics.com\/wp-content\/uploads\/2025\/07\/01-5-Tactix-1-10x24-MRAD-Angled.webp","datePublished":"2025-07-24T09:05:43+00:00","dateModified":"2025-07-24T09:06:35+00:00","description":"Das Riton 5 Tactix 1-10\u00d724 zeichnet sich in jeder Hinsicht aus, von der Rotpunktfunktion bei der niedrigsten, echten 1-Power-Vergr\u00f6\u00dferung bis hin zu einem pr\u00e4zisen Arbeitstier bei der h\u00f6chsten Vergr\u00f6\u00dferung.","breadcrumb":{"@id":"https:\/\/hunter-optics.com\/product\/riton-5-tactix-1-10x24\/#breadcrumb"},"inLanguage":"de","potentialAction":[{"@type":"ReadAction","target":["https:\/\/hunter-optics.com\/product\/riton-5-tactix-1-10x24\/"]}]},{"@type":"ImageObject","inLanguage":"de","@id":"https:\/\/hunter-optics.com\/product\/riton-5-tactix-1-10x24\/#primaryimage","url":"https:\/\/hunter-optics.com\/wp-content\/uploads\/2025\/07\/01-5-Tactix-1-10x24-MRAD-Angled.webp","contentUrl":"https:\/\/hunter-optics.com\/wp-content\/uploads\/2025\/07\/01-5-Tactix-1-10x24-MRAD-Angled.webp","width":876,"height":876},{"@type":"BreadcrumbList","@id":"https:\/\/hunter-optics.com\/product\/riton-5-tactix-1-10x24\/#breadcrumb","itemListElement":[{"@type":"ListItem","position":1,"name":"Home","item":"https:\/\/hunter-optics.com\/"},{"@type":"ListItem","position":2,"name":"Products","item":"https:\/\/hunter-optics.com\/shop\/"},{"@type":"ListItem","position":3,"name":"Riton 5 TACTIX 1-10\u00d724"}]},{"@type":"WebSite","@id":"https:\/\/hunter-optics.com\/#website","url":"https:\/\/hunter-optics.com\/","name":"J\u00e4ger-Optik","description":"Hunter Optics - Ihr Auge auf dem Ziel.","publisher":{"@id":"https:\/\/hunter-optics.com\/#organization"},"potentialAction":[{"@type":"SearchAction","target":{"@type":"EntryPoint","urlTemplate":"https:\/\/hunter-optics.com\/?s={search_term_string}"},"query-input":{"@type":"PropertyValueSpecification","valueRequired":true,"valueName":"search_term_string"}}],"inLanguage":"de"},{"@type":"Organization","@id":"https:\/\/hunter-optics.com\/#organization","name":"J\u00e4ger-Optik","url":"https:\/\/hunter-optics.com\/","logo":{"@type":"ImageObject","inLanguage":"de","@id":"https:\/\/hunter-optics.com\/#\/schema\/logo\/image\/","url":"https:\/\/hunter-optics.com\/wp-content\/uploads\/2025\/06\/hunter-optics-logo-1.png","contentUrl":"https:\/\/hunter-optics.com\/wp-content\/uploads\/2025\/06\/hunter-optics-logo-1.png","width":937,"height":373,"caption":"Hunter Optics"},"image":{"@id":"https:\/\/hunter-optics.com\/#\/schema\/logo\/image\/"}}]},"product_brand":"Riton","product_price_amount":"859.99","product_price_currency":"USD","og_availability":"instock","product_availability":"instock","product_condition":"new"},"_links":{"self":[{"href":"https:\/\/hunter-optics.com\/de\/wp-json\/wp\/v2\/product\/1405","targetHints":{"allow":["GET"]}}],"collection":[{"href":"https:\/\/hunter-optics.com\/de\/wp-json\/wp\/v2\/product"}],"about":[{"href":"https:\/\/hunter-optics.com\/de\/wp-json\/wp\/v2\/types\/product"}],"replies":[{"embeddable":true,"href":"https:\/\/hunter-optics.com\/de\/wp-json\/wp\/v2\/comments?post=1405"}],"version-history":[{"count":2,"href":"https:\/\/hunter-optics.com\/de\/wp-json\/wp\/v2\/product\/1405\/revisions"}],"predecessor-version":[{"id":1411,"href":"https:\/\/hunter-optics.com\/de\/wp-json\/wp\/v2\/product\/1405\/revisions\/1411"}],"wp:featuredmedia":[{"embeddable":true,"href":"https:\/\/hunter-optics.com\/de\/wp-json\/wp\/v2\/media\/1406"}],"wp:attachment":[{"href":"https:\/\/hunter-optics.com\/de\/wp-json\/wp\/v2\/media?parent=1405"}],"wp:term":[{"taxonomy":"brand","embeddable":true,"href":"https:\/\/hunter-optics.com\/de\/wp-json\/wp\/v2\/etheme_brands?post=1405"},{"taxonomy":"product_brand","embeddable":true,"href":"https:\/\/hunter-optics.com\/de\/wp-json\/wp\/v2\/product_brand?post=1405"},{"taxonomy":"product_cat","embeddable":true,"href":"https:\/\/hunter-optics.com\/de\/wp-json\/wp\/v2\/product_cat?post=1405"},{"taxonomy":"product_tag","embeddable":true,"href":"https:\/\/hunter-optics.com\/de\/wp-json\/wp\/v2\/product_tag?post=1405"}],"curies":[{"name":"wp","href":"https:\/\/api.w.org\/{rel}","templated":true}]}}