{"id":1313,"date":"2025-07-03T07:40:10","date_gmt":"2025-07-03T07:40:10","guid":{"rendered":"https:\/\/hunter-optics.com\/?post_type=product&#038;p=1313"},"modified":"2025-07-29T06:00:30","modified_gmt":"2025-07-29T06:00:30","slug":"riton-5-conquer-5-25x50ir-ffp-mrad","status":"publish","type":"product","link":"https:\/\/hunter-optics.com\/de\/produkt\/riton-5-conquer-5-25x50ir-ffp-mrad\/","title":{"rendered":"Riton 5 Conquer 5-25x50IR FFP MRAD"},"content":{"rendered":"<h4 class=\"a-spacing-mini\">Riton X5 Conquer 5-25\u00d750 MRAD<\/h4>\n<p class=\"a-spacing-base\">Mit einem 34-mm-Tubus und einem 5-fachen Vergr\u00f6\u00dferungsverh\u00e4ltnis bietet das 5 Conquer 5-25\u00d750 von Riton die perfekte Kombination aus Klarheit und Haltbarkeit, damit jeder Schuss ein Erfolg wird. Mit dem First Focal Plane (FFP) Absehen, dem integrierten Wurfhebel und den fortschrittlichen Riton R5 Zero Stop Revolvern erm\u00f6glicht diese Optik schnelle, zielgenaue Sch\u00fcsse auf jede Entfernung.<\/p>\n<h5>Riton-Versprechen<\/h5>\n<p class=\"a-spacing-base\">Als Teil des Riton Versprechens glauben wir daran, Ihnen den bestm\u00f6glichen Service zu bieten, einschlie\u00dflich des besten Produktversprechens der Branche. Die Qualit\u00e4t unserer Produkte macht dies zum besten Versprechen, das Sie wahrscheinlich nie in Anspruch nehmen m\u00fcssen. Als J\u00e4ger und Sch\u00fctzen wissen wir jedoch, dass selbst der besten Ausr\u00fcstung manchmal etwas zust\u00f6\u00dft.<\/p>\n<h3 class=\"a-spacing-mini\">Erfahren Sie mehr \u00fcber das PSR-Absehen von Riton<\/h3>\n<p class=\"a-spacing-base\">Das 5 Conquer 5-25\u00d750 MRAD in der ersten Sch\u00e4rfeebene ist mit dem PSR-Absehen ausgestattet. Aus gutem Grund eines der beliebtesten Absehen von Riton!<\/p>\n<ul class=\"a-unordered-list a-vertical\">\n<li><span class=\"a-list-item\">0,4 MRAD Center Dot<\/span><\/li>\n<li><span class=\"a-list-item\">0,2 MRAD-Abstand zwischen den Punkten<\/span><\/li>\n<li><span class=\"a-list-item\">1 MRAD zwischen den Zeilen.<\/span><\/li>\n<\/ul>\n<div class=\"apm-flex-item-fourth-width\">\n<p class=\"apm-text-center\"><img decoding=\"async\" class=\"\" src=\"https:\/\/m.media-amazon.com\/images\/S\/aplus-media-library-service-media\/2a3691ca-1ba6-425a-81d6-eea9b48041b0.__CR18,0,464,464_PT0_SX220_V1___.jpg\" alt=\"RitonOptics.EPCleanRoom.Icon\" data-src=\"https:\/\/m.media-amazon.com\/images\/S\/aplus-media-library-service-media\/2a3691ca-1ba6-425a-81d6-eea9b48041b0.__CR18,0,464,464_PT0_SX220_V1___.jpg\" \/><\/p>\n<h4 class=\"a-spacing-mini\">Zusammengebaut im EP-Reinraum<\/h4>\n<p class=\"a-size-small\">Alle unsere Optiken werden in einem umweltgesch\u00fctzten Reinraum montiert. Dadurch wird sichergestellt, dass jede Optik frei von Verunreinigungen ist.<\/p>\n<\/div>\n<div class=\"apm-flex-item-fourth-width\">\n<p class=\"apm-text-center\"><img decoding=\"async\" class=\"\" src=\"https:\/\/m.media-amazon.com\/images\/S\/aplus-media-library-service-media\/be7a0589-7a1f-4e33-991d-031fdeda1e6b.__CR18,0,464,464_PT0_SX220_V1___.jpg\" alt=\"RitonOptics.Waterproof.Icon\" data-src=\"https:\/\/m.media-amazon.com\/images\/S\/aplus-media-library-service-media\/be7a0589-7a1f-4e33-991d-031fdeda1e6b.__CR18,0,464,464_PT0_SX220_V1___.jpg\" \/><\/p>\n<h4 class=\"a-spacing-mini\">Wasserdicht und sto\u00dffest<\/h4>\n<p class=\"a-size-small\">Alle Optiken sind garantiert wasserdicht und sto\u00dffest. Jede Optik wird mit bis zu 1200 g getestet.<\/p>\n<\/div>\n<div class=\"apm-flex-item-fourth-width\">\n<p class=\"apm-text-center\"><img decoding=\"async\" class=\"\" src=\"https:\/\/m.media-amazon.com\/images\/S\/aplus-media-library-service-media\/f15dac1c-1de6-4ffc-8bc8-75b718848e9a.__CR18,0,464,464_PT0_SX220_V1___.jpg\" alt=\"RitonOptics.FastFocus.Icon\" data-src=\"https:\/\/m.media-amazon.com\/images\/S\/aplus-media-library-service-media\/f15dac1c-1de6-4ffc-8bc8-75b718848e9a.__CR18,0,464,464_PT0_SX220_V1___.jpg\" \/><\/p>\n<h4 class=\"a-spacing-mini\">Ausgestattet mit unserem Fast-Focus-Okular<\/h4>\n<p class=\"a-size-small\">Um sicherzustellen, dass alle Augen unsere Optiken nutzen k\u00f6nnen, ist jedes mit unserem Schnellfokus-Okular ausgestattet.<\/p>\n<\/div>\n<div class=\"apm-flex-item-fourth-width\">\n<p class=\"apm-text-center\"><img decoding=\"async\" class=\"\" src=\"https:\/\/m.media-amazon.com\/images\/S\/aplus-media-library-service-media\/dd84b561-06be-4aba-94a6-94cb4782c51f.__CR18,0,464,464_PT0_SX220_V1___.jpg\" alt=\"RitonOptics.RuggedConstruction.Icon\" data-src=\"https:\/\/m.media-amazon.com\/images\/S\/aplus-media-library-service-media\/dd84b561-06be-4aba-94a6-94cb4782c51f.__CR18,0,464,464_PT0_SX220_V1___.jpg\" \/><\/p>\n<h4 class=\"a-spacing-mini\">Langlebige und robuste Aluminiumkonstruktion<\/h4>\n<p class=\"a-size-small\">Alle unsere Optiken sind aus Flugzeugaluminium und starkem Glas gefertigt, um den Elementen zu trotzen.<\/p>\n<h3 class=\"a-size-extra-large a-spacing-base a-text-center\">Vollst\u00e4ndige Specs<\/h3>\n<div class=\"a-row\">\n<div class=\"a-column a-span12 aplus-tech-spec-hide-loading\">\n<table class=\"a-bordered a-horizontal-stripes aplus-tech-spec-table\">\n<tbody>\n<tr>\n<td class=\"a-text-bold\">Vergr\u00f6\u00dferung<\/td>\n<td>5-25<\/td>\n<\/tr>\n<tr>\n<td class=\"a-text-bold\">Parallaxe-Einstellung<\/td>\n<td>10-unendlich<\/td>\n<\/tr>\n<tr>\n<td class=\"a-text-bold\">Rohr-Durchmesser<\/td>\n<td>34 mm<\/td>\n<\/tr>\n<tr>\n<td class=\"a-text-bold\">Objektivlinsen-Durchmesser<\/td>\n<td>50mm<\/td>\n<\/tr>\n<tr>\n<td class=\"a-text-bold\">Position des Objektivs<\/td>\n<td>Erste Brennebene<\/td>\n<\/tr>\n<tr>\n<td class=\"a-text-bold\">Beschichtung der Linse<\/td>\n<td>Objektiv-Beschichtung: Vollst\u00e4ndig mehrfach verg\u00fctet, Volles Breitband, wasserdicht beschichtet, Low Light Enhancement<\/td>\n<\/tr>\n<tr>\n<td class=\"a-text-bold\">Absehen<\/td>\n<td>PSR, beleuchtet<\/td>\n<\/tr>\n<tr>\n<td class=\"a-text-bold\">Sichtfeld bei 100 Yds<\/td>\n<td>22.5ft-4.5ft<\/td>\n<\/tr>\n<tr>\n<td class=\"a-text-bold\">Augenentlastung<\/td>\n<td>3,7 Zoll\/95 mm<\/td>\n<\/tr>\n<tr>\n<td class=\"a-text-bold\">Beenden Sch\u00fclerin<\/td>\n<td>Niedrig 10,2 mm - Hoch 2,2 mm<\/td>\n<\/tr>\n<tr>\n<td class=\"a-text-bold\">Klickwert bei 100 yds\/m<\/td>\n<td>1\/10. MRAD<\/td>\n<\/tr>\n<tr>\n<td class=\"a-text-bold\">Einstellungsbereich<\/td>\n<td>22 MRAD<\/td>\n<\/tr>\n<tr>\n<td class=\"a-text-bold\">Montage L\u00e4nge<\/td>\n<td>7.75in\/196mm<\/td>\n<\/tr>\n<tr>\n<td class=\"a-text-bold\">L\u00e4nge<\/td>\n<td>15.37in\/390mm<\/td>\n<\/tr>\n<tr>\n<td class=\"a-text-bold\">Gewicht<\/td>\n<td>34oz\/963g<\/td>\n<\/tr>\n<tr>\n<td class=\"a-text-bold\">Enthaltene Artikel<\/td>\n<td>Aufklappbare Linsenabdeckungen, Linsentuch, Inbusschl\u00fcssel<\/td>\n<\/tr>\n<\/tbody>\n<\/table>\n<\/div>\n<\/div>\n<\/div>","protected":false},"excerpt":{"rendered":"<p>Riton X5 Conquer 5-25&#215;50 MRAD Featuring a 34mm tube and a 5x magnification ratio, Riton\u2019s 5 Conquer 5-25\u00d750 has the perfect combination of clarity and<\/p>","protected":false},"featured_media":1385,"comment_status":"open","ping_status":"closed","template":"","meta":[],"etheme_brands":[{"term_id":44,"name":"Riton","slug":"riton","term_group":0,"term_taxonomy_id":44,"taxonomy":"brand","description":"","parent":0,"count":18,"filter":"raw"}],"product_brand":[],"product_cat":[49],"product_tag":[],"class_list":{"0":"post-1313","1":"product","2":"type-product","3":"status-publish","4":"has-post-thumbnail","6":"brand-riton","7":"product_cat-rifle-scopes","9":"first","10":"instock","11":"sale","12":"taxable","13":"shipping-taxable","14":"purchasable","15":"product-type-simple"},"yoast_head":"<!-- This site is optimized with the Yoast SEO Premium plugin v25.7.1 (Yoast SEO v27.4) - https:\/\/yoast.com\/product\/yoast-seo-premium-wordpress\/ -->\n<title>Riton 5 Conquer 5-25x50IR FFP MRAD - Hunter Optics<\/title>\n<meta name=\"robots\" content=\"index, follow, max-snippet:-1, max-image-preview:large, max-video-preview:-1\" \/>\n<link rel=\"canonical\" href=\"https:\/\/hunter-optics.com\/de\/produkt\/riton-5-conquer-5-25x50ir-ffp-mrad\/\" \/>\n<meta property=\"og:locale\" content=\"de_DE\" \/>\n<meta property=\"og:type\" content=\"article\" \/>\n<meta property=\"og:title\" content=\"Riton 5 Conquer 5-25x50IR FFP MRAD\" \/>\n<meta property=\"og:description\" content=\"Riton X5 Conquer 5-25&#215;50 MRAD Featuring a 34mm tube and a 5x magnification ratio, Riton\u2019s 5 Conquer 5-25\u00d750 has the perfect combination of clarity and\" \/>\n<meta property=\"og:url\" content=\"https:\/\/hunter-optics.com\/de\/produkt\/riton-5-conquer-5-25x50ir-ffp-mrad\/\" \/>\n<meta property=\"og:site_name\" content=\"Hunter Optics\" \/>\n<meta property=\"article:modified_time\" content=\"2025-07-29T06:00:30+00:00\" \/>\n<meta property=\"og:image\" content=\"https:\/\/hunter-optics.com\/wp-content\/uploads\/2025\/07\/Riton-5-Conquer-5-25x50IR-FFP-MRAD.jpg\" \/>\n\t<meta property=\"og:image:width\" content=\"876\" \/>\n\t<meta property=\"og:image:height\" content=\"876\" \/>\n\t<meta property=\"og:image:type\" content=\"image\/jpeg\" \/>\n<meta name=\"twitter:card\" content=\"summary_large_image\" \/>\n<meta name=\"twitter:label1\" content=\"Preis\" \/>\n\t<meta name=\"twitter:data1\" content=\"&#036;629.99\" \/>\n\t<meta name=\"twitter:label2\" content=\"Verf\u00fcgbarkeit\" \/>\n\t<meta name=\"twitter:data2\" content=\"Auf Lager\" \/>\n<script type=\"application\/ld+json\" class=\"yoast-schema-graph\">{\"@context\":\"https:\\\/\\\/schema.org\",\"@graph\":[{\"@type\":\"WebPage\",\"@id\":\"https:\\\/\\\/hunter-optics.com\\\/product\\\/riton-5-conquer-5-25x50ir-ffp-mrad\\\/\",\"url\":\"https:\\\/\\\/hunter-optics.com\\\/product\\\/riton-5-conquer-5-25x50ir-ffp-mrad\\\/\",\"name\":\"Riton 5 Conquer 5-25x50IR FFP MRAD - Hunter Optics\",\"isPartOf\":{\"@id\":\"https:\\\/\\\/hunter-optics.com\\\/#website\"},\"primaryImageOfPage\":{\"@id\":\"https:\\\/\\\/hunter-optics.com\\\/product\\\/riton-5-conquer-5-25x50ir-ffp-mrad\\\/#primaryimage\"},\"image\":{\"@id\":\"https:\\\/\\\/hunter-optics.com\\\/product\\\/riton-5-conquer-5-25x50ir-ffp-mrad\\\/#primaryimage\"},\"thumbnailUrl\":\"https:\\\/\\\/hunter-optics.com\\\/wp-content\\\/uploads\\\/2025\\\/07\\\/Riton-5-Conquer-5-25x50IR-FFP-MRAD.jpg\",\"datePublished\":\"2025-07-03T07:40:10+00:00\",\"dateModified\":\"2025-07-29T06:00:30+00:00\",\"breadcrumb\":{\"@id\":\"https:\\\/\\\/hunter-optics.com\\\/product\\\/riton-5-conquer-5-25x50ir-ffp-mrad\\\/#breadcrumb\"},\"inLanguage\":\"de\",\"potentialAction\":[{\"@type\":\"ReadAction\",\"target\":[\"https:\\\/\\\/hunter-optics.com\\\/product\\\/riton-5-conquer-5-25x50ir-ffp-mrad\\\/\"]}]},{\"@type\":\"ImageObject\",\"inLanguage\":\"de\",\"@id\":\"https:\\\/\\\/hunter-optics.com\\\/product\\\/riton-5-conquer-5-25x50ir-ffp-mrad\\\/#primaryimage\",\"url\":\"https:\\\/\\\/hunter-optics.com\\\/wp-content\\\/uploads\\\/2025\\\/07\\\/Riton-5-Conquer-5-25x50IR-FFP-MRAD.jpg\",\"contentUrl\":\"https:\\\/\\\/hunter-optics.com\\\/wp-content\\\/uploads\\\/2025\\\/07\\\/Riton-5-Conquer-5-25x50IR-FFP-MRAD.jpg\",\"width\":876,\"height\":876},{\"@type\":\"BreadcrumbList\",\"@id\":\"https:\\\/\\\/hunter-optics.com\\\/product\\\/riton-5-conquer-5-25x50ir-ffp-mrad\\\/#breadcrumb\",\"itemListElement\":[{\"@type\":\"ListItem\",\"position\":1,\"name\":\"Home\",\"item\":\"https:\\\/\\\/hunter-optics.com\\\/\"},{\"@type\":\"ListItem\",\"position\":2,\"name\":\"Products\",\"item\":\"https:\\\/\\\/hunter-optics.com\\\/shop\\\/\"},{\"@type\":\"ListItem\",\"position\":3,\"name\":\"Riton 5 Conquer 5-25x50IR FFP MRAD\"}]},{\"@type\":\"WebSite\",\"@id\":\"https:\\\/\\\/hunter-optics.com\\\/#website\",\"url\":\"https:\\\/\\\/hunter-optics.com\\\/\",\"name\":\"Hunter Optics\",\"description\":\"Hunter Optics \u2014 Your Eye on the Target.\",\"publisher\":{\"@id\":\"https:\\\/\\\/hunter-optics.com\\\/#organization\"},\"potentialAction\":[{\"@type\":\"SearchAction\",\"target\":{\"@type\":\"EntryPoint\",\"urlTemplate\":\"https:\\\/\\\/hunter-optics.com\\\/?s={search_term_string}\"},\"query-input\":{\"@type\":\"PropertyValueSpecification\",\"valueRequired\":true,\"valueName\":\"search_term_string\"}}],\"inLanguage\":\"de\"},{\"@type\":\"Organization\",\"@id\":\"https:\\\/\\\/hunter-optics.com\\\/#organization\",\"name\":\"Hunter Optics\",\"url\":\"https:\\\/\\\/hunter-optics.com\\\/\",\"logo\":{\"@type\":\"ImageObject\",\"inLanguage\":\"de\",\"@id\":\"https:\\\/\\\/hunter-optics.com\\\/#\\\/schema\\\/logo\\\/image\\\/\",\"url\":\"https:\\\/\\\/hunter-optics.com\\\/wp-content\\\/uploads\\\/2025\\\/06\\\/hunter-optics-logo-1.png\",\"contentUrl\":\"https:\\\/\\\/hunter-optics.com\\\/wp-content\\\/uploads\\\/2025\\\/06\\\/hunter-optics-logo-1.png\",\"width\":937,\"height\":373,\"caption\":\"Hunter Optics\"},\"image\":{\"@id\":\"https:\\\/\\\/hunter-optics.com\\\/#\\\/schema\\\/logo\\\/image\\\/\"}}]}<\/script>\n<meta property=\"product:brand\" content=\"Riton\" \/>\n<meta property=\"product:price:amount\" content=\"629.99\" \/>\n<meta property=\"product:price:currency\" content=\"USD\" \/>\n<meta property=\"og:availability\" content=\"instock\" \/>\n<meta property=\"product:availability\" content=\"instock\" \/>\n<meta property=\"product:condition\" content=\"new\" \/>\n<!-- \/ Yoast SEO Premium plugin. -->","yoast_head_json":{"title":"Riton 5 Conquer 5-25x50IR FFP MRAD - Hunter Optics","robots":{"index":"index","follow":"follow","max-snippet":"max-snippet:-1","max-image-preview":"max-image-preview:large","max-video-preview":"max-video-preview:-1"},"canonical":"https:\/\/hunter-optics.com\/de\/produkt\/riton-5-conquer-5-25x50ir-ffp-mrad\/","og_locale":"de_DE","og_type":"article","og_title":"Riton 5 Conquer 5-25x50IR FFP MRAD","og_description":"Riton X5 Conquer 5-25&#215;50 MRAD Featuring a 34mm tube and a 5x magnification ratio, Riton\u2019s 5 Conquer 5-25\u00d750 has the perfect combination of clarity and","og_url":"https:\/\/hunter-optics.com\/de\/produkt\/riton-5-conquer-5-25x50ir-ffp-mrad\/","og_site_name":"Hunter Optics","article_modified_time":"2025-07-29T06:00:30+00:00","og_image":[{"width":876,"height":876,"url":"https:\/\/hunter-optics.com\/wp-content\/uploads\/2025\/07\/Riton-5-Conquer-5-25x50IR-FFP-MRAD.jpg","type":"image\/jpeg"}],"twitter_card":"summary_large_image","twitter_misc":{"Preis":"&#36;629.99","Verf\u00fcgbarkeit":"Auf Lager"},"schema":{"@context":"https:\/\/schema.org","@graph":[{"@type":"WebPage","@id":"https:\/\/hunter-optics.com\/product\/riton-5-conquer-5-25x50ir-ffp-mrad\/","url":"https:\/\/hunter-optics.com\/product\/riton-5-conquer-5-25x50ir-ffp-mrad\/","name":"Riton 5 Conquer 5-25x50IR FFP MRAD - Hunter Optics","isPartOf":{"@id":"https:\/\/hunter-optics.com\/#website"},"primaryImageOfPage":{"@id":"https:\/\/hunter-optics.com\/product\/riton-5-conquer-5-25x50ir-ffp-mrad\/#primaryimage"},"image":{"@id":"https:\/\/hunter-optics.com\/product\/riton-5-conquer-5-25x50ir-ffp-mrad\/#primaryimage"},"thumbnailUrl":"https:\/\/hunter-optics.com\/wp-content\/uploads\/2025\/07\/Riton-5-Conquer-5-25x50IR-FFP-MRAD.jpg","datePublished":"2025-07-03T07:40:10+00:00","dateModified":"2025-07-29T06:00:30+00:00","breadcrumb":{"@id":"https:\/\/hunter-optics.com\/product\/riton-5-conquer-5-25x50ir-ffp-mrad\/#breadcrumb"},"inLanguage":"de","potentialAction":[{"@type":"ReadAction","target":["https:\/\/hunter-optics.com\/product\/riton-5-conquer-5-25x50ir-ffp-mrad\/"]}]},{"@type":"ImageObject","inLanguage":"de","@id":"https:\/\/hunter-optics.com\/product\/riton-5-conquer-5-25x50ir-ffp-mrad\/#primaryimage","url":"https:\/\/hunter-optics.com\/wp-content\/uploads\/2025\/07\/Riton-5-Conquer-5-25x50IR-FFP-MRAD.jpg","contentUrl":"https:\/\/hunter-optics.com\/wp-content\/uploads\/2025\/07\/Riton-5-Conquer-5-25x50IR-FFP-MRAD.jpg","width":876,"height":876},{"@type":"BreadcrumbList","@id":"https:\/\/hunter-optics.com\/product\/riton-5-conquer-5-25x50ir-ffp-mrad\/#breadcrumb","itemListElement":[{"@type":"ListItem","position":1,"name":"Home","item":"https:\/\/hunter-optics.com\/"},{"@type":"ListItem","position":2,"name":"Products","item":"https:\/\/hunter-optics.com\/shop\/"},{"@type":"ListItem","position":3,"name":"Riton 5 Conquer 5-25x50IR FFP MRAD"}]},{"@type":"WebSite","@id":"https:\/\/hunter-optics.com\/#website","url":"https:\/\/hunter-optics.com\/","name":"J\u00e4ger-Optik","description":"Hunter Optics - Ihr Auge auf dem Ziel.","publisher":{"@id":"https:\/\/hunter-optics.com\/#organization"},"potentialAction":[{"@type":"SearchAction","target":{"@type":"EntryPoint","urlTemplate":"https:\/\/hunter-optics.com\/?s={search_term_string}"},"query-input":{"@type":"PropertyValueSpecification","valueRequired":true,"valueName":"search_term_string"}}],"inLanguage":"de"},{"@type":"Organization","@id":"https:\/\/hunter-optics.com\/#organization","name":"J\u00e4ger-Optik","url":"https:\/\/hunter-optics.com\/","logo":{"@type":"ImageObject","inLanguage":"de","@id":"https:\/\/hunter-optics.com\/#\/schema\/logo\/image\/","url":"https:\/\/hunter-optics.com\/wp-content\/uploads\/2025\/06\/hunter-optics-logo-1.png","contentUrl":"https:\/\/hunter-optics.com\/wp-content\/uploads\/2025\/06\/hunter-optics-logo-1.png","width":937,"height":373,"caption":"Hunter Optics"},"image":{"@id":"https:\/\/hunter-optics.com\/#\/schema\/logo\/image\/"}}]},"product_brand":"Riton","product_price_amount":"629.99","product_price_currency":"USD","og_availability":"instock","product_availability":"instock","product_condition":"new"},"_links":{"self":[{"href":"https:\/\/hunter-optics.com\/de\/wp-json\/wp\/v2\/product\/1313","targetHints":{"allow":["GET"]}}],"collection":[{"href":"https:\/\/hunter-optics.com\/de\/wp-json\/wp\/v2\/product"}],"about":[{"href":"https:\/\/hunter-optics.com\/de\/wp-json\/wp\/v2\/types\/product"}],"replies":[{"embeddable":true,"href":"https:\/\/hunter-optics.com\/de\/wp-json\/wp\/v2\/comments?post=1313"}],"version-history":[{"count":3,"href":"https:\/\/hunter-optics.com\/de\/wp-json\/wp\/v2\/product\/1313\/revisions"}],"predecessor-version":[{"id":1377,"href":"https:\/\/hunter-optics.com\/de\/wp-json\/wp\/v2\/product\/1313\/revisions\/1377"}],"wp:featuredmedia":[{"embeddable":true,"href":"https:\/\/hunter-optics.com\/de\/wp-json\/wp\/v2\/media\/1385"}],"wp:attachment":[{"href":"https:\/\/hunter-optics.com\/de\/wp-json\/wp\/v2\/media?parent=1313"}],"wp:term":[{"taxonomy":"brand","embeddable":true,"href":"https:\/\/hunter-optics.com\/de\/wp-json\/wp\/v2\/etheme_brands?post=1313"},{"taxonomy":"product_brand","embeddable":true,"href":"https:\/\/hunter-optics.com\/de\/wp-json\/wp\/v2\/product_brand?post=1313"},{"taxonomy":"product_cat","embeddable":true,"href":"https:\/\/hunter-optics.com\/de\/wp-json\/wp\/v2\/product_cat?post=1313"},{"taxonomy":"product_tag","embeddable":true,"href":"https:\/\/hunter-optics.com\/de\/wp-json\/wp\/v2\/product_tag?post=1313"}],"curies":[{"name":"wp","href":"https:\/\/api.w.org\/{rel}","templated":true}]}}