{"id":1285,"date":"2025-07-03T06:09:07","date_gmt":"2025-07-03T06:09:07","guid":{"rendered":"https:\/\/hunter-optics.com\/?post_type=product&#038;p=1285"},"modified":"2025-07-24T08:53:39","modified_gmt":"2025-07-24T08:53:39","slug":"riton-3-primal-3-12x56ir","status":"publish","type":"product","link":"https:\/\/hunter-optics.com\/de\/produkt\/riton-3-primal-3-12x56ir\/","title":{"rendered":"RIton 3 PRIMAL 3-12\u00d756IR"},"content":{"rendered":"<h3 id=\"brxe-wmwgnk\" class=\"brxe-heading h4\">EINFACH PUNKTGEM\u00c4SS<\/h3>\n<div id=\"brxe-hqsamv\" class=\"brxe-text-basic tir-video__subtitle\">3 PRIMAL 3-12\u00d756<\/div>\n<div id=\"brxe-uenhta\" class=\"brxe-text prod-video__txt\">\n<p><strong>KLARHEIT IST WICHTIG<\/strong><\/p>\n<p>Das Riton 3 Primal 3-12\u00d756 zeigt das Engagement von Riton, Qualit\u00e4tsglas zu jedem Preis zu liefern. Das optische System ist voll multiverg\u00fctet, um sowohl die Farbe als auch die Sichtbarkeit bei schlechten Lichtverh\u00e4ltnissen zu verbessern, sodass Sie Ihr Ziel in jeder erdenklichen Situation sehen k\u00f6nnen.<\/p>\n<p><strong>KRAFTVOLL UND URSPR\u00dcNGLICH<\/strong><\/p>\n<p>Das 3 Primal 3-12\u00d756 verf\u00fcgt \u00fcber das RDH-Absehen, ein klares, offenes Absehen mit einem einzigen beleuchteten zentralen Zielpunkt. Der rot beleuchtete Zentralpunkt erm\u00f6glicht Ihnen die Anpassung an schlechte Lichtverh\u00e4ltnisse oder Situationen mit starkem Kontrast, in denen ein herk\u00f6mmliches, nicht beleuchtetes Absehen m\u00f6glicherweise nicht zu sehen ist. Lassen Sie nicht zu, dass die Umgebungslichtbedingungen der Grund daf\u00fcr sind, dass Ihr Ziel nicht erreicht wird.<\/p>\n<p><strong>UNGEHINDERTE VERFOLGUNG<\/strong><\/p>\n<p>Niemand m\u00f6chte, dass seine Ausr\u00fcstung auf der Jagd zu schwer wird. Mit dem 3 Primal 3-12\u00d756 sind Sie bestens ger\u00fcstet. Mit einem Gewicht von etwas mehr als einem Pfund ist diese Optik sicher, dass sie jede Jagd \u00fcbersteht, ohne Sie zu erm\u00fcden, damit Sie l\u00e4nger im Feld bleiben, wenn es am wichtigsten ist.<\/p>\n<p><strong>GESCHAFFEN F\u00dcR LAST<\/strong><\/p>\n<p>Das Riton 3 Primal 3-12\u00d756 wurde gebaut, um den Elementen, St\u00f6\u00dfen und allem, was dazwischen liegt, zu trotzen und dabei die Pr\u00e4zision zu erhalten. Das 3 Primal 3-12\u00d756 ist aus 6061-T6-Aluminium in Flugzeugqualit\u00e4t gefertigt und auf Langlebigkeit ausgelegt, um allen Bedingungen standzuhalten, denen Sie begegnen k\u00f6nnten. Wie alle Riton-Zielfernrohre ist auch das 3 Primal 3-12\u00d756 bis zu 1.200 Gs sto\u00dfgepr\u00fcft, f\u00fcr Luftgewehre zugelassen und wird von der eingeschr\u00e4nkten lebenslangen Garantie von Riton unterst\u00fctzt. Unabh\u00e4ngig von Ihrer Anwendung ist das Riton 3 Primal 3-12\u00d756 so gebaut, dass es ohne Leistungseinbu\u00dfen auskommt.<\/p>\n<h3 id=\"brxe-ztlivr\" class=\"brxe-heading prod-tabs__title\">Absehen Informationen:<\/h3>\n<p id=\"brxe-grjall\" class=\"brxe-text-basic prod-reticle-name\">RETICLE: RDH<\/p>\n<div id=\"brxe-rkyybx\" class=\"brxe-text-basic prod-ret__txt\">\n<p>Die\u00a0<strong>RDH-Absehen<\/strong>\u00a0wurde mit Blick auf J\u00e4ger entwickelt. Der beleuchtete mittlere Punkt ist auch in angespannten Situationen ein nat\u00fcrlicher Zielpunkt, w\u00e4hrend der Rest des Absehens offen ist, um die Verfolgung des Wildes zu erleichtern.<\/p>\n<h3 id=\"brxe-qcmket\" class=\"brxe-heading prod-tabs__title\">Wesentliche Merkmale:<\/h3>\n<div id=\"brxe-pnyzeh\" class=\"brxe-block prod-tab-feature\">\n<div class=\"brxe-xfsvub brxe-block prod-tab-key-loop\"><img loading=\"lazy\" decoding=\"async\" class=\"brxe-rtihxw brxe-image prod-feature__icon css-filter size-full\" src=\"https:\/\/ritonoptics.com\/wp-content\/uploads\/dry-nitrogen-purged-and-sealed-1.png\" alt=\"\" width=\"72\" height=\"74\" \/><\/p>\n<div class=\"brxe-anynyj brxe-div\">\n<p class=\"brxe-abizyp brxe-text-basic prod-feature__title\">Mit trockenem Stickstoff gesp\u00fclt und versiegelt<\/p>\n<p class=\"brxe-lprtvs brxe-text-basic prod-feature__txt\">Unter Verwendung von Stickstoffgas wird die Optik gesp\u00fclt und versiegelt, um eine optimale Leistung unter allen Wetterbedingungen f\u00fcr die gesamte Lebensdauer der...<\/p>\n<\/div>\n<\/div>\n<div class=\"brxe-xfsvub brxe-block prod-tab-key-loop\"><img loading=\"lazy\" decoding=\"async\" class=\"brxe-rtihxw brxe-image prod-feature__icon css-filter size-full\" src=\"https:\/\/ritonoptics.com\/wp-content\/uploads\/precision-quality-1.png\" alt=\"\" width=\"72\" height=\"74\" \/><\/p>\n<div class=\"brxe-anynyj brxe-div\">\n<p class=\"brxe-abizyp brxe-text-basic prod-feature__title\">Pr\u00e4zisions-Qualit\u00e4tssicherung<\/p>\n<p class=\"brxe-lprtvs brxe-text-basic prod-feature__txt\">Jedes Riton-Produkt durchl\u00e4uft einen strengen Qualit\u00e4tskontrollprozess durch zertifizierte Techniker in Tucson, AZ. Jedes Produkt, das Sie erhalten, wurde einer...<\/p>\n<\/div>\n<\/div>\n<div class=\"brxe-xfsvub brxe-block prod-tab-key-loop\"><img loading=\"lazy\" decoding=\"async\" class=\"brxe-rtihxw brxe-image prod-feature__icon css-filter size-full\" src=\"https:\/\/ritonoptics.com\/wp-content\/uploads\/hd-glass-1.png\" alt=\"\" width=\"72\" height=\"74\" \/><\/p>\n<div class=\"brxe-anynyj brxe-div\">\n<p class=\"brxe-abizyp brxe-text-basic prod-feature__title\">Riton HD Glas<\/p>\n<p class=\"brxe-lprtvs brxe-text-basic prod-feature__txt\">Das Riton High Density (HD)-Glas bietet 99,5% Lichtdurchl\u00e4ssigkeit f\u00fcr verbesserte Klarheit und ein optimales Sichtbild.<\/p>\n<\/div>\n<\/div>\n<div class=\"brxe-xfsvub brxe-block prod-tab-key-loop\"><img loading=\"lazy\" decoding=\"async\" class=\"brxe-rtihxw brxe-image prod-feature__icon css-filter size-full\" src=\"https:\/\/ritonoptics.com\/wp-content\/uploads\/rugged-construction-1.png\" alt=\"\" width=\"72\" height=\"74\" \/><\/p>\n<div class=\"brxe-anynyj brxe-div\">\n<p class=\"brxe-abizyp brxe-text-basic prod-feature__title\">Riton Robuste Konstruktion<\/p>\n<p class=\"brxe-lprtvs brxe-text-basic prod-feature__txt\">Die robuste Konstruktion von Riton umfasst die Verwendung von 6061-T6-Aluminium in Flugzeugqualit\u00e4t, CNC-gefr\u00e4ste Rohre aus einem St\u00fcck und Typ III Hartanodisierung....<\/p>\n<\/div>\n<\/div>\n<div class=\"brxe-xfsvub brxe-block prod-tab-key-loop\"><img loading=\"lazy\" decoding=\"async\" class=\"brxe-rtihxw brxe-image prod-feature__icon css-filter size-full\" src=\"https:\/\/ritonoptics.com\/wp-content\/uploads\/performance-coating-1.png\" alt=\"\" width=\"72\" height=\"74\" \/><\/p>\n<div class=\"brxe-anynyj brxe-div\">\n<p class=\"brxe-abizyp brxe-text-basic prod-feature__title\">Riton Performance-Beschichtung<\/p>\n<p class=\"brxe-lprtvs brxe-text-basic prod-feature__txt\">Alle Riton-Optiken sind mit propriet\u00e4ren, mehrfach beschichteten Linsen ausgestattet, die eine Verbesserung der Lichtverh\u00e4ltnisse, eine Breitband-, Anti-Kratz- und Anti-Reflex-Beschichtung f\u00fcr...<\/p>\n<\/div>\n<\/div>\n<div class=\"brxe-xfsvub brxe-block prod-tab-key-loop\"><img loading=\"lazy\" decoding=\"async\" class=\"brxe-rtihxw brxe-image prod-feature__icon css-filter size-full\" src=\"https:\/\/ritonoptics.com\/wp-content\/uploads\/airgun-approved-1.png\" alt=\"\" width=\"72\" height=\"74\" \/><\/p>\n<div class=\"brxe-anynyj brxe-div\">\n<p class=\"brxe-abizyp brxe-text-basic prod-feature__title\">Luftgewehr zugelassen<\/p>\n<p class=\"brxe-lprtvs brxe-text-basic prod-feature__txt\">Riton-Zielfernrohre sind hoch bewertet und f\u00fcr die Verwendung mit Luftdruckwaffen geeignet. Sie bieten Langlebigkeit und hervorragende optische Klarheit. Entwickelt, um dem einzigartigen R\u00fccksto\u00df zu widerstehen...<\/p>\n<h3 id=\"brxe-qzyxzy\" class=\"brxe-heading prod-tabs__title\">Vollst\u00e4ndige Specs:<\/h3>\n<div class=\"brxe-zlpnap brxe-block prod-tab-spec-loop\">\n<p class=\"brxe-ibnnrs brxe-text-basic tab-spec__value\">Vergr\u00f6\u00dferung:3-12<\/p>\n<\/div>\n<div class=\"brxe-zlpnap brxe-block prod-tab-spec-loop\">\n<p class=\"brxe-ibnnrs brxe-text-basic tab-spec__value\">Parallaxenanpassung:15 - unendlich<\/p>\n<\/div>\n<div class=\"brxe-zlpnap brxe-block prod-tab-spec-loop\">\n<p class=\"brxe-ibnnrs brxe-text-basic tab-spec__value\">Rohrdurchmesser:30mm<\/p>\n<\/div>\n<div class=\"brxe-zlpnap brxe-block prod-tab-spec-loop\">\n<p class=\"brxe-ibnnrs brxe-text-basic tab-spec__value\">Objektivdurchmesser:56mm<\/p>\n<\/div>\n<div class=\"brxe-zlpnap brxe-block prod-tab-spec-loop\">\n<p class=\"brxe-ibnnrs brxe-text-basic tab-spec__value\">Brennebene:Zweite Brennebene<\/p>\n<\/div>\n<div class=\"brxe-zlpnap brxe-block prod-tab-spec-loop\">\n<p class=\"brxe-ibnnrs brxe-text-basic tab-spec__value\">Objektivbeschichtung: Voll multiverg\u00fctet, Breitbandbeschichtung, wasserdichte Beschichtung, Low Light Enhancement<\/p>\n<\/div>\n<div class=\"brxe-zlpnap brxe-block prod-tab-spec-loop\">\n<p class=\"brxe-ibnnrs brxe-text-basic tab-spec__value\">Absehen:RDH, beleuchtet<\/p>\n<\/div>\n<div class=\"brxe-zlpnap brxe-block prod-tab-spec-loop\">\n<p class=\"brxe-ibnnrs brxe-text-basic tab-spec__value\">Sichtfeld bei 100 Yards: 33ft - 8.4ft<\/p>\n<\/div>\n<div class=\"brxe-zlpnap brxe-block prod-tab-spec-loop\">\n<p class=\"brxe-ibnnrs brxe-text-basic tab-spec__value\">Werkstoff:6061-T6<\/p>\n<\/div>\n<div class=\"brxe-zlpnap brxe-block prod-tab-spec-loop\">\n<p class=\"brxe-ibnnrs brxe-text-basic tab-spec__value\">Augenabstand:3.35in\/85mm<\/p>\n<\/div>\n<div class=\"brxe-zlpnap brxe-block prod-tab-spec-loop\">\n<p class=\"brxe-ibnnrs brxe-text-basic tab-spec__value\">Austrittspupille: Niedrig 14,5 mm - Hoch 4,7 mm<\/p>\n<\/div>\n<div class=\"brxe-zlpnap brxe-block prod-tab-spec-loop\">\n<p class=\"brxe-ibnnrs brxe-text-basic tab-spec__value\">Klickwert auf 100 Yards: 1\/4 MOA<\/p>\n<\/div>\n<div class=\"brxe-zlpnap brxe-block prod-tab-spec-loop\">\n<p class=\"brxe-ibnnrs brxe-text-basic tab-spec__value\">Verstellbereich:60 MOA<\/p>\n<\/div>\n<div class=\"brxe-zlpnap brxe-block prod-tab-spec-loop\">\n<p class=\"brxe-ibnnrs brxe-text-basic tab-spec__value\">Montage L\u00e4nge:5.4in\/137mm<\/p>\n<\/div>\n<div class=\"brxe-zlpnap brxe-block prod-tab-spec-loop\">\n<p class=\"brxe-ibnnrs brxe-text-basic tab-spec__value\">L\u00e4nge:13.39in\/340mm<\/p>\n<\/div>\n<div class=\"brxe-zlpnap brxe-block prod-tab-spec-loop\">\n<p class=\"brxe-ibnnrs brxe-text-basic tab-spec__value\">Gewicht:1.74lbs\/27.8oz<\/p>\n<\/div>\n<div class=\"brxe-zlpnap brxe-block prod-tab-spec-loop\">\n<p class=\"brxe-ibnnrs brxe-text-basic tab-spec__value\">Mitgeliefertes Zubeh\u00f6r: Klappbare Objektivabdeckungen, Objektivtuch, Inbusschl\u00fcssel, 2032 Batterie installiert<\/p>\n<\/div>\n<\/div>\n<\/div>\n<\/div>\n<\/div>\n<\/div>","protected":false},"excerpt":{"rendered":"<div id=\"brxe-hxkylx\" class=\"brxe-product-short-description prod-single__txt\">\n<div class=\"woocommerce-product-details__short-description\">\n<p>Die <strong>Riton<\/strong> <strong>3 Primal 3-12\u00d756<\/strong> ist ein einfaches, aber hocheffektives Jagdobjektiv. Das \u00fcbergro\u00dfe Objektiv maximiert die Bildqualit\u00e4t bei schlechten Lichtverh\u00e4ltnissen, w\u00e4hrend das RDH-Absehen einen klaren, beleuchteten Zielpunkt liefert, der auch in dunklen Schatten zu sehen ist. Mit dem 3 Primal 3-12\u00d756 k\u00f6nnen Sie sicher sein, dass Ihre Optik im Moment der Wahrheit nicht die Schwachstelle ist.<\/p>\n<\/div>\n<\/div>","protected":false},"featured_media":1286,"comment_status":"open","ping_status":"closed","template":"","meta":[],"etheme_brands":[{"term_id":44,"name":"Riton","slug":"riton","term_group":0,"term_taxonomy_id":44,"taxonomy":"brand","description":"","parent":0,"count":18,"filter":"raw"}],"product_brand":[],"product_cat":[49],"product_tag":[],"class_list":{"0":"post-1285","1":"product","2":"type-product","3":"status-publish","4":"has-post-thumbnail","6":"brand-riton","7":"product_cat-rifle-scopes","9":"first","10":"instock","11":"sale","12":"taxable","13":"shipping-taxable","14":"purchasable","15":"product-type-simple"},"yoast_head":"<!-- This site is optimized with the Yoast SEO Premium plugin v25.7.1 (Yoast SEO v27.4) - https:\/\/yoast.com\/product\/yoast-seo-premium-wordpress\/ -->\n<title>RIton 3 PRIMAL 3-12\u00d756IR - Hunter Optics<\/title>\n<meta name=\"robots\" content=\"index, follow, max-snippet:-1, max-image-preview:large, max-video-preview:-1\" \/>\n<link rel=\"canonical\" href=\"https:\/\/hunter-optics.com\/de\/produkt\/riton-3-primal-3-12x56ir\/\" \/>\n<meta property=\"og:locale\" content=\"de_DE\" \/>\n<meta property=\"og:type\" content=\"article\" \/>\n<meta property=\"og:title\" content=\"RIton 3 PRIMAL 3-12\u00d756IR\" \/>\n<meta property=\"og:description\" content=\"The Riton 3 Primal 3-12\u00d756 is a simple but highly effective hunting optic. Designed with the hunter in mind, an oversized objective maximizes low-light image quality, while the RDH reticle delivers a clear, illuminated aimpoint that shows up even in dark shadows. With the 3 Primal 3-12\u00d756 you can be confident your optics won\u2019t be the weak link when the moment of truth comes.\" \/>\n<meta property=\"og:url\" content=\"https:\/\/hunter-optics.com\/de\/produkt\/riton-3-primal-3-12x56ir\/\" \/>\n<meta property=\"og:site_name\" content=\"Hunter Optics\" \/>\n<meta property=\"article:modified_time\" content=\"2025-07-24T08:53:39+00:00\" \/>\n<meta property=\"og:image\" content=\"https:\/\/hunter-optics.com\/wp-content\/uploads\/2025\/07\/3-Primal-3-12x56-Angled.webp\" \/>\n\t<meta property=\"og:image:width\" content=\"876\" \/>\n\t<meta property=\"og:image:height\" content=\"876\" \/>\n\t<meta property=\"og:image:type\" content=\"image\/webp\" \/>\n<meta name=\"twitter:card\" content=\"summary_large_image\" \/>\n<meta name=\"twitter:label1\" content=\"Preis\" \/>\n\t<meta name=\"twitter:data1\" content=\"&#036;509.99\" \/>\n\t<meta name=\"twitter:label2\" content=\"Verf\u00fcgbarkeit\" \/>\n\t<meta name=\"twitter:data2\" content=\"Auf Lager\" \/>\n<script type=\"application\/ld+json\" class=\"yoast-schema-graph\">{\"@context\":\"https:\\\/\\\/schema.org\",\"@graph\":[{\"@type\":\"WebPage\",\"@id\":\"https:\\\/\\\/hunter-optics.com\\\/product\\\/riton-3-primal-3-12x56ir\\\/\",\"url\":\"https:\\\/\\\/hunter-optics.com\\\/product\\\/riton-3-primal-3-12x56ir\\\/\",\"name\":\"RIton 3 PRIMAL 3-12\u00d756IR - Hunter Optics\",\"isPartOf\":{\"@id\":\"https:\\\/\\\/hunter-optics.com\\\/#website\"},\"primaryImageOfPage\":{\"@id\":\"https:\\\/\\\/hunter-optics.com\\\/product\\\/riton-3-primal-3-12x56ir\\\/#primaryimage\"},\"image\":{\"@id\":\"https:\\\/\\\/hunter-optics.com\\\/product\\\/riton-3-primal-3-12x56ir\\\/#primaryimage\"},\"thumbnailUrl\":\"https:\\\/\\\/hunter-optics.com\\\/wp-content\\\/uploads\\\/2025\\\/07\\\/3-Primal-3-12x56-Angled.webp\",\"datePublished\":\"2025-07-03T06:09:07+00:00\",\"dateModified\":\"2025-07-24T08:53:39+00:00\",\"breadcrumb\":{\"@id\":\"https:\\\/\\\/hunter-optics.com\\\/product\\\/riton-3-primal-3-12x56ir\\\/#breadcrumb\"},\"inLanguage\":\"de\",\"potentialAction\":[{\"@type\":\"ReadAction\",\"target\":[\"https:\\\/\\\/hunter-optics.com\\\/product\\\/riton-3-primal-3-12x56ir\\\/\"]}]},{\"@type\":\"ImageObject\",\"inLanguage\":\"de\",\"@id\":\"https:\\\/\\\/hunter-optics.com\\\/product\\\/riton-3-primal-3-12x56ir\\\/#primaryimage\",\"url\":\"https:\\\/\\\/hunter-optics.com\\\/wp-content\\\/uploads\\\/2025\\\/07\\\/3-Primal-3-12x56-Angled.webp\",\"contentUrl\":\"https:\\\/\\\/hunter-optics.com\\\/wp-content\\\/uploads\\\/2025\\\/07\\\/3-Primal-3-12x56-Angled.webp\",\"width\":876,\"height\":876},{\"@type\":\"BreadcrumbList\",\"@id\":\"https:\\\/\\\/hunter-optics.com\\\/product\\\/riton-3-primal-3-12x56ir\\\/#breadcrumb\",\"itemListElement\":[{\"@type\":\"ListItem\",\"position\":1,\"name\":\"Home\",\"item\":\"https:\\\/\\\/hunter-optics.com\\\/\"},{\"@type\":\"ListItem\",\"position\":2,\"name\":\"Products\",\"item\":\"https:\\\/\\\/hunter-optics.com\\\/shop\\\/\"},{\"@type\":\"ListItem\",\"position\":3,\"name\":\"RIton 3 PRIMAL 3-12\u00d756IR\"}]},{\"@type\":\"WebSite\",\"@id\":\"https:\\\/\\\/hunter-optics.com\\\/#website\",\"url\":\"https:\\\/\\\/hunter-optics.com\\\/\",\"name\":\"Hunter Optics\",\"description\":\"Hunter Optics \u2014 Your Eye on the Target.\",\"publisher\":{\"@id\":\"https:\\\/\\\/hunter-optics.com\\\/#organization\"},\"potentialAction\":[{\"@type\":\"SearchAction\",\"target\":{\"@type\":\"EntryPoint\",\"urlTemplate\":\"https:\\\/\\\/hunter-optics.com\\\/?s={search_term_string}\"},\"query-input\":{\"@type\":\"PropertyValueSpecification\",\"valueRequired\":true,\"valueName\":\"search_term_string\"}}],\"inLanguage\":\"de\"},{\"@type\":\"Organization\",\"@id\":\"https:\\\/\\\/hunter-optics.com\\\/#organization\",\"name\":\"Hunter Optics\",\"url\":\"https:\\\/\\\/hunter-optics.com\\\/\",\"logo\":{\"@type\":\"ImageObject\",\"inLanguage\":\"de\",\"@id\":\"https:\\\/\\\/hunter-optics.com\\\/#\\\/schema\\\/logo\\\/image\\\/\",\"url\":\"https:\\\/\\\/hunter-optics.com\\\/wp-content\\\/uploads\\\/2025\\\/06\\\/hunter-optics-logo-1.png\",\"contentUrl\":\"https:\\\/\\\/hunter-optics.com\\\/wp-content\\\/uploads\\\/2025\\\/06\\\/hunter-optics-logo-1.png\",\"width\":937,\"height\":373,\"caption\":\"Hunter Optics\"},\"image\":{\"@id\":\"https:\\\/\\\/hunter-optics.com\\\/#\\\/schema\\\/logo\\\/image\\\/\"}}]}<\/script>\n<meta property=\"product:brand\" content=\"Riton\" \/>\n<meta property=\"product:price:amount\" content=\"509.99\" \/>\n<meta property=\"product:price:currency\" content=\"USD\" \/>\n<meta property=\"og:availability\" content=\"instock\" \/>\n<meta property=\"product:availability\" content=\"instock\" \/>\n<meta property=\"product:condition\" content=\"new\" \/>\n<!-- \/ Yoast SEO Premium plugin. -->","yoast_head_json":{"title":"RIton 3 PRIMAL 3-12\u00d756IR - Hunter Optics","robots":{"index":"index","follow":"follow","max-snippet":"max-snippet:-1","max-image-preview":"max-image-preview:large","max-video-preview":"max-video-preview:-1"},"canonical":"https:\/\/hunter-optics.com\/de\/produkt\/riton-3-primal-3-12x56ir\/","og_locale":"de_DE","og_type":"article","og_title":"RIton 3 PRIMAL 3-12\u00d756IR","og_description":"The Riton 3 Primal 3-12\u00d756 is a simple but highly effective hunting optic. Designed with the hunter in mind, an oversized objective maximizes low-light image quality, while the RDH reticle delivers a clear, illuminated aimpoint that shows up even in dark shadows. With the 3 Primal 3-12\u00d756 you can be confident your optics won\u2019t be the weak link when the moment of truth comes.","og_url":"https:\/\/hunter-optics.com\/de\/produkt\/riton-3-primal-3-12x56ir\/","og_site_name":"Hunter Optics","article_modified_time":"2025-07-24T08:53:39+00:00","og_image":[{"width":876,"height":876,"url":"https:\/\/hunter-optics.com\/wp-content\/uploads\/2025\/07\/3-Primal-3-12x56-Angled.webp","type":"image\/webp"}],"twitter_card":"summary_large_image","twitter_misc":{"Preis":"&#36;509.99","Verf\u00fcgbarkeit":"Auf Lager"},"schema":{"@context":"https:\/\/schema.org","@graph":[{"@type":"WebPage","@id":"https:\/\/hunter-optics.com\/product\/riton-3-primal-3-12x56ir\/","url":"https:\/\/hunter-optics.com\/product\/riton-3-primal-3-12x56ir\/","name":"RIton 3 PRIMAL 3-12\u00d756IR - Hunter Optics","isPartOf":{"@id":"https:\/\/hunter-optics.com\/#website"},"primaryImageOfPage":{"@id":"https:\/\/hunter-optics.com\/product\/riton-3-primal-3-12x56ir\/#primaryimage"},"image":{"@id":"https:\/\/hunter-optics.com\/product\/riton-3-primal-3-12x56ir\/#primaryimage"},"thumbnailUrl":"https:\/\/hunter-optics.com\/wp-content\/uploads\/2025\/07\/3-Primal-3-12x56-Angled.webp","datePublished":"2025-07-03T06:09:07+00:00","dateModified":"2025-07-24T08:53:39+00:00","breadcrumb":{"@id":"https:\/\/hunter-optics.com\/product\/riton-3-primal-3-12x56ir\/#breadcrumb"},"inLanguage":"de","potentialAction":[{"@type":"ReadAction","target":["https:\/\/hunter-optics.com\/product\/riton-3-primal-3-12x56ir\/"]}]},{"@type":"ImageObject","inLanguage":"de","@id":"https:\/\/hunter-optics.com\/product\/riton-3-primal-3-12x56ir\/#primaryimage","url":"https:\/\/hunter-optics.com\/wp-content\/uploads\/2025\/07\/3-Primal-3-12x56-Angled.webp","contentUrl":"https:\/\/hunter-optics.com\/wp-content\/uploads\/2025\/07\/3-Primal-3-12x56-Angled.webp","width":876,"height":876},{"@type":"BreadcrumbList","@id":"https:\/\/hunter-optics.com\/product\/riton-3-primal-3-12x56ir\/#breadcrumb","itemListElement":[{"@type":"ListItem","position":1,"name":"Home","item":"https:\/\/hunter-optics.com\/"},{"@type":"ListItem","position":2,"name":"Products","item":"https:\/\/hunter-optics.com\/shop\/"},{"@type":"ListItem","position":3,"name":"RIton 3 PRIMAL 3-12\u00d756IR"}]},{"@type":"WebSite","@id":"https:\/\/hunter-optics.com\/#website","url":"https:\/\/hunter-optics.com\/","name":"J\u00e4ger-Optik","description":"Hunter Optics - Ihr Auge auf dem Ziel.","publisher":{"@id":"https:\/\/hunter-optics.com\/#organization"},"potentialAction":[{"@type":"SearchAction","target":{"@type":"EntryPoint","urlTemplate":"https:\/\/hunter-optics.com\/?s={search_term_string}"},"query-input":{"@type":"PropertyValueSpecification","valueRequired":true,"valueName":"search_term_string"}}],"inLanguage":"de"},{"@type":"Organization","@id":"https:\/\/hunter-optics.com\/#organization","name":"J\u00e4ger-Optik","url":"https:\/\/hunter-optics.com\/","logo":{"@type":"ImageObject","inLanguage":"de","@id":"https:\/\/hunter-optics.com\/#\/schema\/logo\/image\/","url":"https:\/\/hunter-optics.com\/wp-content\/uploads\/2025\/06\/hunter-optics-logo-1.png","contentUrl":"https:\/\/hunter-optics.com\/wp-content\/uploads\/2025\/06\/hunter-optics-logo-1.png","width":937,"height":373,"caption":"Hunter Optics"},"image":{"@id":"https:\/\/hunter-optics.com\/#\/schema\/logo\/image\/"}}]},"product_brand":"Riton","product_price_amount":"509.99","product_price_currency":"USD","og_availability":"instock","product_availability":"instock","product_condition":"new"},"_links":{"self":[{"href":"https:\/\/hunter-optics.com\/de\/wp-json\/wp\/v2\/product\/1285","targetHints":{"allow":["GET"]}}],"collection":[{"href":"https:\/\/hunter-optics.com\/de\/wp-json\/wp\/v2\/product"}],"about":[{"href":"https:\/\/hunter-optics.com\/de\/wp-json\/wp\/v2\/types\/product"}],"replies":[{"embeddable":true,"href":"https:\/\/hunter-optics.com\/de\/wp-json\/wp\/v2\/comments?post=1285"}],"version-history":[{"count":2,"href":"https:\/\/hunter-optics.com\/de\/wp-json\/wp\/v2\/product\/1285\/revisions"}],"predecessor-version":[{"id":1324,"href":"https:\/\/hunter-optics.com\/de\/wp-json\/wp\/v2\/product\/1285\/revisions\/1324"}],"wp:featuredmedia":[{"embeddable":true,"href":"https:\/\/hunter-optics.com\/de\/wp-json\/wp\/v2\/media\/1286"}],"wp:attachment":[{"href":"https:\/\/hunter-optics.com\/de\/wp-json\/wp\/v2\/media?parent=1285"}],"wp:term":[{"taxonomy":"brand","embeddable":true,"href":"https:\/\/hunter-optics.com\/de\/wp-json\/wp\/v2\/etheme_brands?post=1285"},{"taxonomy":"product_brand","embeddable":true,"href":"https:\/\/hunter-optics.com\/de\/wp-json\/wp\/v2\/product_brand?post=1285"},{"taxonomy":"product_cat","embeddable":true,"href":"https:\/\/hunter-optics.com\/de\/wp-json\/wp\/v2\/product_cat?post=1285"},{"taxonomy":"product_tag","embeddable":true,"href":"https:\/\/hunter-optics.com\/de\/wp-json\/wp\/v2\/product_tag?post=1285"}],"curies":[{"name":"wp","href":"https:\/\/api.w.org\/{rel}","templated":true}]}}