{"id":1246,"date":"2025-07-03T02:53:12","date_gmt":"2025-07-03T02:53:12","guid":{"rendered":"https:\/\/hunter-optics.com\/?post_type=product&#038;p=1246"},"modified":"2025-07-24T08:53:25","modified_gmt":"2025-07-24T08:53:25","slug":"riton-3-tactix-1-8x24-blk","status":"publish","type":"product","link":"https:\/\/hunter-optics.com\/de\/produkt\/riton-3-tactix-1-8x24-blk\/","title":{"rendered":"Riton 3 TACTIX 1-8\u00d724 BLK"},"content":{"rendered":"<h3 id=\"brxe-wmwgnk\" class=\"brxe-heading h4\">BEREIT BLEIBEN - ANPASSUNGSF\u00c4HIG BLEIBEN<\/h3>\n<div id=\"brxe-hqsamv\" class=\"brxe-text-basic tir-video__subtitle\">3 TAKTIX 1-8\u00d724<\/div>\n<div id=\"brxe-uenhta\" class=\"brxe-text prod-video__txt\">\n<p><strong>MEISTER ALLER BEREICHE<\/strong><\/p>\n<p>Die\u00a0<strong>3 Tactix 1-8\u00d724 LPVO<\/strong>\u00a0zeichnet sich sowohl bei Nah- als auch bei Fernzielen aus. Egal, ob Sie Ziele im Nahbereich schnell ausschalten m\u00fcssen oder etwas Zeit haben, um auf ein Ziel mit etwas Abstand zu schie\u00dfen, Sie k\u00f6nnen sicher sein, dass die CQB- und Langstreckenf\u00e4higkeiten des 3 Tactix 1-8\u00d724 f\u00fcr Sie geeignet sind.<\/p>\n<p><strong>RASCHE VERGR\u00d6SSERUNG UNTER ALLEN BEDINGUNGEN<\/strong><\/p>\n<p>Das 3 Tactix 1-8 verf\u00fcgt \u00fcber das zum Patent angemeldete Dual Throw Lever System von Riton, das sich perfekt f\u00fcr Anwendungen eignet, bei denen Sie die Vergr\u00f6\u00dferungsstufen schnell wechseln m\u00fcssen, um das Ziel zu erreichen. Mit mehreren Positionen f\u00fcr den Wurfhebel und mehreren H\u00f6hen zur Auswahl k\u00f6nnen Sie Ihr Setup an Ihre Schie\u00dfgewohnheiten anpassen. Ganz gleich, ob Sie Gewicht sparen und ein niedriges Profil beibehalten wollen oder ob Sie Ihre Vergr\u00f6\u00dferung mit Handschuhen oder unter rutschigen oder nassen Bedingungen bedienen m\u00fcssen, das Dual Throw Lever System bietet die Art von Modularit\u00e4t und Anpassung, die Sie ben\u00f6tigen.<\/p>\n<p><strong>GESCHAFFEN F\u00dcR LAST<\/strong><\/p>\n<p>Das Riton\u00a0<strong>3 Tactix 1-8\u00d724<\/strong>, Der 1-8 ist f\u00fcr die Elemente, St\u00f6\u00dfe und alles, was dazwischen liegt, gebaut und h\u00e4lt dabei die Pr\u00e4zision aufrecht. Das aus 6061-T6-Aluminium in Flugzeugqualit\u00e4t gefertigte 1-8 ist auf Langlebigkeit ausgelegt und h\u00e4lt allen Bedingungen stand, denen Sie begegnen k\u00f6nnten. Wie alle Riton-Zielfernrohre ist auch das 3 Tactix 1-8 bis zu 1.200 Gs sto\u00dfgepr\u00fcft, f\u00fcr Luftgewehre zugelassen und wird von der eingeschr\u00e4nkten lebenslangen Garantie von Riton unterst\u00fctzt. Unabh\u00e4ngig von Ihrer Anwendung ist das Riton 3 Tactix 1-8\u00d724 so gebaut, dass es ohne Leistungseinbu\u00dfen auskommt.<\/p>\n<h3 id=\"brxe-ztlivr\" class=\"brxe-heading prod-tabs__title\">Absehen Informationen:<\/h3>\n<p id=\"brxe-grjall\" class=\"brxe-text-basic prod-reticle-name\">RETICLE: OT<\/p>\n<div id=\"brxe-rkyybx\" class=\"brxe-text-basic prod-ret__txt\">\n<p>Die\u00a0<strong>OT-Absehen<\/strong>\u00a0eignet sich perfekt f\u00fcr taktische Anwendungen und kann f\u00fcr die Jagd angepasst werden. Das beleuchtete Design verbessert die Sichtbarkeit unter allen Bedingungen, w\u00e4hrend die detaillierten Griffschalen schnelle, pr\u00e4zise Sch\u00fcsse auf unterschiedliche Entfernungen erm\u00f6glichen und eine gleichbleibende Leistung sowohl im Nah- als auch im Fernkampf gew\u00e4hrleisten.<\/p>\n<h3 id=\"brxe-qcmket\" class=\"brxe-heading prod-tabs__title\">Wesentliche Merkmale:<\/h3>\n<div id=\"brxe-pnyzeh\" class=\"brxe-block prod-tab-feature\">\n<div class=\"brxe-xfsvub brxe-block prod-tab-key-loop\"><img loading=\"lazy\" decoding=\"async\" class=\"brxe-rtihxw brxe-image prod-feature__icon css-filter size-full\" src=\"https:\/\/ritonoptics.com\/wp-content\/uploads\/dry-nitrogen-purged-and-sealed-1.png\" alt=\"\" width=\"72\" height=\"74\" \/><\/p>\n<div class=\"brxe-anynyj brxe-div\">\n<p class=\"brxe-abizyp brxe-text-basic prod-feature__title\">Mit trockenem Stickstoff gesp\u00fclt und versiegelt<\/p>\n<p class=\"brxe-lprtvs brxe-text-basic prod-feature__txt\">Unter Verwendung von Stickstoffgas wird die Optik gesp\u00fclt und versiegelt, um eine optimale Leistung unter allen Wetterbedingungen f\u00fcr die gesamte Lebensdauer der...<\/p>\n<\/div>\n<\/div>\n<div class=\"brxe-xfsvub brxe-block prod-tab-key-loop\"><img loading=\"lazy\" decoding=\"async\" class=\"brxe-rtihxw brxe-image prod-feature__icon css-filter size-full\" src=\"https:\/\/ritonoptics.com\/wp-content\/uploads\/precision-quality-1.png\" alt=\"\" width=\"72\" height=\"74\" \/><\/p>\n<div class=\"brxe-anynyj brxe-div\">\n<p class=\"brxe-abizyp brxe-text-basic prod-feature__title\">Pr\u00e4zisions-Qualit\u00e4tssicherung<\/p>\n<p class=\"brxe-lprtvs brxe-text-basic prod-feature__txt\">Jedes Riton-Produkt durchl\u00e4uft einen strengen Qualit\u00e4tskontrollprozess durch zertifizierte Techniker in Tucson, AZ. Jedes Produkt, das Sie erhalten, wurde einer...<\/p>\n<\/div>\n<\/div>\n<div class=\"brxe-xfsvub brxe-block prod-tab-key-loop\"><img loading=\"lazy\" decoding=\"async\" class=\"brxe-rtihxw brxe-image prod-feature__icon css-filter size-full\" src=\"https:\/\/ritonoptics.com\/wp-content\/uploads\/hd-glass-1.png\" alt=\"\" width=\"72\" height=\"74\" \/><\/p>\n<div class=\"brxe-anynyj brxe-div\">\n<p class=\"brxe-abizyp brxe-text-basic prod-feature__title\">Riton HD Glas<\/p>\n<p class=\"brxe-lprtvs brxe-text-basic prod-feature__txt\">Das Riton High Density (HD)-Glas bietet 99,5% Lichtdurchl\u00e4ssigkeit f\u00fcr verbesserte Klarheit und ein optimales Sichtbild.<\/p>\n<\/div>\n<\/div>\n<div class=\"brxe-xfsvub brxe-block prod-tab-key-loop\"><img loading=\"lazy\" decoding=\"async\" class=\"brxe-rtihxw brxe-image prod-feature__icon css-filter size-full\" src=\"https:\/\/ritonoptics.com\/wp-content\/uploads\/performance-coating-1.png\" alt=\"\" width=\"72\" height=\"74\" \/><\/p>\n<div class=\"brxe-anynyj brxe-div\">\n<p class=\"brxe-abizyp brxe-text-basic prod-feature__title\">Riton Performance-Beschichtung<\/p>\n<p class=\"brxe-lprtvs brxe-text-basic prod-feature__txt\">Alle Riton-Optiken sind mit propriet\u00e4ren, mehrfach beschichteten Linsen ausgestattet, die eine Verbesserung der Lichtverh\u00e4ltnisse, eine Breitband-, Anti-Kratz- und Anti-Reflex-Beschichtung f\u00fcr...<\/p>\n<\/div>\n<\/div>\n<div class=\"brxe-xfsvub brxe-block prod-tab-key-loop\"><img loading=\"lazy\" decoding=\"async\" class=\"brxe-rtihxw brxe-image prod-feature__icon css-filter size-full\" src=\"https:\/\/ritonoptics.com\/wp-content\/uploads\/rugged-construction-1.png\" alt=\"\" width=\"72\" height=\"74\" \/><\/p>\n<div class=\"brxe-anynyj brxe-div\">\n<p class=\"brxe-abizyp brxe-text-basic prod-feature__title\">Riton Robuste Konstruktion<\/p>\n<p class=\"brxe-lprtvs brxe-text-basic prod-feature__txt\">Die robuste Konstruktion von Riton umfasst die Verwendung von 6061-T6-Aluminium in Flugzeugqualit\u00e4t, CNC-gefr\u00e4ste Rohre aus einem St\u00fcck und Typ III Hartanodisierung....<\/p>\n<\/div>\n<\/div>\n<div class=\"brxe-xfsvub brxe-block prod-tab-key-loop\"><img loading=\"lazy\" decoding=\"async\" class=\"brxe-rtihxw brxe-image prod-feature__icon css-filter size-full\" src=\"https:\/\/ritonoptics.com\/wp-content\/uploads\/airgun-approved-1.png\" alt=\"\" width=\"72\" height=\"74\" \/><\/p>\n<div class=\"brxe-anynyj brxe-div\">\n<p class=\"brxe-abizyp brxe-text-basic prod-feature__title\">Luftgewehr zugelassen<\/p>\n<p class=\"brxe-lprtvs brxe-text-basic prod-feature__txt\">Riton-Zielfernrohre sind hoch bewertet und f\u00fcr die Verwendung mit Luftdruckwaffen geeignet. Sie bieten Langlebigkeit und hervorragende optische Klarheit. Entwickelt, um dem einzigartigen R\u00fccksto\u00df zu widerstehen...<\/p>\n<h3 id=\"brxe-qzyxzy\" class=\"brxe-heading prod-tabs__title\">Vollst\u00e4ndige Specs:<\/h3>\n<div class=\"brxe-zlpnap brxe-block prod-tab-spec-loop\">\n<p class=\"brxe-ibnnrs brxe-text-basic tab-spec__value\">Vergr\u00f6\u00dferung:1-8<\/p>\n<\/div>\n<div class=\"brxe-zlpnap brxe-block prod-tab-spec-loop\">\n<p class=\"brxe-ibnnrs brxe-text-basic tab-spec__value\">Parallaxeneinstellung: Fest auf 100 Yards<\/p>\n<\/div>\n<div class=\"brxe-zlpnap brxe-block prod-tab-spec-loop\">\n<p class=\"brxe-ibnnrs brxe-text-basic tab-spec__value\">Rohrdurchmesser:30mm<\/p>\n<\/div>\n<div class=\"brxe-zlpnap brxe-block prod-tab-spec-loop\">\n<p class=\"brxe-ibnnrs brxe-text-basic tab-spec__value\">Objektivdurchmesser:24mm<\/p>\n<\/div>\n<div class=\"brxe-zlpnap brxe-block prod-tab-spec-loop\">\n<p class=\"brxe-ibnnrs brxe-text-basic tab-spec__value\">Brennebene:Zweite Brennebene<\/p>\n<\/div>\n<div class=\"brxe-zlpnap brxe-block prod-tab-spec-loop\">\n<p class=\"brxe-ibnnrs brxe-text-basic tab-spec__value\">Objektivbeschichtung: Voll multiverg\u00fctet, Breitbandbeschichtung, wasserdichte Beschichtung, Low Light Enhancement<\/p>\n<\/div>\n<div class=\"brxe-zlpnap brxe-block prod-tab-spec-loop\">\n<p class=\"brxe-ibnnrs brxe-text-basic tab-spec__value\">Absehen:OT, beleuchtet<\/p>\n<\/div>\n<div class=\"brxe-zlpnap brxe-block prod-tab-spec-loop\">\n<p class=\"brxe-ibnnrs brxe-text-basic tab-spec__value\">Sichtfeld bei 100 Yards: 105.8ft - 13.1ft<\/p>\n<\/div>\n<div class=\"brxe-zlpnap brxe-block prod-tab-spec-loop\">\n<p class=\"brxe-ibnnrs brxe-text-basic tab-spec__value\">Werkstoff:6061-T6<\/p>\n<\/div>\n<div class=\"brxe-zlpnap brxe-block prod-tab-spec-loop\">\n<p class=\"brxe-ibnnrs brxe-text-basic tab-spec__value\">Augenabstand:3.5in\/90mm<\/p>\n<\/div>\n<div class=\"brxe-zlpnap brxe-block prod-tab-spec-loop\">\n<p class=\"brxe-ibnnrs brxe-text-basic tab-spec__value\">Austrittspupille: Niedrig 7,5 mm - Hoch 3 mm<\/p>\n<\/div>\n<div class=\"brxe-zlpnap brxe-block prod-tab-spec-loop\">\n<p class=\"brxe-ibnnrs brxe-text-basic tab-spec__value\">Klickwert auf 100 Yards: 1\/2 MOA<\/p>\n<\/div>\n<div class=\"brxe-zlpnap brxe-block prod-tab-spec-loop\">\n<p class=\"brxe-ibnnrs brxe-text-basic tab-spec__value\">Verstellbereich:120 MOA<\/p>\n<\/div>\n<div class=\"brxe-zlpnap brxe-block prod-tab-spec-loop\">\n<p class=\"brxe-ibnnrs brxe-text-basic tab-spec__value\">Montage L\u00e4nge:6.75in\/171mm<\/p>\n<\/div>\n<div class=\"brxe-zlpnap brxe-block prod-tab-spec-loop\">\n<p class=\"brxe-ibnnrs brxe-text-basic tab-spec__value\">L\u00e4nge:10.83in\/275mm<\/p>\n<\/div>\n<div class=\"brxe-zlpnap brxe-block prod-tab-spec-loop\">\n<p class=\"brxe-ibnnrs brxe-text-basic tab-spec__value\">Gewicht:1.6lbs\/25.6oz<\/p>\n<\/div>\n<div class=\"brxe-zlpnap brxe-block prod-tab-spec-loop\">\n<p class=\"brxe-ibnnrs brxe-text-basic tab-spec__value\">Mitgeliefertes Zubeh\u00f6r: Flip Up Lens Covers, Objektivtuch, Inbusschl\u00fcssel<\/p>\n<\/div>\n<\/div>\n<\/div>\n<\/div>\n<\/div>\n<\/div>","protected":false},"excerpt":{"rendered":"<div id=\"brxe-hxkylx\" class=\"brxe-product-short-description prod-single__txt\">\n<div class=\"woocommerce-product-details__short-description\">\n<p>Die\u00a0<strong>Riton 3 Tactix 1-8\u00d724 LPVO<\/strong> (variable Optik mit geringer Leistung) ist die ultimative optische L\u00f6sung f\u00fcr eine breite Palette von Gewehren. Von der modernen Mehrzweck-Sportwaffe bis hin zur Hebelflinte, die Sie f\u00fcr die Jagd in dichter Deckung verwenden. Mit einem Absehen in der zweiten Brennebene, das bei niedrigen Vergr\u00f6\u00dferungsstufen wie ein roter Punkt wirkt, bis hin zu einem Fernziel bei h\u00f6heren Vergr\u00f6\u00dferungsstufen, eignet sich diese Optik f\u00fcr jede Anwendung, von der Heimverteidigung bis zur Jagd und praktisch alles dazwischen.<\/p>\n<\/div>\n<\/div>","protected":false},"featured_media":1247,"comment_status":"open","ping_status":"closed","template":"","meta":[],"etheme_brands":[{"term_id":44,"name":"Riton","slug":"riton","term_group":0,"term_taxonomy_id":44,"taxonomy":"brand","description":"","parent":0,"count":18,"filter":"raw"}],"product_brand":[],"product_cat":[49],"product_tag":[],"class_list":{"0":"post-1246","1":"product","2":"type-product","3":"status-publish","4":"has-post-thumbnail","6":"brand-riton","7":"product_cat-rifle-scopes","9":"first","10":"instock","11":"sale","12":"taxable","13":"shipping-taxable","14":"purchasable","15":"product-type-simple"},"yoast_head":"<!-- This site is optimized with the Yoast SEO Premium plugin v25.7.1 (Yoast SEO v27.4) - https:\/\/yoast.com\/product\/yoast-seo-premium-wordpress\/ -->\n<title>Riton 3 TACTIX 1-8\u00d724 BLK - Hunter Optics<\/title>\n<meta name=\"robots\" content=\"index, follow, max-snippet:-1, max-image-preview:large, max-video-preview:-1\" \/>\n<link rel=\"canonical\" href=\"https:\/\/hunter-optics.com\/de\/produkt\/riton-3-tactix-1-8x24-blk\/\" \/>\n<meta property=\"og:locale\" content=\"de_DE\" \/>\n<meta property=\"og:type\" content=\"article\" \/>\n<meta property=\"og:title\" content=\"Riton 3 TACTIX 1-8\u00d724 BLK\" \/>\n<meta property=\"og:description\" content=\"The\u00a0Riton 3 Tactix 1-8\u00d724 LPVO (low power variable optic) is the ultimate optical solution for a wide array of rifles. From a multipurpose modern sporting rifle, to that lever gun you use to hunt in dense cover. With a second focal plane reticle that acts similar to a red dot on low magnification levels, to a long range beast on higher magnification levels, this optic fits every application from home defense to hunting and virtually everything in between.\" \/>\n<meta property=\"og:url\" content=\"https:\/\/hunter-optics.com\/de\/produkt\/riton-3-tactix-1-8x24-blk\/\" \/>\n<meta property=\"og:site_name\" content=\"Hunter Optics\" \/>\n<meta property=\"article:modified_time\" content=\"2025-07-24T08:53:25+00:00\" \/>\n<meta property=\"og:image\" content=\"https:\/\/hunter-optics.com\/wp-content\/uploads\/2025\/07\/3-Tactix-1-8x24-Black-Angled.webp\" \/>\n\t<meta property=\"og:image:width\" content=\"876\" \/>\n\t<meta property=\"og:image:height\" content=\"876\" \/>\n\t<meta property=\"og:image:type\" content=\"image\/webp\" \/>\n<meta name=\"twitter:card\" content=\"summary_large_image\" \/>\n<meta name=\"twitter:label1\" content=\"Preis\" \/>\n\t<meta name=\"twitter:data1\" content=\"&#036;469.99\" \/>\n\t<meta name=\"twitter:label2\" content=\"Verf\u00fcgbarkeit\" \/>\n\t<meta name=\"twitter:data2\" content=\"Auf Lager\" \/>\n<script type=\"application\/ld+json\" class=\"yoast-schema-graph\">{\"@context\":\"https:\\\/\\\/schema.org\",\"@graph\":[{\"@type\":\"WebPage\",\"@id\":\"https:\\\/\\\/hunter-optics.com\\\/product\\\/riton-3-tactix-1-8x24-blk\\\/\",\"url\":\"https:\\\/\\\/hunter-optics.com\\\/product\\\/riton-3-tactix-1-8x24-blk\\\/\",\"name\":\"Riton 3 TACTIX 1-8\u00d724 BLK - Hunter Optics\",\"isPartOf\":{\"@id\":\"https:\\\/\\\/hunter-optics.com\\\/#website\"},\"primaryImageOfPage\":{\"@id\":\"https:\\\/\\\/hunter-optics.com\\\/product\\\/riton-3-tactix-1-8x24-blk\\\/#primaryimage\"},\"image\":{\"@id\":\"https:\\\/\\\/hunter-optics.com\\\/product\\\/riton-3-tactix-1-8x24-blk\\\/#primaryimage\"},\"thumbnailUrl\":\"https:\\\/\\\/hunter-optics.com\\\/wp-content\\\/uploads\\\/2025\\\/07\\\/3-Tactix-1-8x24-Black-Angled.webp\",\"datePublished\":\"2025-07-03T02:53:12+00:00\",\"dateModified\":\"2025-07-24T08:53:25+00:00\",\"breadcrumb\":{\"@id\":\"https:\\\/\\\/hunter-optics.com\\\/product\\\/riton-3-tactix-1-8x24-blk\\\/#breadcrumb\"},\"inLanguage\":\"de\",\"potentialAction\":[{\"@type\":\"ReadAction\",\"target\":[\"https:\\\/\\\/hunter-optics.com\\\/product\\\/riton-3-tactix-1-8x24-blk\\\/\"]}]},{\"@type\":\"ImageObject\",\"inLanguage\":\"de\",\"@id\":\"https:\\\/\\\/hunter-optics.com\\\/product\\\/riton-3-tactix-1-8x24-blk\\\/#primaryimage\",\"url\":\"https:\\\/\\\/hunter-optics.com\\\/wp-content\\\/uploads\\\/2025\\\/07\\\/3-Tactix-1-8x24-Black-Angled.webp\",\"contentUrl\":\"https:\\\/\\\/hunter-optics.com\\\/wp-content\\\/uploads\\\/2025\\\/07\\\/3-Tactix-1-8x24-Black-Angled.webp\",\"width\":876,\"height\":876},{\"@type\":\"BreadcrumbList\",\"@id\":\"https:\\\/\\\/hunter-optics.com\\\/product\\\/riton-3-tactix-1-8x24-blk\\\/#breadcrumb\",\"itemListElement\":[{\"@type\":\"ListItem\",\"position\":1,\"name\":\"Home\",\"item\":\"https:\\\/\\\/hunter-optics.com\\\/\"},{\"@type\":\"ListItem\",\"position\":2,\"name\":\"Products\",\"item\":\"https:\\\/\\\/hunter-optics.com\\\/shop\\\/\"},{\"@type\":\"ListItem\",\"position\":3,\"name\":\"Riton 3 TACTIX 1-8\u00d724 BLK\"}]},{\"@type\":\"WebSite\",\"@id\":\"https:\\\/\\\/hunter-optics.com\\\/#website\",\"url\":\"https:\\\/\\\/hunter-optics.com\\\/\",\"name\":\"Hunter Optics\",\"description\":\"Hunter Optics \u2014 Your Eye on the Target.\",\"publisher\":{\"@id\":\"https:\\\/\\\/hunter-optics.com\\\/#organization\"},\"potentialAction\":[{\"@type\":\"SearchAction\",\"target\":{\"@type\":\"EntryPoint\",\"urlTemplate\":\"https:\\\/\\\/hunter-optics.com\\\/?s={search_term_string}\"},\"query-input\":{\"@type\":\"PropertyValueSpecification\",\"valueRequired\":true,\"valueName\":\"search_term_string\"}}],\"inLanguage\":\"de\"},{\"@type\":\"Organization\",\"@id\":\"https:\\\/\\\/hunter-optics.com\\\/#organization\",\"name\":\"Hunter Optics\",\"url\":\"https:\\\/\\\/hunter-optics.com\\\/\",\"logo\":{\"@type\":\"ImageObject\",\"inLanguage\":\"de\",\"@id\":\"https:\\\/\\\/hunter-optics.com\\\/#\\\/schema\\\/logo\\\/image\\\/\",\"url\":\"https:\\\/\\\/hunter-optics.com\\\/wp-content\\\/uploads\\\/2025\\\/06\\\/hunter-optics-logo-1.png\",\"contentUrl\":\"https:\\\/\\\/hunter-optics.com\\\/wp-content\\\/uploads\\\/2025\\\/06\\\/hunter-optics-logo-1.png\",\"width\":937,\"height\":373,\"caption\":\"Hunter Optics\"},\"image\":{\"@id\":\"https:\\\/\\\/hunter-optics.com\\\/#\\\/schema\\\/logo\\\/image\\\/\"}}]}<\/script>\n<meta property=\"product:brand\" content=\"Riton\" \/>\n<meta property=\"product:price:amount\" content=\"469.99\" \/>\n<meta property=\"product:price:currency\" content=\"USD\" \/>\n<meta property=\"og:availability\" content=\"instock\" \/>\n<meta property=\"product:availability\" content=\"instock\" \/>\n<meta property=\"product:condition\" content=\"new\" \/>\n<!-- \/ Yoast SEO Premium plugin. -->","yoast_head_json":{"title":"Riton 3 TACTIX 1-8\u00d724 BLK - J\u00e4ger-Optik","robots":{"index":"index","follow":"follow","max-snippet":"max-snippet:-1","max-image-preview":"max-image-preview:large","max-video-preview":"max-video-preview:-1"},"canonical":"https:\/\/hunter-optics.com\/de\/produkt\/riton-3-tactix-1-8x24-blk\/","og_locale":"de_DE","og_type":"article","og_title":"Riton 3 TACTIX 1-8\u00d724 BLK","og_description":"The\u00a0Riton 3 Tactix 1-8\u00d724 LPVO (low power variable optic) is the ultimate optical solution for a wide array of rifles. From a multipurpose modern sporting rifle, to that lever gun you use to hunt in dense cover. With a second focal plane reticle that acts similar to a red dot on low magnification levels, to a long range beast on higher magnification levels, this optic fits every application from home defense to hunting and virtually everything in between.","og_url":"https:\/\/hunter-optics.com\/de\/produkt\/riton-3-tactix-1-8x24-blk\/","og_site_name":"Hunter Optics","article_modified_time":"2025-07-24T08:53:25+00:00","og_image":[{"width":876,"height":876,"url":"https:\/\/hunter-optics.com\/wp-content\/uploads\/2025\/07\/3-Tactix-1-8x24-Black-Angled.webp","type":"image\/webp"}],"twitter_card":"summary_large_image","twitter_misc":{"Preis":"&#36;469.99","Verf\u00fcgbarkeit":"Auf Lager"},"schema":{"@context":"https:\/\/schema.org","@graph":[{"@type":"WebPage","@id":"https:\/\/hunter-optics.com\/product\/riton-3-tactix-1-8x24-blk\/","url":"https:\/\/hunter-optics.com\/product\/riton-3-tactix-1-8x24-blk\/","name":"Riton 3 TACTIX 1-8\u00d724 BLK - J\u00e4ger-Optik","isPartOf":{"@id":"https:\/\/hunter-optics.com\/#website"},"primaryImageOfPage":{"@id":"https:\/\/hunter-optics.com\/product\/riton-3-tactix-1-8x24-blk\/#primaryimage"},"image":{"@id":"https:\/\/hunter-optics.com\/product\/riton-3-tactix-1-8x24-blk\/#primaryimage"},"thumbnailUrl":"https:\/\/hunter-optics.com\/wp-content\/uploads\/2025\/07\/3-Tactix-1-8x24-Black-Angled.webp","datePublished":"2025-07-03T02:53:12+00:00","dateModified":"2025-07-24T08:53:25+00:00","breadcrumb":{"@id":"https:\/\/hunter-optics.com\/product\/riton-3-tactix-1-8x24-blk\/#breadcrumb"},"inLanguage":"de","potentialAction":[{"@type":"ReadAction","target":["https:\/\/hunter-optics.com\/product\/riton-3-tactix-1-8x24-blk\/"]}]},{"@type":"ImageObject","inLanguage":"de","@id":"https:\/\/hunter-optics.com\/product\/riton-3-tactix-1-8x24-blk\/#primaryimage","url":"https:\/\/hunter-optics.com\/wp-content\/uploads\/2025\/07\/3-Tactix-1-8x24-Black-Angled.webp","contentUrl":"https:\/\/hunter-optics.com\/wp-content\/uploads\/2025\/07\/3-Tactix-1-8x24-Black-Angled.webp","width":876,"height":876},{"@type":"BreadcrumbList","@id":"https:\/\/hunter-optics.com\/product\/riton-3-tactix-1-8x24-blk\/#breadcrumb","itemListElement":[{"@type":"ListItem","position":1,"name":"Home","item":"https:\/\/hunter-optics.com\/"},{"@type":"ListItem","position":2,"name":"Products","item":"https:\/\/hunter-optics.com\/shop\/"},{"@type":"ListItem","position":3,"name":"Riton 3 TACTIX 1-8\u00d724 BLK"}]},{"@type":"WebSite","@id":"https:\/\/hunter-optics.com\/#website","url":"https:\/\/hunter-optics.com\/","name":"J\u00e4ger-Optik","description":"Hunter Optics - Ihr Auge auf dem Ziel.","publisher":{"@id":"https:\/\/hunter-optics.com\/#organization"},"potentialAction":[{"@type":"SearchAction","target":{"@type":"EntryPoint","urlTemplate":"https:\/\/hunter-optics.com\/?s={search_term_string}"},"query-input":{"@type":"PropertyValueSpecification","valueRequired":true,"valueName":"search_term_string"}}],"inLanguage":"de"},{"@type":"Organization","@id":"https:\/\/hunter-optics.com\/#organization","name":"J\u00e4ger-Optik","url":"https:\/\/hunter-optics.com\/","logo":{"@type":"ImageObject","inLanguage":"de","@id":"https:\/\/hunter-optics.com\/#\/schema\/logo\/image\/","url":"https:\/\/hunter-optics.com\/wp-content\/uploads\/2025\/06\/hunter-optics-logo-1.png","contentUrl":"https:\/\/hunter-optics.com\/wp-content\/uploads\/2025\/06\/hunter-optics-logo-1.png","width":937,"height":373,"caption":"Hunter Optics"},"image":{"@id":"https:\/\/hunter-optics.com\/#\/schema\/logo\/image\/"}}]},"product_brand":"Riton","product_price_amount":"469.99","product_price_currency":"USD","og_availability":"instock","product_availability":"instock","product_condition":"new"},"_links":{"self":[{"href":"https:\/\/hunter-optics.com\/de\/wp-json\/wp\/v2\/product\/1246","targetHints":{"allow":["GET"]}}],"collection":[{"href":"https:\/\/hunter-optics.com\/de\/wp-json\/wp\/v2\/product"}],"about":[{"href":"https:\/\/hunter-optics.com\/de\/wp-json\/wp\/v2\/types\/product"}],"replies":[{"embeddable":true,"href":"https:\/\/hunter-optics.com\/de\/wp-json\/wp\/v2\/comments?post=1246"}],"version-history":[{"count":2,"href":"https:\/\/hunter-optics.com\/de\/wp-json\/wp\/v2\/product\/1246\/revisions"}],"predecessor-version":[{"id":1277,"href":"https:\/\/hunter-optics.com\/de\/wp-json\/wp\/v2\/product\/1246\/revisions\/1277"}],"wp:featuredmedia":[{"embeddable":true,"href":"https:\/\/hunter-optics.com\/de\/wp-json\/wp\/v2\/media\/1247"}],"wp:attachment":[{"href":"https:\/\/hunter-optics.com\/de\/wp-json\/wp\/v2\/media?parent=1246"}],"wp:term":[{"taxonomy":"brand","embeddable":true,"href":"https:\/\/hunter-optics.com\/de\/wp-json\/wp\/v2\/etheme_brands?post=1246"},{"taxonomy":"product_brand","embeddable":true,"href":"https:\/\/hunter-optics.com\/de\/wp-json\/wp\/v2\/product_brand?post=1246"},{"taxonomy":"product_cat","embeddable":true,"href":"https:\/\/hunter-optics.com\/de\/wp-json\/wp\/v2\/product_cat?post=1246"},{"taxonomy":"product_tag","embeddable":true,"href":"https:\/\/hunter-optics.com\/de\/wp-json\/wp\/v2\/product_tag?post=1246"}],"curies":[{"name":"wp","href":"https:\/\/api.w.org\/{rel}","templated":true}]}}